{"id":42401,"date":"2025-11-22T14:25:25","date_gmt":"2025-11-22T12:25:25","guid":{"rendered":"https:\/\/www.nordi.ee\/?post_type=product&#038;p=42401"},"modified":"2025-11-23T21:01:25","modified_gmt":"2025-11-23T19:01:25","slug":"puitvitriin-mono-loft-07","status":"publish","type":"product","link":"https:\/\/www.nordi.ee\/en\/toode\/puitvitriin-mono-loft-07\/","title":{"rendered":"Puitvitriin Mono LOFT 07"},"content":{"rendered":"","protected":false},"excerpt":{"rendered":"<p><strong>Tooteinfo<\/strong><\/p>\n<p><strong>Puitrriiief Mono Loft 07<\/strong> pikkusega 120 cm sobib kaasaegsesse ja minimalistlikku interj\u00f6\u00f6ri. \u00dchendades riiuli ja vitriini, pakub see samaaegselt nii ladustamisruumi kui ka elegantset eksponeerimist. M\u00f6\u00f6bel sobib nii kodu kui ka b\u00fcroo jaoks. Vitriin koosneb kahest suletud osast ning keskosast, mis on avatud ja kus asuvad funktsionaalsed riiulid. Vitriini klaassegmendis asub <strong>klaasriiul<\/strong>, \u00fclej\u00e4\u00e4nud osad on valmistatud <strong>lamineeritud plaadist<\/strong>. Nii suur ladustamisruum v\u00f5imaldab ideaalselt organiseerida ruumi, paigutades k\u00f5ige vajalikud esemed.<\/p>\n<p>M\u00f6\u00f6bli esipaneel on valmistatud <strong>t\u00e4ispuidust tamme Bianco tooni<\/strong> ja sellega on integreeritud klaas, samas kui korpus (laud, k\u00fcljed ja vitriini sisemus) on valmistatud <strong>lamineeritud plaadist<\/strong>, mis sobib puidust esipaneelide v\u00e4rviga. Kogu kompositisioon on t\u00e4iendatud mustade metallist k\u00e4epidemetega, mis koos kullakarva, \u00f5litatud tamme puiduga, lisavad sinu interj\u00f6\u00f6rile stiili ja elegantsi. Klaasriiuli valgustuse paigaldamise v\u00f5imalus loob hubase efekti. <strong>Siseseisundid<\/strong> tagavad vitriini stabiilsuse, samas kui <strong>vaikne sulgumine<\/strong> ustel garanteerib h\u00e4\u00e4ltevaikuse. Valides vitriini Mono 07, teed sa algtasemel kvaliteedi ja erakordse funktsionaalsuse valiku, mis on ajatu.<\/p>\n<p><strong>M\u00f6\u00f6bel saadetakse 3 pakendis ja on m\u00f5eldud iseseisvaks kokkupanekuks.<\/strong><\/p>\n<div><\/div>\n<h4>Konstruktsioon<\/h4>\n<table border=\"0\">\n<tbody>\n<tr>\n<td><strong>Sihtkoht<\/strong><\/td>\n<td>Elutuba, magamistuba, b\u00fcroo<\/td>\n<\/tr>\n<tr>\n<td><strong>M\u00f5\u00f5tmed (k\/s\/l) cm<\/strong><\/td>\n<td>144 \/ 120 \/ 42<\/td>\n<\/tr>\n<tr>\n<td><strong>Materjalid<\/strong><\/td>\n<td>tammpuit, lamineeritud plaat, metall, alumiinium, hdf plaat (m\u00f6\u00f6bli seljatagune<\/td>\n<\/tr>\n<\/tbody>\n<\/table>\n","protected":false},"featured_media":42402,"comment_status":"closed","ping_status":"closed","template":"","meta":{"_gspb_post_css":""},"product_brand":[],"product_cat":[165,205],"product_tag":[],"class_list":{"0":"post-42401","1":"product","2":"type-product","3":"status-publish","4":"has-post-thumbnail","6":"product_cat-elutuba","7":"product_cat-kapid","8":"pa_korgus-2300","9":"pa_laius-286","10":"pa_sugavus-355","11":"pa_vahelaos-jah","13":"first","14":"instock","15":"sale","16":"purchasable","17":"product-type-simple"},"_links":{"self":[{"href":"https:\/\/www.nordi.ee\/en\/wp-json\/wp\/v2\/product\/42401","targetHints":{"allow":["GET"]}}],"collection":[{"href":"https:\/\/www.nordi.ee\/en\/wp-json\/wp\/v2\/product"}],"about":[{"href":"https:\/\/www.nordi.ee\/en\/wp-json\/wp\/v2\/types\/product"}],"replies":[{"embeddable":true,"href":"https:\/\/www.nordi.ee\/en\/wp-json\/wp\/v2\/comments?post=42401"}],"wp:featuredmedia":[{"embeddable":true,"href":"https:\/\/www.nordi.ee\/en\/wp-json\/wp\/v2\/media\/42402"}],"wp:attachment":[{"href":"https:\/\/www.nordi.ee\/en\/wp-json\/wp\/v2\/media?parent=42401"}],"wp:term":[{"taxonomy":"product_brand","embeddable":true,"href":"https:\/\/www.nordi.ee\/en\/wp-json\/wp\/v2\/product_brand?post=42401"},{"taxonomy":"product_cat","embeddable":true,"href":"https:\/\/www.nordi.ee\/en\/wp-json\/wp\/v2\/product_cat?post=42401"},{"taxonomy":"product_tag","embeddable":true,"href":"https:\/\/www.nordi.ee\/en\/wp-json\/wp\/v2\/product_tag?post=42401"}],"curies":[{"name":"wp","href":"https:\/\/api.w.org\/{rel}","templated":true}]}}