{"id":42394,"date":"2025-11-22T14:25:25","date_gmt":"2025-11-22T12:25:25","guid":{"rendered":"https:\/\/www.nordi.ee\/?post_type=product&#038;p=42394"},"modified":"2025-11-23T21:01:25","modified_gmt":"2025-11-23T19:01:25","slug":"tammepuidust-vitriinkapp-mono-loft-06","status":"publish","type":"product","link":"https:\/\/www.nordi.ee\/en\/toode\/tammepuidust-vitriinkapp-mono-loft-06\/","title":{"rendered":"Tammepuidust vitriinkapp MONO LOFT 06"},"content":{"rendered":"","protected":false},"excerpt":{"rendered":"<p>Suurem Mono Loft 06 puidust vitriin on ideaalne m\u00f6\u00f6bel modernse ja t\u00f6\u00f6stusliku sisekujunduse jaoks. See sobib suurep\u00e4raselt elutuppa, toimides dekoratsioonide vitriinina v\u00f5i baarina, samuti kontoris, aidates dokumentide hoiustamisel. T\u00e4nu LED-valgustuse paigaldamise v\u00f5imalusele, klaasosa kiirgab delikaatset, sooja valgust. M\u00f6\u00f6bli \u00fclemine osa koosneb 3 klaasriiulist, samas alumises kapis asub t\u00e4iendav laminaatriiul.<\/p>\n<p>&nbsp;<\/p>\n<p>M\u00f6\u00f6bli esipaneel on valmistatud \u00f5litatud tamme puidust ja tumendatud karastatud klaasist, samas kui vitriini korpus ja sisemus on valmistatud lamineeritud plaadist, mis imiteerib puitu ning on v\u00e4rvilt sobitatud tamme esipaneelidega. Vitriini uksed on varustatud vaiksete sulgudega hingedega ning minimalistlikud, mustad k\u00e4epidemed muudavad selle avamise lihtsamaks. Stabiilsed terasjalad tagavad m\u00f6\u00f6bli stabiilsuse. See loft-stiilis vitriin h\u00e4mmastab k\u00f5iki silmapaistvate lahenduste austajaid modernses stiilis. Valige Mono 06 ja nautige kvaliteeti ja stiili aastateks!<\/p>\n<h4><\/h4>\n<div>\n<p><strong>M\u00f6\u00f6bel saadetakse 3 pakendis ja on m\u00f5eldud iseseisvaks kokkupanekuks.<\/strong><\/p>\n<\/div>\n<table border=\"0\">\n<tbody>\n<tr>\n<td><strong>Otstarve<\/strong><\/td>\n<td>Elutuba, p\u00e4evatuba, kontor<\/td>\n<\/tr>\n<tr>\n<td><strong>M\u00f5\u00f5dud (k\/\u043b\/\u0434) cm<\/strong><\/td>\n<td>195 \/ 67 \/ 42<\/td>\n<\/tr>\n<tr>\n<td><strong>Materjalid<\/strong><\/td>\n<td>tammepuit, laminaatplaat, tumendatud karastatud klaas, klaas, metall, alumiinium, plastmass, hdf plaat (m\u00f6\u00f6bli tagak\u00fclg)<\/td>\n<\/tr>\n<\/tbody>\n<\/table>\n","protected":false},"featured_media":42395,"comment_status":"closed","ping_status":"closed","template":"","meta":{"_gspb_post_css":""},"product_brand":[34],"product_cat":[165,205,4297,4062],"product_tag":[],"class_list":{"0":"post-42394","1":"product","2":"type-product","3":"status-publish","4":"has-post-thumbnail","6":"product_brand-siudy","7":"product_cat-elutuba","8":"product_cat-kapid","9":"product_cat-siudy","10":"product_cat-vitriinkapid","11":"pa_korgus-4281","12":"pa_laius-643","13":"pa_sugavus-355","14":"pa_vahelaos-jah","16":"first","17":"instock","18":"sale","19":"purchasable","20":"product-type-simple"},"_links":{"self":[{"href":"https:\/\/www.nordi.ee\/en\/wp-json\/wp\/v2\/product\/42394","targetHints":{"allow":["GET"]}}],"collection":[{"href":"https:\/\/www.nordi.ee\/en\/wp-json\/wp\/v2\/product"}],"about":[{"href":"https:\/\/www.nordi.ee\/en\/wp-json\/wp\/v2\/types\/product"}],"replies":[{"embeddable":true,"href":"https:\/\/www.nordi.ee\/en\/wp-json\/wp\/v2\/comments?post=42394"}],"wp:featuredmedia":[{"embeddable":true,"href":"https:\/\/www.nordi.ee\/en\/wp-json\/wp\/v2\/media\/42395"}],"wp:attachment":[{"href":"https:\/\/www.nordi.ee\/en\/wp-json\/wp\/v2\/media?parent=42394"}],"wp:term":[{"taxonomy":"product_brand","embeddable":true,"href":"https:\/\/www.nordi.ee\/en\/wp-json\/wp\/v2\/product_brand?post=42394"},{"taxonomy":"product_cat","embeddable":true,"href":"https:\/\/www.nordi.ee\/en\/wp-json\/wp\/v2\/product_cat?post=42394"},{"taxonomy":"product_tag","embeddable":true,"href":"https:\/\/www.nordi.ee\/en\/wp-json\/wp\/v2\/product_tag?post=42394"}],"curies":[{"name":"wp","href":"https:\/\/api.w.org\/{rel}","templated":true}]}}