{"id":42386,"date":"2025-11-22T14:25:25","date_gmt":"2025-11-22T12:25:25","guid":{"rendered":"https:\/\/www.nordi.ee\/?post_type=product&#038;p=42386"},"modified":"2025-11-23T21:01:25","modified_gmt":"2025-11-23T19:01:25","slug":"tammepuidust-vitriinkapp-kongo-loft-06","status":"publish","type":"product","link":"https:\/\/www.nordi.ee\/en\/toode\/tammepuidust-vitriinkapp-kongo-loft-06\/","title":{"rendered":"Tammepuidust vitriinkapp KONGO LOFT 06"},"content":{"rendered":"","protected":false},"excerpt":{"rendered":"<p>Kongo Loft 06 puitvitriin sobib suurep\u00e4raselt kaasaegsetesse, minimalistlikesse ja loft-stiilis interj\u00f6\u00f6ridesse.\u00a0Vitriin on praktiline lahendus, mis sobib h\u00e4sti kaasaegsesse loft-ruumi elutuppa v\u00f5i s\u00f6\u00f6gituppa. Varustatud kolme mahuka sahtliga\u00a0ja klaasist-puitraamiga, mille taga asub kaks klaasust, on see ideaalne portselani, klaasi v\u00f5i raamatute hoidmiseks. K\u00f5ik sahtlite hinges\u00fcsteemid ja juhtmed on varustatud vaikse sulgemisega, mis tagab vitriini igap\u00e4evase kasutuse mugavuse.<\/p>\n<p>Its ainulaadne disain \u00fchendab \u00f5litatud tammepuidu esipaneeli, millel on kuldne toon ja tumendatud klaas, vastandina laminaatplaadist korpusele, mis imiteerib tammepuitu. Projektitud p\u00f5hinevas tugeval konstruktsioonis 18 mm melamiinkattega m\u00f6\u00f6bliplaadi, see vitriin on kergesti puhastatav. Must, matte metalljalad muudavad m\u00f6\u00f6bli silmatorkavaks, r\u00f5hutades selle t\u00f6\u00f6stuslikku stiili. Lisaks on sahtlite k\u00e4epidemed valmistatud alumiiniumist, mis lisab elegantsi ja t\u00f5stab kogu disaini.<br \/>\n<strong>M\u00f6\u00f6bel saadetakse 2 pakis ja on m\u00f5eldud ise monteerimiseks.<\/strong><\/p>\n<h4><\/h4>\n<table border=\"0\">\n<tbody>\n<tr>\n<td><strong>Sihtkoht<\/strong><\/td>\n<td>Elutuba<\/td>\n<\/tr>\n<tr>\n<td><strong>M\u00f5\u00f5tmed (k\u00f5rgus\/laius\/s\u00fcgavus) cm<\/strong><\/td>\n<td>203 \/ 60 \/ 40<\/td>\n<\/tr>\n<tr>\n<td><strong>Koos pakkimisega kaal<\/strong><\/td>\n<td>63 kg<\/td>\n<\/tr>\n<tr>\n<td><strong>Materjalid<\/strong><\/td>\n<td>tammpuit, laminaatplaat, mis imiteerib tammpuitu,\u00a0must laminaatplaat,v\u00e4rvitud teras, komposiit, metall (k\u00e4epidemed), klaas<\/td>\n<\/tr>\n<\/tbody>\n<\/table>\n<h4><\/h4>\n","protected":false},"featured_media":42387,"comment_status":"closed","ping_status":"closed","template":"","meta":{"_gspb_post_css":""},"product_brand":[34],"product_cat":[165,205,4297,4062],"product_tag":[],"class_list":{"0":"post-42386","1":"product","2":"type-product","3":"status-publish","4":"has-post-thumbnail","6":"product_brand-siudy","7":"product_cat-elutuba","8":"product_cat-kapid","9":"product_cat-siudy","10":"product_cat-vitriinkapid","11":"pa_korgus-4289","12":"pa_laius-310","13":"pa_sugavus-646","14":"pa_vahelaos-ei","16":"first","17":"instock","18":"sale","19":"purchasable","20":"product-type-simple"},"_links":{"self":[{"href":"https:\/\/www.nordi.ee\/en\/wp-json\/wp\/v2\/product\/42386","targetHints":{"allow":["GET"]}}],"collection":[{"href":"https:\/\/www.nordi.ee\/en\/wp-json\/wp\/v2\/product"}],"about":[{"href":"https:\/\/www.nordi.ee\/en\/wp-json\/wp\/v2\/types\/product"}],"replies":[{"embeddable":true,"href":"https:\/\/www.nordi.ee\/en\/wp-json\/wp\/v2\/comments?post=42386"}],"wp:featuredmedia":[{"embeddable":true,"href":"https:\/\/www.nordi.ee\/en\/wp-json\/wp\/v2\/media\/42387"}],"wp:attachment":[{"href":"https:\/\/www.nordi.ee\/en\/wp-json\/wp\/v2\/media?parent=42386"}],"wp:term":[{"taxonomy":"product_brand","embeddable":true,"href":"https:\/\/www.nordi.ee\/en\/wp-json\/wp\/v2\/product_brand?post=42386"},{"taxonomy":"product_cat","embeddable":true,"href":"https:\/\/www.nordi.ee\/en\/wp-json\/wp\/v2\/product_cat?post=42386"},{"taxonomy":"product_tag","embeddable":true,"href":"https:\/\/www.nordi.ee\/en\/wp-json\/wp\/v2\/product_tag?post=42386"}],"curies":[{"name":"wp","href":"https:\/\/api.w.org\/{rel}","templated":true}]}}