{"id":42378,"date":"2025-11-22T14:25:25","date_gmt":"2025-11-22T12:25:25","guid":{"rendered":"https:\/\/www.nordi.ee\/?post_type=product&#038;p=42378"},"modified":"2025-11-23T21:01:25","modified_gmt":"2025-11-23T19:01:25","slug":"tammepuidust-vitriinkapp-mono-loft-04","status":"publish","type":"product","link":"https:\/\/www.nordi.ee\/en\/toode\/tammepuidust-vitriinkapp-mono-loft-04\/","title":{"rendered":"Tammepuidust vitriinkapp MONO LOFT 04"},"content":{"rendered":"","protected":false},"excerpt":{"rendered":"<p>V\u00e4ike puidust vitriin Mono Loft 04 on modernsuse ja funktsionaalsuse kombinatsioon, mis sobib ideaalselt lofti stiilis interj\u00f6\u00f6ri. Selle kompaktne suurus tagab ruumi suurep\u00e4rase kasutuse, pakkudes samal ajal kolm praktilist sahtlit mitmesuguste esemete hoidmiseks. Klaassahvt lisab m\u00f6\u00f6blile elegantsi, luues samal ajal ruumi dekoratsioonide ja m\u00e4lestusesemete eksponeerimiseks. See sobib ideaalselt elutuppa, s\u00f6\u00f6gituppa v\u00f5i t\u00f6\u00f6stuslikku kontorisse.<\/p>\n<p>Eksklusiivne kombinatsioon \u00f5litatud tamme puidust ja tumendatud karastatud klaasist esipaneelil loob silmapaistva aksendi igas interj\u00f6\u00f6ris. Korpus lamineeritud plaadist harmoneerub selge tamme varjundiga Bianco, samas kui mustad lisandid, nagu minimalistlikud k\u00e4epidemed ja dekoratiivrihmad, r\u00f5hutavad toote luksuslikku v\u00e4limust. M\u00f6\u00f6bel mitte ainult ei v\u00f5lu esteetika, vaid ka kestvuse ja stabiilsuse poolest. Tugevad metalljalad tagavad stabiilsuse ja kasutusohutuse. Vaikselt sulguv funktsioon hingedel lihtsustab sulgemist ning takistab ukse kinni l\u00f5ppemist. Valides Mono Loft&#8217;i, saad kindel olla, et sinu vitriin teenib sind aastaid.<\/p>\n<h4><\/h4>\n<div>\n<p><strong>M\u00f6\u00f6bel tarnitakse 3 pakis ja on m\u00f5eldud iseseisvaks monteerimiseks.<\/strong><\/p>\n<p>&nbsp;<\/p>\n<\/div>\n<h4>Konstruktsioon<\/h4>\n<table border=\"0\">\n<tbody>\n<tr>\n<td><strong>Sihtkoht<\/strong><\/td>\n<td>Elutuba, p\u00e4evatuba, kontor, s\u00f6\u00f6gituba<\/td>\n<\/tr>\n<tr>\n<td><strong>M\u00f5\u00f5dud (k\u00f5rgus\/laius\/s\u00fcgavus) cm<\/strong><\/td>\n<td>150 \/ 67 \/ 42<\/td>\n<\/tr>\n<tr>\n<td><strong>Materjalid<\/strong><\/td>\n<td>tammepuu, laminaatplaat, tumendatud karastatud klaas, klaas, metall, alumiinium, plastik, HDF plaat (m\u00f6\u00f6bli tagak\u00fclg)<\/td>\n<\/tr>\n<\/tbody>\n<\/table>\n","protected":false},"featured_media":42379,"comment_status":"closed","ping_status":"closed","template":"","meta":{"_gspb_post_css":""},"product_brand":[34],"product_cat":[165,205,4297,4062],"product_tag":[],"class_list":{"0":"post-42378","1":"product","2":"type-product","3":"status-publish","4":"has-post-thumbnail","6":"product_brand-siudy","7":"product_cat-elutuba","8":"product_cat-kapid","9":"product_cat-siudy","10":"product_cat-vitriinkapid","11":"pa_korgus-4290","12":"pa_laius-643","13":"pa_sugavus-355","14":"pa_vahelaos-jah","16":"first","17":"instock","18":"sale","19":"purchasable","20":"product-type-simple"},"_links":{"self":[{"href":"https:\/\/www.nordi.ee\/en\/wp-json\/wp\/v2\/product\/42378","targetHints":{"allow":["GET"]}}],"collection":[{"href":"https:\/\/www.nordi.ee\/en\/wp-json\/wp\/v2\/product"}],"about":[{"href":"https:\/\/www.nordi.ee\/en\/wp-json\/wp\/v2\/types\/product"}],"replies":[{"embeddable":true,"href":"https:\/\/www.nordi.ee\/en\/wp-json\/wp\/v2\/comments?post=42378"}],"wp:featuredmedia":[{"embeddable":true,"href":"https:\/\/www.nordi.ee\/en\/wp-json\/wp\/v2\/media\/42379"}],"wp:attachment":[{"href":"https:\/\/www.nordi.ee\/en\/wp-json\/wp\/v2\/media?parent=42378"}],"wp:term":[{"taxonomy":"product_brand","embeddable":true,"href":"https:\/\/www.nordi.ee\/en\/wp-json\/wp\/v2\/product_brand?post=42378"},{"taxonomy":"product_cat","embeddable":true,"href":"https:\/\/www.nordi.ee\/en\/wp-json\/wp\/v2\/product_cat?post=42378"},{"taxonomy":"product_tag","embeddable":true,"href":"https:\/\/www.nordi.ee\/en\/wp-json\/wp\/v2\/product_tag?post=42378"}],"curies":[{"name":"wp","href":"https:\/\/api.w.org\/{rel}","templated":true}]}}