{"id":42359,"date":"2025-11-22T14:25:10","date_gmt":"2025-11-22T12:25:10","guid":{"rendered":"https:\/\/www.nordi.ee\/?post_type=product&#038;p=42359"},"modified":"2025-11-23T21:01:26","modified_gmt":"2025-11-23T19:01:26","slug":"vitriinkapp-bruno-82","status":"publish","type":"product","link":"https:\/\/www.nordi.ee\/en\/toode\/vitriinkapp-bruno-82\/","title":{"rendered":"Tammepuidust vitriinkapp Bruno 82"},"content":{"rendered":"","protected":false},"excerpt":{"rendered":"<p data-start=\"77\" data-end=\"147\"><strong data-start=\"77\" data-end=\"147\">Bruno 82 tammepuidust vitriinkapp \u2013 elegantne, praktiline ja ajatu<\/strong><\/p>\n<p data-start=\"149\" data-end=\"374\">Bruno 82 vitriinkapp on kaunis ja funktsionaalne m\u00f6\u00f6bliese, mis sobib suurep\u00e4raselt elutuppa, s\u00f6\u00f6gituppa v\u00f5i m\u00f5nda muusse koduruumi. T\u00e4nu klaasfassaadile saate stiilselt esile t\u00f5sta oma lemmikdekore, n\u00f5usid v\u00f5i kollektsioone.<\/p>\n<p data-start=\"376\" data-end=\"733\"><strong data-start=\"376\" data-end=\"424\">Kvaliteetsed materjalid ja kaunis viimistlus<\/strong><br data-start=\"424\" data-end=\"427\" \/>\u2022 Esiosa on valmistatud <strong data-start=\"451\" data-end=\"476\">\u00f5litatud tammepuidust<\/strong> ja <strong data-start=\"480\" data-end=\"503\">karastatud klaasist<\/strong>, mis loob sooja rustikaalse ilme<br data-start=\"536\" data-end=\"539\" \/>\u2022 Korpus on valmistatud k\u00f5rgekvaliteedilisest <strong data-start=\"585\" data-end=\"621\">tamme imitatsiooniga laminaadist<\/strong>, mis sobitub t\u00e4iuslikult t\u00e4ispuidust detailidega<br data-start=\"670\" data-end=\"673\" \/>\u2022 Lihtne hooldada ja v\u00e4ga vastupidav igap\u00e4evasele kasutusele<\/p>\n<p data-start=\"735\" data-end=\"1012\"><strong data-start=\"735\" data-end=\"766\">Funktsionaalne siselahendus<\/strong><br data-start=\"766\" data-end=\"769\" \/>\u2022 3 tugevdatud laminaatriiulit<br data-start=\"799\" data-end=\"802\" \/>\u2022 1 klaasriiul \u00fclaosas eksponeerimiseks<br data-start=\"841\" data-end=\"844\" \/>\u2022 Minimalistlikud freesitud k\u00e4epidemed ja elegantsed rihvlilised detailid<br data-start=\"917\" data-end=\"920\" \/>\u2022 <strong data-start=\"922\" data-end=\"958\">Vaikselt sulguvad hinges\u00fcsteemid<\/strong> tagavad kasutusmugavuse ja t\u00f5stavad m\u00f6\u00f6bli kvaliteeti<\/p>\n<p data-start=\"1014\" data-end=\"1237\"><strong data-start=\"1014\" data-end=\"1032\">M\u00f5\u00f5dud ja info<\/strong><br data-start=\"1032\" data-end=\"1035\" \/>\u2022 M\u00f5\u00f5dud (K \u00d7 L \u00d7 S): <strong data-start=\"1057\" data-end=\"1077\">145 \u00d7 90 \u00d7 42 cm<\/strong><br data-start=\"1077\" data-end=\"1080\" \/>\u2022 Kaal pakendiga: <strong data-start=\"1098\" data-end=\"1107\">58 kg<\/strong><br data-start=\"1107\" data-end=\"1110\" \/>\u2022 Materjalid: tammepuit, laminaat, karastatud klaas<br data-start=\"1161\" data-end=\"1164\" \/>\u2022 Tarnitakse <strong data-start=\"1177\" data-end=\"1193\">kolmes pakis<\/strong> ja on m\u00f5eldud <strong data-start=\"1208\" data-end=\"1237\">iseseisvaks kokkupanekuks<\/strong><\/p>\n<p data-start=\"1239\" data-end=\"1375\" data-is-last-node=\"\" data-is-only-node=\"\">Bruno 82 vitriinkapp on ideaalne valik neile, kes soovivad oma koju <strong data-start=\"1307\" data-end=\"1345\">stiili, kvaliteeti ja praktilisust<\/strong> \u00fches elegantses m\u00f6\u00f6bliesemes.<\/p>\n","protected":false},"featured_media":42360,"comment_status":"closed","ping_status":"closed","template":"","meta":{"_gspb_post_css":""},"product_brand":[34],"product_cat":[165,205,4297,4062],"product_tag":[],"class_list":{"0":"post-42359","1":"product","2":"type-product","3":"status-publish","4":"has-post-thumbnail","6":"product_brand-siudy","7":"product_cat-elutuba","8":"product_cat-kapid","9":"product_cat-siudy","10":"product_cat-vitriinkapid","11":"pa_korgus-4278","12":"pa_laius-349","13":"pa_sugavus-355","14":"pa_vahelaos-jah","16":"first","17":"instock","18":"sale","19":"purchasable","20":"product-type-simple"},"_links":{"self":[{"href":"https:\/\/www.nordi.ee\/en\/wp-json\/wp\/v2\/product\/42359","targetHints":{"allow":["GET"]}}],"collection":[{"href":"https:\/\/www.nordi.ee\/en\/wp-json\/wp\/v2\/product"}],"about":[{"href":"https:\/\/www.nordi.ee\/en\/wp-json\/wp\/v2\/types\/product"}],"replies":[{"embeddable":true,"href":"https:\/\/www.nordi.ee\/en\/wp-json\/wp\/v2\/comments?post=42359"}],"wp:featuredmedia":[{"embeddable":true,"href":"https:\/\/www.nordi.ee\/en\/wp-json\/wp\/v2\/media\/42360"}],"wp:attachment":[{"href":"https:\/\/www.nordi.ee\/en\/wp-json\/wp\/v2\/media?parent=42359"}],"wp:term":[{"taxonomy":"product_brand","embeddable":true,"href":"https:\/\/www.nordi.ee\/en\/wp-json\/wp\/v2\/product_brand?post=42359"},{"taxonomy":"product_cat","embeddable":true,"href":"https:\/\/www.nordi.ee\/en\/wp-json\/wp\/v2\/product_cat?post=42359"},{"taxonomy":"product_tag","embeddable":true,"href":"https:\/\/www.nordi.ee\/en\/wp-json\/wp\/v2\/product_tag?post=42359"}],"curies":[{"name":"wp","href":"https:\/\/api.w.org\/{rel}","templated":true}]}}