{"id":42354,"date":"2025-11-22T14:25:10","date_gmt":"2025-11-22T12:25:10","guid":{"rendered":"https:\/\/www.nordi.ee\/?post_type=product&#038;p=42354"},"modified":"2025-11-23T21:01:26","modified_gmt":"2025-11-23T19:01:26","slug":"tammepuidust-vitriinkapp-neomi05","status":"publish","type":"product","link":"https:\/\/www.nordi.ee\/en\/toode\/tammepuidust-vitriinkapp-neomi05\/","title":{"rendered":"Tammepuidust vitriinkapp NEOMI 05"},"content":{"rendered":"","protected":false},"excerpt":{"rendered":"<p data-start=\"96\" data-end=\"602\">Mustade detailidega tammepuidust vitriin Neomi 05 on suurep\u00e4rane valik elutuppa v\u00f5i s\u00f6\u00f6gituppa. T\u00e4nu oma lihtsale ja elegantsele disainile sobib see nii modernistlikesse kui ka kaasaegsematesse ruumidesse. Vitriini alumises osas on 3 s\u00fcgavat sahtlit ning \u00fclemises klaasiosas paiknevad 2 klaasriiulit, mis asuvad klaasuste taga. \u00dclemine vitriiniosa on m\u00f5eldud dekoratsioonide, klaasi, raamatute v\u00f5i m\u00e4lestusesemete eksponeerimiseks, alumine osa aga aitab hoida igap\u00e4evaseid asju korrastatult ja k\u00e4ep\u00e4raselt.<\/p>\n<p data-start=\"604\" data-end=\"1086\">M\u00f6\u00f6bli esipaneel ja pealisplaat on valmistatud naturaalsest \u00f5litatud tammepuidust, mis annab sellele sooja kuldse tooni. Korpus on valmistatud kvaliteetsest tamme tooniga sobitatud laminaatplaadist ning sokkel on kaetud musta laminaadiga. Vitriinil on ka must alumiiniumraam ja minimalistlikud k\u00e4epidemed. K\u00f5ik hinged ja sahtlisiinid on varustatud vaikselt sulguva mehhanismiga, mis tagab mugava ja h\u00e4\u00e4letu kasutuse. Lisa oma ruumile eriti stiilne aktsent valides vitriini Neomi 05!<\/p>\n<p data-start=\"1088\" data-end=\"1162\">M\u00f6\u00f6bel saadetakse kahes pakis ja on ette n\u00e4htud iseseisvaks kokkupanekuks.<\/p>\n<hr data-start=\"1164\" data-end=\"1167\" \/>\n<p data-start=\"1169\" data-end=\"1187\"><strong data-start=\"1169\" data-end=\"1187\">Konstruktsioon<\/strong><\/p>\n<ul data-start=\"1189\" data-end=\"1423\">\n<li data-start=\"1189\" data-end=\"1238\">\n<p data-start=\"1191\" data-end=\"1238\"><strong data-start=\"1191\" data-end=\"1204\">Sihtkoht:<\/strong> elutuba, s\u00f6\u00f6gituba, magamistuba<\/p>\n<\/li>\n<li data-start=\"1239\" data-end=\"1294\">\n<p data-start=\"1241\" data-end=\"1294\"><strong data-start=\"1241\" data-end=\"1275\">M\u00f5\u00f5dud (k\u00f5rgus\/laius\/s\u00fcgavus):<\/strong> 190 \u00d7 60 \u00d7 40 cm<\/p>\n<\/li>\n<li data-start=\"1295\" data-end=\"1324\">\n<p data-start=\"1297\" data-end=\"1324\"><strong data-start=\"1297\" data-end=\"1316\">Kaal pakendiga:<\/strong> 70 kg<\/p>\n<\/li>\n<li data-start=\"1325\" data-end=\"1423\">\n<p data-start=\"1327\" data-end=\"1423\"><strong data-start=\"1327\" data-end=\"1342\">Materjalid:<\/strong> tammepuit, tammelaminaatplaat, must laminaatm\u00f6\u00f6bliplaat, alumiinium, HDF-plaat<\/p>\n<\/li>\n<\/ul>\n","protected":false},"featured_media":42355,"comment_status":"closed","ping_status":"closed","template":"","meta":{"_gspb_post_css":""},"product_brand":[34],"product_cat":[165,205,4297,4062],"product_tag":[],"class_list":{"0":"post-42354","1":"product","2":"type-product","3":"status-publish","4":"has-post-thumbnail","6":"product_brand-siudy","7":"product_cat-elutuba","8":"product_cat-kapid","9":"product_cat-siudy","10":"product_cat-vitriinkapid","11":"pa_korgus-2015","12":"pa_laius-310","13":"pa_sugavus-646","14":"pa_vahelaos-ei","16":"first","17":"instock","18":"sale","19":"purchasable","20":"product-type-simple"},"_links":{"self":[{"href":"https:\/\/www.nordi.ee\/en\/wp-json\/wp\/v2\/product\/42354","targetHints":{"allow":["GET"]}}],"collection":[{"href":"https:\/\/www.nordi.ee\/en\/wp-json\/wp\/v2\/product"}],"about":[{"href":"https:\/\/www.nordi.ee\/en\/wp-json\/wp\/v2\/types\/product"}],"replies":[{"embeddable":true,"href":"https:\/\/www.nordi.ee\/en\/wp-json\/wp\/v2\/comments?post=42354"}],"wp:featuredmedia":[{"embeddable":true,"href":"https:\/\/www.nordi.ee\/en\/wp-json\/wp\/v2\/media\/42355"}],"wp:attachment":[{"href":"https:\/\/www.nordi.ee\/en\/wp-json\/wp\/v2\/media?parent=42354"}],"wp:term":[{"taxonomy":"product_brand","embeddable":true,"href":"https:\/\/www.nordi.ee\/en\/wp-json\/wp\/v2\/product_brand?post=42354"},{"taxonomy":"product_cat","embeddable":true,"href":"https:\/\/www.nordi.ee\/en\/wp-json\/wp\/v2\/product_cat?post=42354"},{"taxonomy":"product_tag","embeddable":true,"href":"https:\/\/www.nordi.ee\/en\/wp-json\/wp\/v2\/product_tag?post=42354"}],"curies":[{"name":"wp","href":"https:\/\/api.w.org\/{rel}","templated":true}]}}