{"id":42348,"date":"2025-11-22T14:25:10","date_gmt":"2025-11-22T12:25:10","guid":{"rendered":"https:\/\/www.nordi.ee\/?post_type=product&#038;p=42348"},"modified":"2025-11-23T21:01:25","modified_gmt":"2025-11-23T19:01:25","slug":"tammepuidust-kummut-neomi-02","status":"publish","type":"product","link":"https:\/\/www.nordi.ee\/en\/toode\/tammepuidust-kummut-neomi-02\/","title":{"rendered":"Tammepuidust kummut NEOMI 02"},"content":{"rendered":"<h4><\/h4>\n","protected":false},"excerpt":{"rendered":"<p data-start=\"92\" data-end=\"672\">Madal vitriin Neomi 02 on m\u00f6\u00f6bliese, mis t\u00e4nu oma modernsele disainile sobitub suurep\u00e4raselt nii magamistubadesse, s\u00f6\u00f6gitubadesse kui ka elutubadesse. Selle geomeetrilised vormid ja lihtne joonis teevad vitriinist hea valiku nii kaasaegsetesse kui ka traditsioonilisematesse interj\u00f6\u00f6ridesse. Vitriinil on kaks klaasriiulit, mis asuvad vasakul pool klaasuste taga \u2014 need sobivad ideaalselt v\u00e4ikese baarikapi v\u00f5i dekoratiivse vitriini loomiseks. Paremal pool paikneb praktiline osa: tammeuste taga on \u00fcks suur laminaatriiul, kuhu saab mugavalt paigutada erinevaid isiklikke esemeid.<\/p>\n<p data-start=\"674\" data-end=\"1289\">Nii pealisplaat kui ka esipaneelid on valmistatud naturaalsest \u00f5litatud tammepuidust, mis annab pinnale sooja kuldse tooni. Vasakul pool kasutatud toonitud klaas lisab m\u00f6\u00f6blile elegantsust ja stiili. Vitriini iseloomu t\u00e4iendab must sokkel, mis loob kauni kontrasti tamme kauni v\u00e4rvitooni ja mustade k\u00e4epidemetega. Korpus ja sisepinnad on valmistatud laminaatplaadist, mis on v\u00e4rvitoonilt sobitatud \u00fclej\u00e4\u00e4nud m\u00f6\u00f6bliga. Uste hinged on varustatud vaikselt sulguva mehhanismiga, mis tagab mugava ja h\u00e4\u00e4letu kasutuskogemuse. See kompaktne vitriin n\u00e4eb suurep\u00e4rane v\u00e4lja ka komplektis, n\u00e4iteks koos sama sarja TV-alusega.<\/p>\n<p data-start=\"1291\" data-end=\"1365\">M\u00f6\u00f6bel saadetakse kahes pakis ja on ette n\u00e4htud iseseisvaks kokkupanekuks.<\/p>\n<hr data-start=\"1367\" data-end=\"1370\" \/>\n<p data-start=\"1372\" data-end=\"1390\"><strong data-start=\"1372\" data-end=\"1390\">Konstruktsioon<\/strong><\/p>\n<ul data-start=\"1392\" data-end=\"1579\">\n<li data-start=\"1392\" data-end=\"1417\">\n<p data-start=\"1394\" data-end=\"1417\"><strong data-start=\"1394\" data-end=\"1407\">Sihtkoht:<\/strong> elutuba<\/p>\n<\/li>\n<li data-start=\"1418\" data-end=\"1476\">\n<p data-start=\"1420\" data-end=\"1476\"><strong data-start=\"1420\" data-end=\"1454\">M\u00f5\u00f5dud (k\u00f5rgus\/laius\/s\u00fcgavus):<\/strong> 100,5 \u00d7 100 \u00d7 40 cm<\/p>\n<\/li>\n<li data-start=\"1477\" data-end=\"1506\">\n<p data-start=\"1479\" data-end=\"1506\"><strong data-start=\"1479\" data-end=\"1498\">Kaal pakendiga:<\/strong> 45 kg<\/p>\n<\/li>\n<li data-start=\"1507\" data-end=\"1579\">\n<p data-start=\"1509\" data-end=\"1579\"><strong data-start=\"1509\" data-end=\"1524\">Materjalid:<\/strong> tammepuit, tammelaminaatplaat, HDF-plaat, alumiinium<\/p>\n<\/li>\n<\/ul>\n","protected":false},"featured_media":42349,"comment_status":"closed","ping_status":"closed","template":"","meta":{"_gspb_post_css":""},"product_brand":[34],"product_cat":[4067,165,205,4297],"product_tag":[],"class_list":{"0":"post-42348","1":"product","2":"type-product","3":"status-publish","4":"has-post-thumbnail","6":"product_brand-siudy","7":"product_cat-kummutid","8":"product_cat-elutuba","9":"product_cat-kapid","10":"product_cat-siudy","11":"pa_korgus-301","12":"pa_laius-615","13":"pa_sugavus-646","14":"pa_vahelaos-ei","16":"first","17":"instock","18":"sale","19":"purchasable","20":"product-type-simple"},"_links":{"self":[{"href":"https:\/\/www.nordi.ee\/en\/wp-json\/wp\/v2\/product\/42348","targetHints":{"allow":["GET"]}}],"collection":[{"href":"https:\/\/www.nordi.ee\/en\/wp-json\/wp\/v2\/product"}],"about":[{"href":"https:\/\/www.nordi.ee\/en\/wp-json\/wp\/v2\/types\/product"}],"replies":[{"embeddable":true,"href":"https:\/\/www.nordi.ee\/en\/wp-json\/wp\/v2\/comments?post=42348"}],"wp:featuredmedia":[{"embeddable":true,"href":"https:\/\/www.nordi.ee\/en\/wp-json\/wp\/v2\/media\/42349"}],"wp:attachment":[{"href":"https:\/\/www.nordi.ee\/en\/wp-json\/wp\/v2\/media?parent=42348"}],"wp:term":[{"taxonomy":"product_brand","embeddable":true,"href":"https:\/\/www.nordi.ee\/en\/wp-json\/wp\/v2\/product_brand?post=42348"},{"taxonomy":"product_cat","embeddable":true,"href":"https:\/\/www.nordi.ee\/en\/wp-json\/wp\/v2\/product_cat?post=42348"},{"taxonomy":"product_tag","embeddable":true,"href":"https:\/\/www.nordi.ee\/en\/wp-json\/wp\/v2\/product_tag?post=42348"}],"curies":[{"name":"wp","href":"https:\/\/api.w.org\/{rel}","templated":true}]}}