{"id":42341,"date":"2025-11-22T14:25:10","date_gmt":"2025-11-22T12:25:10","guid":{"rendered":"https:\/\/www.nordi.ee\/?post_type=product&#038;p=42341"},"modified":"2025-11-23T21:01:25","modified_gmt":"2025-11-23T19:01:25","slug":"tammepuidust-vitriin-raro-80","status":"publish","type":"product","link":"https:\/\/www.nordi.ee\/en\/toode\/tammepuidust-vitriin-raro-80\/","title":{"rendered":"Tammepuidust vitriinkapp RARO 80"},"content":{"rendered":"<div><\/div>\n","protected":false},"excerpt":{"rendered":"<p data-start=\"92\" data-end=\"790\">Kitsas vitriin Raro 80 on modernse disainiga tammepuidust m\u00f6\u00f6bliese, mis kaunistab iga elutuba v\u00f5i s\u00f6\u00f6gituba. T\u00e4ispuidust tamme ja toonitud karastatud klaasi kombinatsioon pakub mitte ainult vastupidavat ja kvaliteetset lahendust, vaid toimib ka elegantse dekoratiivse elemendina. See kaasaegne vitriin sobib suurep\u00e4raselt nii klassikalisse kui ka minimalistlikku interj\u00f6\u00f6ri, lisades ruumile rafineeritud ilmet. T\u00e4nu oma universaalsele kujundusele n\u00e4eb see kaunilt v\u00e4lja v\u00e4ga erinevates ruumides \u2014 alates elutoast kuni magamistubade ja p\u00e4evaruumideni. Vitriinil on kokku 6 riiulit (4 klaasist ja 2 laminaadist), mis pakuvad rohkelt ruumi nii hoiustamiseks kui ka suuremate esemete eksponeerimiseks.<\/p>\n<p data-start=\"792\" data-end=\"1319\">Vitriini esipaneelid on valmistatud t\u00e4ispuidust tammest ja toonitud karastatud klaasist. Komplekti t\u00e4iendavad stiilsed metallk\u00e4epidemed, mis annavad m\u00f6\u00f6blile kaasaegse iseloomu. Korpus on valmistatud laminaatplaadist, mis j\u00e4ljendab t\u00e4pselt p\u00e4ris puidu v\u00e4rvi ja tekstuuri. Vaikselt sulguvad hinges\u00fcsteemid tagavad uste sujuva ja h\u00e4\u00e4letu kasutamise. RARO 80 vitriin on suurep\u00e4rane n\u00e4ide sellest, kuidas modernne disain ja kvaliteetsed materjalid loovad m\u00f6\u00f6blieseme, mis sobib nii stiili- kui ka kvaliteeditundlikele kasutajatele.<\/p>\n<p data-start=\"1321\" data-end=\"1395\">M\u00f6\u00f6bel saadetakse kahes pakis ja on ette n\u00e4htud iseseisvaks kokkupanekuks.<\/p>\n<hr data-start=\"1397\" data-end=\"1400\" \/>\n<p data-start=\"1402\" data-end=\"1420\"><strong data-start=\"1402\" data-end=\"1420\">Konstruktsioon<\/strong><\/p>\n<ul data-start=\"1422\" data-end=\"1634\">\n<li data-start=\"1422\" data-end=\"1460\">\n<p data-start=\"1424\" data-end=\"1460\"><strong data-start=\"1424\" data-end=\"1437\">Sihtkoht:<\/strong> elutuba, magamistuba<\/p>\n<\/li>\n<li data-start=\"1461\" data-end=\"1516\">\n<p data-start=\"1463\" data-end=\"1516\"><strong data-start=\"1463\" data-end=\"1497\">M\u00f5\u00f5dud (k\u00f5rgus\/laius\/s\u00fcgavus):<\/strong> 125 \u00d7 90 \u00d7 40 cm<\/p>\n<\/li>\n<li data-start=\"1517\" data-end=\"1607\">\n<p data-start=\"1519\" data-end=\"1607\"><strong data-start=\"1519\" data-end=\"1534\">Materjalid:<\/strong> tammepuit, laminaatplaat, toonitud karastatud klaas, klaas, alumiinium<\/p>\n<\/li>\n<li data-start=\"1608\" data-end=\"1634\">\n<p data-start=\"1610\" data-end=\"1634\"><strong data-start=\"1610\" data-end=\"1626\">M\u00f6\u00f6bli kaal:<\/strong> 46 kg<\/p>\n<\/li>\n<\/ul>\n","protected":false},"featured_media":42342,"comment_status":"closed","ping_status":"closed","template":"","meta":{"_gspb_post_css":""},"product_brand":[34],"product_cat":[165,205,4297,4062],"product_tag":[],"class_list":{"0":"post-42341","1":"product","2":"type-product","3":"status-publish","4":"has-post-thumbnail","6":"product_brand-siudy","7":"product_cat-elutuba","8":"product_cat-kapid","9":"product_cat-siudy","10":"product_cat-vitriinkapid","11":"pa_korgus-2427","12":"pa_laius-349","13":"pa_sugavus-646","14":"pa_vahelaos-jah","16":"first","17":"instock","18":"sale","19":"purchasable","20":"product-type-simple"},"_links":{"self":[{"href":"https:\/\/www.nordi.ee\/en\/wp-json\/wp\/v2\/product\/42341","targetHints":{"allow":["GET"]}}],"collection":[{"href":"https:\/\/www.nordi.ee\/en\/wp-json\/wp\/v2\/product"}],"about":[{"href":"https:\/\/www.nordi.ee\/en\/wp-json\/wp\/v2\/types\/product"}],"replies":[{"embeddable":true,"href":"https:\/\/www.nordi.ee\/en\/wp-json\/wp\/v2\/comments?post=42341"}],"wp:featuredmedia":[{"embeddable":true,"href":"https:\/\/www.nordi.ee\/en\/wp-json\/wp\/v2\/media\/42342"}],"wp:attachment":[{"href":"https:\/\/www.nordi.ee\/en\/wp-json\/wp\/v2\/media?parent=42341"}],"wp:term":[{"taxonomy":"product_brand","embeddable":true,"href":"https:\/\/www.nordi.ee\/en\/wp-json\/wp\/v2\/product_brand?post=42341"},{"taxonomy":"product_cat","embeddable":true,"href":"https:\/\/www.nordi.ee\/en\/wp-json\/wp\/v2\/product_cat?post=42341"},{"taxonomy":"product_tag","embeddable":true,"href":"https:\/\/www.nordi.ee\/en\/wp-json\/wp\/v2\/product_tag?post=42341"}],"curies":[{"name":"wp","href":"https:\/\/api.w.org\/{rel}","templated":true}]}}