{"id":42330,"date":"2025-11-22T14:25:10","date_gmt":"2025-11-22T12:25:10","guid":{"rendered":"https:\/\/www.nordi.ee\/?post_type=product&#038;p=42330"},"modified":"2025-11-23T21:01:25","modified_gmt":"2025-11-23T19:01:25","slug":"tammepuidust-vitriiinkapp-napoli-80","status":"publish","type":"product","link":"https:\/\/www.nordi.ee\/en\/toode\/tammepuidust-vitriiinkapp-napoli-80\/","title":{"rendered":"Tammepuidust vitriinkapp NAPOLI 80"},"content":{"rendered":"","protected":false},"excerpt":{"rendered":"<p data-start=\"96\" data-end=\"742\">Vitriin Napoli 80 on meisterlikult l\u00e4bim\u00f5eldud m\u00f6\u00f6bliese, mis \u00fchendab avara kapi ja dekoratiivse klaasvitriini. See sobib suurep\u00e4raselt elutuppa v\u00f5i s\u00f6\u00f6gituppa, pakkudes ruumi lauan\u00f5udele, dekoratiivsele klaasile v\u00f5i reisip\u00fchade meenetele. Mahukas kapp koos laia riiuliga v\u00f5imaldab hoiustada ka suuremaid esemeid, samas kui s\u00fcgav sahtel aitab mugavalt organiseerida v\u00e4iksemaid tarvikuid. \u00dclemises osas on kaks klaasriiulit ning v\u00f5imalus lisada valgustus, mis toob eksponeeritud esemed kaunilt esile. Vitriin sobib suurep\u00e4raselt kokku teiste Napoli sarja m\u00f6\u00f6bliesemetega, n\u00e4iteks Napoli 81 riiuliga, millel on spetsiaalsed riiulid veinihoidmiseks.<\/p>\n<p data-start=\"744\" data-end=\"1416\">Vitriini esipaneelid ja pealisplaat on valmistatud \u00f5litatud tammepuidust, mille soe kuldne toon annab m\u00f6\u00f6blile loomuliku elegantsi. \u00dclemises osas kasutatakse l\u00e4bipaistvat karastatud klaasi. Tugevad tammepuidust jalad on varustatud p\u00f5randaid kaitsvate stopparitega ning uste hinged ja sahtlite siinid on varustatud vaikselt sulguva mehhanismiga. K\u00fclgpaneelid on kaetud tamme spooniga, mis sobib toonilt t\u00e4iuslikult \u00fclej\u00e4\u00e4nud viimistlusega, ja sisemus on valmistatud laminaatplaadist. T\u00e4nu lihtsale vormile ja puidu soojale v\u00e4rvile sobib see vitriin nii traditsioonilistesse kui ka kaasaegsema ilmega interj\u00f6\u00f6ridesse. Funktsionaalsus ja esteetika \u2014 v\u00f5ti kauni kodu loomisel.<\/p>\n<p data-start=\"1418\" data-end=\"1489\">M\u00f6\u00f6bel saadetakse kolmes pakis ja on m\u00f5eldud iseseisvaks kokkupanekuks.<\/p>\n<hr data-start=\"1491\" data-end=\"1494\" \/>\n<p data-start=\"1496\" data-end=\"1514\"><strong data-start=\"1496\" data-end=\"1514\">Konstruktsioon<\/strong><\/p>\n<ul data-start=\"1516\" data-end=\"1710\">\n<li data-start=\"1516\" data-end=\"1541\">\n<p data-start=\"1518\" data-end=\"1541\"><strong data-start=\"1518\" data-end=\"1531\">Sihtkoht:<\/strong> elutuba<\/p>\n<\/li>\n<li data-start=\"1542\" data-end=\"1598\">\n<p data-start=\"1544\" data-end=\"1598\"><strong data-start=\"1544\" data-end=\"1578\">M\u00f5\u00f5dud (k\u00f5rgus\/laius\/s\u00fcgavus):<\/strong> 150 \u00d7 104 \u00d7 40 cm<\/p>\n<\/li>\n<li data-start=\"1599\" data-end=\"1628\">\n<p data-start=\"1601\" data-end=\"1628\"><strong data-start=\"1601\" data-end=\"1620\">Kaal pakendiga:<\/strong> 80 kg<\/p>\n<\/li>\n<li data-start=\"1629\" data-end=\"1710\">\n<p data-start=\"1631\" data-end=\"1710\"><strong data-start=\"1631\" data-end=\"1646\">Materjalid:<\/strong> tammepuit, laminaatplaat, tammespoon, karastatud klaas, klaas<\/p>\n<\/li>\n<\/ul>\n","protected":false},"featured_media":42331,"comment_status":"closed","ping_status":"closed","template":"","meta":{"_gspb_post_css":""},"product_brand":[34],"product_cat":[165,205,4297,4062],"product_tag":[],"class_list":{"0":"post-42330","1":"product","2":"type-product","3":"status-publish","4":"has-post-thumbnail","6":"product_brand-siudy","7":"product_cat-elutuba","8":"product_cat-kapid","9":"product_cat-siudy","10":"product_cat-vitriinkapid","11":"pa_korgus-4290","12":"pa_laius-918","13":"pa_sugavus-646","14":"pa_vahelaos-jah","16":"first","17":"instock","18":"sale","19":"purchasable","20":"product-type-simple"},"_links":{"self":[{"href":"https:\/\/www.nordi.ee\/en\/wp-json\/wp\/v2\/product\/42330","targetHints":{"allow":["GET"]}}],"collection":[{"href":"https:\/\/www.nordi.ee\/en\/wp-json\/wp\/v2\/product"}],"about":[{"href":"https:\/\/www.nordi.ee\/en\/wp-json\/wp\/v2\/types\/product"}],"replies":[{"embeddable":true,"href":"https:\/\/www.nordi.ee\/en\/wp-json\/wp\/v2\/comments?post=42330"}],"wp:featuredmedia":[{"embeddable":true,"href":"https:\/\/www.nordi.ee\/en\/wp-json\/wp\/v2\/media\/42331"}],"wp:attachment":[{"href":"https:\/\/www.nordi.ee\/en\/wp-json\/wp\/v2\/media?parent=42330"}],"wp:term":[{"taxonomy":"product_brand","embeddable":true,"href":"https:\/\/www.nordi.ee\/en\/wp-json\/wp\/v2\/product_brand?post=42330"},{"taxonomy":"product_cat","embeddable":true,"href":"https:\/\/www.nordi.ee\/en\/wp-json\/wp\/v2\/product_cat?post=42330"},{"taxonomy":"product_tag","embeddable":true,"href":"https:\/\/www.nordi.ee\/en\/wp-json\/wp\/v2\/product_tag?post=42330"}],"curies":[{"name":"wp","href":"https:\/\/api.w.org\/{rel}","templated":true}]}}