{"id":42321,"date":"2025-11-22T14:25:10","date_gmt":"2025-11-22T12:25:10","guid":{"rendered":"https:\/\/www.nordi.ee\/?post_type=product&#038;p=42321"},"modified":"2025-11-23T21:01:25","modified_gmt":"2025-11-23T19:01:25","slug":"tammepuidust-vitriinkapp-bruno-73","status":"publish","type":"product","link":"https:\/\/www.nordi.ee\/en\/toode\/tammepuidust-vitriinkapp-bruno-73\/","title":{"rendered":"Tammepuidust vitriinkapp BRUNO 73"},"content":{"rendered":"","protected":false},"excerpt":{"rendered":"<p data-start=\"101\" data-end=\"558\">Klaas- ja tammepuidust vitriin Bruno 71 on ajatu m\u00f6\u00f6bliese, mis toob igasse ruumi elegantsi ja klassikalist stiili. Selle minimalistlik ja maitsekas disain koos suurep\u00e4rase funktsionaalsusega muudab vitriini ideaalseks valikuks neile, kes hindavad traditsioonilist stiili, kuid soovivad samal ajal ruumi praktiliselt kasutada. Vitriinil on kokku 6 riiulit, millest kaks on valmistatud klaasist, pakkudes v\u00f5imalust dekoratsioonide efektseks eksponeerimiseks.<\/p>\n<p data-start=\"560\" data-end=\"1144\">Vitriini esipaneel \u00fchendab t\u00e4ispuidust tamme ja karastatud klaasi. Puiduosas on n\u00e4ha iseloomulikke rihveldusdetale, mis lisavad m\u00f6\u00f6blile rustikaalset iseloomu. Korpus on valmistatud s\u00fcnkroonstruktuuriga laminaatplaadist, mis on v\u00e4rvitoonilt sobitatud kuldse tammega. K\u00f5ik uksed on varustatud vaikselt sulguvate hingede mehhanismiga, mis tagab h\u00e4\u00e4letu ja sujuva kasutamise. K\u00e4epidemete asemel kasutatakse esipaneelide servades elegantseid freesitud avasid. Vitriin p\u00fc\u00fcab kindlasti pilku nii elutoas, s\u00f6\u00f6gitoas kui ka mujal kodus t\u00e4nu oma ilmekale v\u00e4limusele ja praktilisele sisemusele.<\/p>\n<p data-start=\"1146\" data-end=\"1217\">M\u00f6\u00f6bel saadetakse kolmes pakis ja on m\u00f5eldud iseseisvaks kokkupanekuks.<\/p>\n<hr data-start=\"1219\" data-end=\"1222\" \/>\n<p data-start=\"1224\" data-end=\"1242\"><strong data-start=\"1224\" data-end=\"1242\">Konstruktsioon<\/strong><\/p>\n<ul data-start=\"1244\" data-end=\"1446\">\n<li data-start=\"1244\" data-end=\"1269\">\n<p data-start=\"1246\" data-end=\"1269\"><strong data-start=\"1246\" data-end=\"1259\">Sihtkoht:<\/strong> elutuba<\/p>\n<\/li>\n<li data-start=\"1270\" data-end=\"1325\">\n<p data-start=\"1272\" data-end=\"1325\"><strong data-start=\"1272\" data-end=\"1306\">M\u00f5\u00f5dud (k\u00f5rgus\/laius\/s\u00fcgavus):<\/strong> 195 \u00d7 90 \u00d7 42 cm<\/p>\n<\/li>\n<li data-start=\"1326\" data-end=\"1355\">\n<p data-start=\"1328\" data-end=\"1355\"><strong data-start=\"1328\" data-end=\"1347\">Kaal pakendiga:<\/strong> 64 kg<\/p>\n<\/li>\n<li data-start=\"1356\" data-end=\"1446\">\n<p data-start=\"1358\" data-end=\"1446\"><strong data-start=\"1358\" data-end=\"1373\">Materjalid:<\/strong> tammepuit, tammepuitu imiteeriv laminaatplaat, karastatud klaas, klaas<\/p>\n<\/li>\n<\/ul>\n","protected":false},"featured_media":42322,"comment_status":"closed","ping_status":"closed","template":"","meta":{"_gspb_post_css":""},"product_brand":[34],"product_cat":[165,205,4297,4062],"product_tag":[],"class_list":{"0":"post-42321","1":"product","2":"type-product","3":"status-publish","4":"has-post-thumbnail","6":"product_brand-siudy","7":"product_cat-elutuba","8":"product_cat-kapid","9":"product_cat-siudy","10":"product_cat-vitriinkapid","11":"pa_korgus-4281","12":"pa_laius-349","13":"pa_sugavus-355","14":"pa_vahelaos-jah","16":"first","17":"instock","18":"sale","19":"purchasable","20":"product-type-simple"},"_links":{"self":[{"href":"https:\/\/www.nordi.ee\/en\/wp-json\/wp\/v2\/product\/42321","targetHints":{"allow":["GET"]}}],"collection":[{"href":"https:\/\/www.nordi.ee\/en\/wp-json\/wp\/v2\/product"}],"about":[{"href":"https:\/\/www.nordi.ee\/en\/wp-json\/wp\/v2\/types\/product"}],"replies":[{"embeddable":true,"href":"https:\/\/www.nordi.ee\/en\/wp-json\/wp\/v2\/comments?post=42321"}],"wp:featuredmedia":[{"embeddable":true,"href":"https:\/\/www.nordi.ee\/en\/wp-json\/wp\/v2\/media\/42322"}],"wp:attachment":[{"href":"https:\/\/www.nordi.ee\/en\/wp-json\/wp\/v2\/media?parent=42321"}],"wp:term":[{"taxonomy":"product_brand","embeddable":true,"href":"https:\/\/www.nordi.ee\/en\/wp-json\/wp\/v2\/product_brand?post=42321"},{"taxonomy":"product_cat","embeddable":true,"href":"https:\/\/www.nordi.ee\/en\/wp-json\/wp\/v2\/product_cat?post=42321"},{"taxonomy":"product_tag","embeddable":true,"href":"https:\/\/www.nordi.ee\/en\/wp-json\/wp\/v2\/product_tag?post=42321"}],"curies":[{"name":"wp","href":"https:\/\/api.w.org\/{rel}","templated":true}]}}