{"id":42312,"date":"2025-11-22T14:25:10","date_gmt":"2025-11-22T12:25:10","guid":{"rendered":"https:\/\/www.nordi.ee\/?post_type=product&#038;p=42312"},"modified":"2025-11-23T21:01:25","modified_gmt":"2025-11-23T19:01:25","slug":"tammepuidust-vitriinkapp-bruno-81","status":"publish","type":"product","link":"https:\/\/www.nordi.ee\/en\/toode\/tammepuidust-vitriinkapp-bruno-81\/","title":{"rendered":"Tammepuidust vitriinkapp BRUNO 81"},"content":{"rendered":"","protected":false},"excerpt":{"rendered":"<p data-start=\"94\" data-end=\"534\">V\u00e4ike puidust vitriin Bruno 81 on ideaalne valik neile, kellel on kompaktsemad ruumid. Selle minimalistlik, kergelt rustikaalne disain sobib suurep\u00e4raselt elutuppa, s\u00f6\u00f6gituppa v\u00f5i hubasesse kodukontorisse. Vitriini \u00fclemine osa on m\u00f5eldud esemete eksponeerimiseks ja on varustatud valgest klaasist riiuliga. Alumises osas paikneb laminaadist riiul, mis pakub rohkelt hoiuruumi. Vitriin n\u00e4eb suurep\u00e4rane v\u00e4lja ka koos Bruno sarja kummutitega.<\/p>\n<p data-start=\"536\" data-end=\"1177\">Vitriini hooldamine on lihtne t\u00e4nu kvaliteetsetele materjalidele \u2014 esipaneelid on valmistatud \u00f5litatud t\u00e4ispuidust tammest ning \u00fclemises osas on kasutatud karastatud klaasi. Korpus on valmistatud tammepuitu imiteerivast laminaatplaadist, mis muudab vitriini samaaegselt nii praktiliseks kui ka h\u00f5lpsasti puhastatavaks. Peened freesitud k\u00e4epidemed tagavad mugava uste avamise ning vaikselt sulguvad hinged pakuvad h\u00e4\u00e4letut ja sujuvat kasutust. Esipaneelide dekoratiivne rihveldus r\u00f5hutab vitriini traditsioonilist ja rustikaalset stiili. Bruno 81 on m\u00f6\u00f6bliese, mis r\u00f5\u00f5mustab k\u00f5iki, kes hindavad ainulaadset ja maitsekalt kujundatud sisustust.<\/p>\n<p data-start=\"1179\" data-end=\"1249\">M\u00f6\u00f6bel saadetakse kahes pakis ja on m\u00f5eldud iseseisvaks kokkupanekuks.<\/p>\n<hr data-start=\"1251\" data-end=\"1254\" \/>\n<p data-start=\"1256\" data-end=\"1274\"><strong data-start=\"1256\" data-end=\"1274\">Konstruktsioon<\/strong><\/p>\n<ul data-start=\"1276\" data-end=\"1460\">\n<li data-start=\"1276\" data-end=\"1301\">\n<p data-start=\"1278\" data-end=\"1301\"><strong data-start=\"1278\" data-end=\"1291\">Sihtkoht:<\/strong> elutuba<\/p>\n<\/li>\n<li data-start=\"1302\" data-end=\"1357\">\n<p data-start=\"1304\" data-end=\"1357\"><strong data-start=\"1304\" data-end=\"1338\">M\u00f5\u00f5dud (k\u00f5rgus\/laius\/s\u00fcgavus):<\/strong> 145 \u00d7 60 \u00d7 42 cm<\/p>\n<\/li>\n<li data-start=\"1358\" data-end=\"1387\">\n<p data-start=\"1360\" data-end=\"1387\"><strong data-start=\"1360\" data-end=\"1379\">Kaal pakendiga:<\/strong> 40 kg<\/p>\n<\/li>\n<li data-start=\"1388\" data-end=\"1460\">\n<p data-start=\"1390\" data-end=\"1460\"><strong data-start=\"1390\" data-end=\"1405\">Materjalid:<\/strong> tammepuit, tammepuitu imiteeriv laminaatplaat, klaas<\/p>\n<\/li>\n<\/ul>\n","protected":false},"featured_media":42313,"comment_status":"closed","ping_status":"closed","template":"","meta":{"_gspb_post_css":""},"product_brand":[34],"product_cat":[165,205,4297,4062],"product_tag":[],"class_list":{"0":"post-42312","1":"product","2":"type-product","3":"status-publish","4":"has-post-thumbnail","6":"product_brand-siudy","7":"product_cat-elutuba","8":"product_cat-kapid","9":"product_cat-siudy","10":"product_cat-vitriinkapid","11":"pa_korgus-4278","12":"pa_laius-310","13":"pa_sugavus-355","14":"pa_vahelaos-jah","16":"first","17":"instock","18":"sale","19":"purchasable","20":"product-type-simple"},"_links":{"self":[{"href":"https:\/\/www.nordi.ee\/en\/wp-json\/wp\/v2\/product\/42312","targetHints":{"allow":["GET"]}}],"collection":[{"href":"https:\/\/www.nordi.ee\/en\/wp-json\/wp\/v2\/product"}],"about":[{"href":"https:\/\/www.nordi.ee\/en\/wp-json\/wp\/v2\/types\/product"}],"replies":[{"embeddable":true,"href":"https:\/\/www.nordi.ee\/en\/wp-json\/wp\/v2\/comments?post=42312"}],"wp:featuredmedia":[{"embeddable":true,"href":"https:\/\/www.nordi.ee\/en\/wp-json\/wp\/v2\/media\/42313"}],"wp:attachment":[{"href":"https:\/\/www.nordi.ee\/en\/wp-json\/wp\/v2\/media?parent=42312"}],"wp:term":[{"taxonomy":"product_brand","embeddable":true,"href":"https:\/\/www.nordi.ee\/en\/wp-json\/wp\/v2\/product_brand?post=42312"},{"taxonomy":"product_cat","embeddable":true,"href":"https:\/\/www.nordi.ee\/en\/wp-json\/wp\/v2\/product_cat?post=42312"},{"taxonomy":"product_tag","embeddable":true,"href":"https:\/\/www.nordi.ee\/en\/wp-json\/wp\/v2\/product_tag?post=42312"}],"curies":[{"name":"wp","href":"https:\/\/api.w.org\/{rel}","templated":true}]}}