{"id":42306,"date":"2025-11-22T14:25:10","date_gmt":"2025-11-22T12:25:10","guid":{"rendered":"https:\/\/www.nordi.ee\/?post_type=product&#038;p=42306"},"modified":"2025-11-23T21:01:25","modified_gmt":"2025-11-23T19:01:25","slug":"tammepuidust-kapp-kongo-11","status":"publish","type":"product","link":"https:\/\/www.nordi.ee\/en\/toode\/tammepuidust-kapp-kongo-11\/","title":{"rendered":"Tammepuidust kapp KONGO 11"},"content":{"rendered":"","protected":false},"excerpt":{"rendered":"<p data-start=\"93\" data-end=\"618\">Loft-stiilis puidust riidekapp Kongo 11 on suurep\u00e4rane valik modernsesse magamistuppa, garderoobi v\u00f5i avarasse esikusse. Kapi laius on 108 cm, k\u00f5rgus 203 cm ja s\u00fcgavus 57 cm, mis tagab v\u00e4ga hea mahutavuse. T\u00e4nu kahele riidepuutoru\u00adle ning nende kohal asuvatele kahele riiulile saab h\u00f5lpsalt hoiustada nii pikki kleite ja mantleid kui ka v\u00e4iksemaid aksessuaare ja karpe. Kapp sobib suurep\u00e4raselt kokku teiste Kongo Loft sarja m\u00f6\u00f6bliesemetega \u2014 erinevate elementide kombineerimine loob modernistliku ja loftiliku sisekujunduse.<\/p>\n<p data-start=\"620\" data-end=\"1330\">Kapi kaunis esipaneel on valmistatud tammepuidust, mis on \u00f5litatud, andes sellele sooja kuldse tooni. Korpuse osad \u2014 pealisplaat ja k\u00fcljed \u2014 on valmistatud laminaatplaadist, mis imiteerib naturaalset tammepuitu ja sobib toonilt suurep\u00e4raselt frontidega. Selle erilise kapi iseloomu kujundab innovatiivne mustast metallist ja komposiidist valmistatud raam, mis muudab m\u00f6\u00f6bli visuaalselt \u00f5huliseks ja elegantseks. Minimalistlikud mustast metallist k\u00e4epidemed t\u00e4iendavad kuldset esipaneeli stiilselt. Vaikselt sulguvad hinges\u00fcsteemid tagavad mugava kasutuse, v\u00e4ltides uste pr\u00f5mmimist. Lisa oma kodule elegantsi ja funktsionaalsust loft-stiilis kapiga Kongo 11 \u2014 telli juba t\u00e4na ja naudi ainulaadset sisekujundust!<\/p>\n<p data-start=\"1332\" data-end=\"1403\">M\u00f6\u00f6bel saadetakse kolmes pakis ja on m\u00f5eldud iseseisvaks kokkupanekuks.<\/p>\n<hr data-start=\"1405\" data-end=\"1408\" \/>\n<p data-start=\"1410\" data-end=\"1428\"><strong data-start=\"1410\" data-end=\"1428\">Konstruktsioon<\/strong><\/p>\n<ul data-start=\"1430\" data-end=\"1676\">\n<li data-start=\"1430\" data-end=\"1455\">\n<p data-start=\"1432\" data-end=\"1455\"><strong data-start=\"1432\" data-end=\"1445\">Sihtkoht:<\/strong> elutuba<\/p>\n<\/li>\n<li data-start=\"1456\" data-end=\"1512\">\n<p data-start=\"1458\" data-end=\"1512\"><strong data-start=\"1458\" data-end=\"1492\">M\u00f5\u00f5dud (k\u00f5rgus\/laius\/s\u00fcgavus):<\/strong> 203 \u00d7 108 \u00d7 57 cm<\/p>\n<\/li>\n<li data-start=\"1513\" data-end=\"1542\">\n<p data-start=\"1515\" data-end=\"1542\"><strong data-start=\"1515\" data-end=\"1534\">Kaal pakendiga:<\/strong> 90 kg<\/p>\n<\/li>\n<li data-start=\"1543\" data-end=\"1676\">\n<p data-start=\"1545\" data-end=\"1676\"><strong data-start=\"1545\" data-end=\"1560\">Materjalid:<\/strong> tammepuit, tammepuitu imiteeriv laminaatplaat, must laminaatplaat, v\u00e4rvitud teras, komposiit, metall (k\u00e4epidemed)<\/p>\n<\/li>\n<\/ul>\n","protected":false},"featured_media":42307,"comment_status":"closed","ping_status":"closed","template":"","meta":{"_gspb_post_css":""},"product_brand":[34],"product_cat":[165,205,4297],"product_tag":[],"class_list":{"0":"post-42306","1":"product","2":"type-product","3":"status-publish","4":"has-post-thumbnail","6":"product_brand-siudy","7":"product_cat-elutuba","8":"product_cat-kapid","9":"product_cat-siudy","10":"pa_korgus-4289","11":"pa_laius-4288","12":"pa_sugavus-604","13":"pa_vahelaos-ei","15":"first","16":"instock","17":"sale","18":"purchasable","19":"product-type-simple"},"_links":{"self":[{"href":"https:\/\/www.nordi.ee\/en\/wp-json\/wp\/v2\/product\/42306","targetHints":{"allow":["GET"]}}],"collection":[{"href":"https:\/\/www.nordi.ee\/en\/wp-json\/wp\/v2\/product"}],"about":[{"href":"https:\/\/www.nordi.ee\/en\/wp-json\/wp\/v2\/types\/product"}],"replies":[{"embeddable":true,"href":"https:\/\/www.nordi.ee\/en\/wp-json\/wp\/v2\/comments?post=42306"}],"wp:featuredmedia":[{"embeddable":true,"href":"https:\/\/www.nordi.ee\/en\/wp-json\/wp\/v2\/media\/42307"}],"wp:attachment":[{"href":"https:\/\/www.nordi.ee\/en\/wp-json\/wp\/v2\/media?parent=42306"}],"wp:term":[{"taxonomy":"product_brand","embeddable":true,"href":"https:\/\/www.nordi.ee\/en\/wp-json\/wp\/v2\/product_brand?post=42306"},{"taxonomy":"product_cat","embeddable":true,"href":"https:\/\/www.nordi.ee\/en\/wp-json\/wp\/v2\/product_cat?post=42306"},{"taxonomy":"product_tag","embeddable":true,"href":"https:\/\/www.nordi.ee\/en\/wp-json\/wp\/v2\/product_tag?post=42306"}],"curies":[{"name":"wp","href":"https:\/\/api.w.org\/{rel}","templated":true}]}}