{"id":42299,"date":"2025-11-22T14:25:10","date_gmt":"2025-11-22T12:25:10","guid":{"rendered":"https:\/\/www.nordi.ee\/?post_type=product&#038;p=42299"},"modified":"2025-11-23T21:01:25","modified_gmt":"2025-11-23T19:01:25","slug":"tammepuidust-kapp-loft-05","status":"publish","type":"product","link":"https:\/\/www.nordi.ee\/en\/toode\/tammepuidust-kapp-loft-05\/","title":{"rendered":"Tammepuidust Kapp KONGO LOFT 05"},"content":{"rendered":"<h4><\/h4>\n<p>&nbsp;<\/p>\n","protected":false},"excerpt":{"rendered":"<p data-start=\"87\" data-end=\"562\">K\u00f5rge vitriin Raro 90, laiusega 60 cm, sobib suurep\u00e4raselt v\u00e4iksematesse ruumidesse, kus domineerib modernne stiil. Olenemata sellest, kas see on osa elutoa puhkenurga komplektist v\u00f5i iseseisev m\u00f6\u00f6bliese kontoris \u2014 vitriin toimib samaaegselt nii hoiustamis- kui ka eksponeerimislahendusena. Vitriinil on kokku 4 riiulit, millest kaks on karastatud klaasist ja taluvad kuni 3 kg raskust. \u00dclej\u00e4\u00e4nud tammelaminaadist riiulid on piisavalt tugevad ka raskemate esemete hoidmiseks.<\/p>\n<p data-start=\"564\" data-end=\"1084\">Esipaneel on valmistatud t\u00e4ispuidust tammest, millel on soe, kuldne toon, ning tume klaas lisab vitriinile elegantsi. Korpus (k\u00fcljed, pealisplaat ja osa riiuleid) on valmistatud tammelist imiteerivast laminaatplaadist, mis sobitub esipaneelidega ideaalselt. Stiili r\u00f5hutavad mustad metallk\u00e4epidemed, mis annavad m\u00f6\u00f6blile modernistliku ilme. Ustel on vaikselt sulguvad hinged, mis muudavad kasutamise mugavaks ja pehmeks. M\u00f6\u00f6blit on lihtne hooldada ja see on vastupidav \u2014 \u00f5litamisega saab selle eluiga h\u00f5lpsalt pikendada.<\/p>\n<p data-start=\"1086\" data-end=\"1156\">M\u00f6\u00f6bel saadetakse kahes pakis ja on m\u00f5eldud iseseisvaks kokkupanekuks.<\/p>\n<hr data-start=\"1158\" data-end=\"1161\" \/>\n<p data-start=\"1163\" data-end=\"1181\"><strong data-start=\"1163\" data-end=\"1181\">Konstruktsioon<\/strong><\/p>\n<ul data-start=\"1183\" data-end=\"1384\">\n<li data-start=\"1183\" data-end=\"1221\">\n<p data-start=\"1185\" data-end=\"1221\"><strong data-start=\"1185\" data-end=\"1198\">Sihtkoht:<\/strong> elutuba, magamistuba<\/p>\n<\/li>\n<li data-start=\"1222\" data-end=\"1277\">\n<p data-start=\"1224\" data-end=\"1277\"><strong data-start=\"1224\" data-end=\"1258\">M\u00f5\u00f5dud (k\u00f5rgus\/laius\/s\u00fcgavus):<\/strong> 190 \u00d7 60 \u00d7 40 cm<\/p>\n<\/li>\n<li data-start=\"1278\" data-end=\"1364\">\n<p data-start=\"1280\" data-end=\"1364\"><strong data-start=\"1280\" data-end=\"1295\">Materjalid:<\/strong> tammepuit, laminaatplaat, toonitud karastatud klaas, klaas, metall<\/p>\n<\/li>\n<li data-start=\"1365\" data-end=\"1384\">\n<p data-start=\"1367\" data-end=\"1384\"><strong data-start=\"1367\" data-end=\"1376\">Kaal:<\/strong> 41 kg<\/p>\n<\/li>\n<\/ul>\n","protected":false},"featured_media":42300,"comment_status":"closed","ping_status":"closed","template":"","meta":{"_gspb_post_css":""},"product_brand":[34],"product_cat":[165,205,200,4297],"product_tag":[],"class_list":{"0":"post-42299","1":"product","2":"type-product","3":"status-publish","4":"has-post-thumbnail","6":"product_brand-siudy","7":"product_cat-elutuba","8":"product_cat-kapid","9":"product_cat-riiulid","10":"product_cat-siudy","11":"pa_korgus-4289","12":"pa_laius-4288","13":"pa_sugavus-604","14":"pa_vahelaos-ei","16":"first","17":"instock","18":"sale","19":"purchasable","20":"product-type-simple"},"_links":{"self":[{"href":"https:\/\/www.nordi.ee\/en\/wp-json\/wp\/v2\/product\/42299","targetHints":{"allow":["GET"]}}],"collection":[{"href":"https:\/\/www.nordi.ee\/en\/wp-json\/wp\/v2\/product"}],"about":[{"href":"https:\/\/www.nordi.ee\/en\/wp-json\/wp\/v2\/types\/product"}],"replies":[{"embeddable":true,"href":"https:\/\/www.nordi.ee\/en\/wp-json\/wp\/v2\/comments?post=42299"}],"wp:featuredmedia":[{"embeddable":true,"href":"https:\/\/www.nordi.ee\/en\/wp-json\/wp\/v2\/media\/42300"}],"wp:attachment":[{"href":"https:\/\/www.nordi.ee\/en\/wp-json\/wp\/v2\/media?parent=42299"}],"wp:term":[{"taxonomy":"product_brand","embeddable":true,"href":"https:\/\/www.nordi.ee\/en\/wp-json\/wp\/v2\/product_brand?post=42299"},{"taxonomy":"product_cat","embeddable":true,"href":"https:\/\/www.nordi.ee\/en\/wp-json\/wp\/v2\/product_cat?post=42299"},{"taxonomy":"product_tag","embeddable":true,"href":"https:\/\/www.nordi.ee\/en\/wp-json\/wp\/v2\/product_tag?post=42299"}],"curies":[{"name":"wp","href":"https:\/\/api.w.org\/{rel}","templated":true}]}}