{"id":42271,"date":"2025-11-22T14:24:55","date_gmt":"2025-11-22T12:24:55","guid":{"rendered":"https:\/\/www.nordi.ee\/?post_type=product&#038;p=42271"},"modified":"2025-11-23T21:01:26","modified_gmt":"2025-11-23T19:01:26","slug":"tammepuidust-vitriin-raro-95","status":"publish","type":"product","link":"https:\/\/www.nordi.ee\/en\/toode\/tammepuidust-vitriin-raro-95\/","title":{"rendered":"Tammepuidust vitriinkapp Raro 95"},"content":{"rendered":"","protected":false},"excerpt":{"rendered":"<p data-start=\"90\" data-end=\"415\">Madal puidust-klaasvitriin Raro 95 v\u00f5lub oma modernse disaini ja funktsionaalsusega. Vitriini sisemuses on kaks laminaatplaadist riiulit ning nende vahel karastatud klaasist riiul. T\u00e4nu puidu ja klaasi kombinatsioonile pakub vitriin nii praktilist hoiuruumi kui ka v\u00f5imalust dekoratiivsete esemete efektseks eksponeerimiseks.<\/p>\n<p data-start=\"417\" data-end=\"988\">M\u00f6\u00f6bli korpus (k\u00fcljed, pealisplaat ja sisemus) on valmistatud tammepuitu imiteerivast laminaatplaadist, samas kui esipaneel on naturaalsest kuldse tooniga tammepuidust. Uste disaini t\u00e4iendab toonitud karastatud klaas, mis lisab vitriinile elegantsi ja omap\u00e4ra. Uste hinged on varustatud vaikselt sulguva mehhanismiga, mis muudab kasutamise mugavaks ja h\u00e4\u00e4letuks. Vitriini t\u00e4iendab mustaks pulberv\u00e4rvitud metallk\u00e4epide. Raro 95 on lihtsasti hooldatav ja v\u00f5tab v\u00e4he ruumi, mist\u00f5ttu sobib suurep\u00e4raselt v\u00e4iksematesse interj\u00f6\u00f6ridesse, lisades neile kergust ja avaruse muljet.<\/p>\n<p data-start=\"990\" data-end=\"1063\">M\u00f6\u00f6bel saadetakse \u00fches pakis ja on ette n\u00e4htud iseseisvaks kokkupanekuks.<\/p>\n<hr data-start=\"1065\" data-end=\"1068\" \/>\n<p data-start=\"1070\" data-end=\"1088\"><strong data-start=\"1070\" data-end=\"1088\">Konstruktsioon<\/strong><\/p>\n<ul data-start=\"1090\" data-end=\"1291\">\n<li data-start=\"1090\" data-end=\"1128\">\n<p data-start=\"1092\" data-end=\"1128\"><strong data-start=\"1092\" data-end=\"1105\">Sihtkoht:<\/strong> elutuba, magamistuba<\/p>\n<\/li>\n<li data-start=\"1129\" data-end=\"1184\">\n<p data-start=\"1131\" data-end=\"1184\"><strong data-start=\"1131\" data-end=\"1165\">M\u00f5\u00f5dud (k\u00f5rgus\/laius\/s\u00fcgavus):<\/strong> 135 \u00d7 60 \u00d7 40 cm<\/p>\n<\/li>\n<li data-start=\"1185\" data-end=\"1271\">\n<p data-start=\"1187\" data-end=\"1271\"><strong data-start=\"1187\" data-end=\"1202\">Materjalid:<\/strong> tammepuit, laminaatplaat, toonitud karastatud klaas, klaas, metall<\/p>\n<\/li>\n<li data-start=\"1272\" data-end=\"1291\">\n<p data-start=\"1274\" data-end=\"1291\"><strong data-start=\"1274\" data-end=\"1283\">Kaal:<\/strong> 41 kg<\/p>\n<\/li>\n<\/ul>\n","protected":false},"featured_media":42272,"comment_status":"closed","ping_status":"closed","template":"","meta":{"_gspb_post_css":""},"product_brand":[34],"product_cat":[165,205,4297,4062],"product_tag":[],"class_list":{"0":"post-42271","1":"product","2":"type-product","3":"status-publish","4":"has-post-thumbnail","6":"product_brand-siudy","7":"product_cat-elutuba","8":"product_cat-kapid","9":"product_cat-siudy","10":"product_cat-vitriinkapid","11":"pa_korgus-2331","12":"pa_laius-310","13":"pa_sugavus-646","14":"pa_vahelaos-jah","16":"first","17":"instock","18":"sale","19":"purchasable","20":"product-type-simple"},"_links":{"self":[{"href":"https:\/\/www.nordi.ee\/en\/wp-json\/wp\/v2\/product\/42271","targetHints":{"allow":["GET"]}}],"collection":[{"href":"https:\/\/www.nordi.ee\/en\/wp-json\/wp\/v2\/product"}],"about":[{"href":"https:\/\/www.nordi.ee\/en\/wp-json\/wp\/v2\/types\/product"}],"replies":[{"embeddable":true,"href":"https:\/\/www.nordi.ee\/en\/wp-json\/wp\/v2\/comments?post=42271"}],"wp:featuredmedia":[{"embeddable":true,"href":"https:\/\/www.nordi.ee\/en\/wp-json\/wp\/v2\/media\/42272"}],"wp:attachment":[{"href":"https:\/\/www.nordi.ee\/en\/wp-json\/wp\/v2\/media?parent=42271"}],"wp:term":[{"taxonomy":"product_brand","embeddable":true,"href":"https:\/\/www.nordi.ee\/en\/wp-json\/wp\/v2\/product_brand?post=42271"},{"taxonomy":"product_cat","embeddable":true,"href":"https:\/\/www.nordi.ee\/en\/wp-json\/wp\/v2\/product_cat?post=42271"},{"taxonomy":"product_tag","embeddable":true,"href":"https:\/\/www.nordi.ee\/en\/wp-json\/wp\/v2\/product_tag?post=42271"}],"curies":[{"name":"wp","href":"https:\/\/api.w.org\/{rel}","templated":true}]}}