{"id":42261,"date":"2025-11-22T14:24:55","date_gmt":"2025-11-22T12:24:55","guid":{"rendered":"https:\/\/www.nordi.ee\/?post_type=product&#038;p=42261"},"modified":"2025-11-23T21:01:26","modified_gmt":"2025-11-23T19:01:26","slug":"tammepuidust-vitriinkapp-raro-81","status":"publish","type":"product","link":"https:\/\/www.nordi.ee\/en\/toode\/tammepuidust-vitriinkapp-raro-81\/","title":{"rendered":"Tammepuidust vitriinkapp RARO 81"},"content":{"rendered":"","protected":false},"excerpt":{"rendered":"<p data-start=\"103\" data-end=\"680\">Vitriin RARO 81, pikkusega 125 cm, on tammepuidust m\u00f6\u00f6bliese, mis sobib suurep\u00e4raselt modernsetesse interj\u00f6\u00f6ridesse, lisades neile stiili ja elegantsi. See t\u00f6\u00f6tab suurep\u00e4raselt elutoas, s\u00f6\u00f6gitoas v\u00f5i isegi stiilses kabinetis, tuues ruumi soojust t\u00e4nu tamme kuldsele toonile. Vitriinil on kokku 7 avarat riiulit \u2014 kaks neist on valmistatud karastatud klaasist, \u00fclej\u00e4\u00e4nud aga laminaatplaadist. Klaasist uste taga saab kaunilt eksponeerida dekoratsioone, samas kui t\u00e4ispuidust uste taga ja kolmes s\u00fcgavas sahtlis on piisavalt ruumi suuremate esemete ja v\u00e4iksemate tarvikute jaoks.<\/p>\n<p data-start=\"682\" data-end=\"1195\">Tammepuidust esipaneelil olev toonitud karastatud klaas annab m\u00f6\u00f6blile ainulaadse ilme. Korpus on valmistatud laminaatplaadist, mille tekstuur imiteerib naturaalset puidus\u00fc\u00fcd ja mille toon on t\u00e4pselt sobitatud esipaneelidega. Vaikselt sulguvad hinged ja sahtlite siinid muudavad kasutamise mugavaks ja sujuvaks. Vitriini modernset stiili r\u00f5hutavad mustad metallist k\u00e4epidemed. K\u00f5rgekvaliteediline Raro 81 on suurep\u00e4rane valik neile, kes otsivad elegantset, kuid samas praktilist m\u00f6\u00f6blieset oma kodu sisustamiseks.<\/p>\n<p data-start=\"1197\" data-end=\"1272\">M\u00f6\u00f6bel saadetakse kolmes pakis ja on ette n\u00e4htud iseseisvaks kokkupanekuks.<\/p>\n<hr data-start=\"1274\" data-end=\"1277\" \/>\n<p data-start=\"1279\" data-end=\"1297\"><strong data-start=\"1279\" data-end=\"1297\">Konstruktsioon<\/strong><\/p>\n<ul data-start=\"1299\" data-end=\"1508\">\n<li data-start=\"1299\" data-end=\"1337\">\n<p data-start=\"1301\" data-end=\"1337\"><strong data-start=\"1301\" data-end=\"1314\">Sihtkoht:<\/strong> elutuba, magamistuba<\/p>\n<\/li>\n<li data-start=\"1338\" data-end=\"1394\">\n<p data-start=\"1340\" data-end=\"1394\"><strong data-start=\"1340\" data-end=\"1374\">M\u00f5\u00f5dud (k\u00f5rgus\/laius\/s\u00fcgavus):<\/strong> 115 \u00d7 125 \u00d7 40 cm<\/p>\n<\/li>\n<li data-start=\"1395\" data-end=\"1481\">\n<p data-start=\"1397\" data-end=\"1481\"><strong data-start=\"1397\" data-end=\"1412\">Materjalid:<\/strong> tammepuit, laminaatplaat, toonitud karastatud klaas, klaas, metall<\/p>\n<\/li>\n<li data-start=\"1482\" data-end=\"1508\">\n<p data-start=\"1484\" data-end=\"1508\"><strong data-start=\"1484\" data-end=\"1500\">M\u00f6\u00f6bli kaal:<\/strong> 84 kg<\/p>\n<\/li>\n<\/ul>\n","protected":false},"featured_media":42262,"comment_status":"closed","ping_status":"closed","template":"","meta":{"_gspb_post_css":""},"product_brand":[34],"product_cat":[4067,165,205,4297],"product_tag":[],"class_list":{"0":"post-42261","1":"product","2":"type-product","3":"status-publish","4":"has-post-thumbnail","6":"product_brand-siudy","7":"product_cat-kummutid","8":"product_cat-elutuba","9":"product_cat-kapid","10":"product_cat-siudy","11":"pa_korgus-4097","12":"pa_laius-2088","13":"pa_sugavus-646","14":"pa_vahelaos-jah","16":"first","17":"instock","18":"sale","19":"purchasable","20":"product-type-simple"},"_links":{"self":[{"href":"https:\/\/www.nordi.ee\/en\/wp-json\/wp\/v2\/product\/42261","targetHints":{"allow":["GET"]}}],"collection":[{"href":"https:\/\/www.nordi.ee\/en\/wp-json\/wp\/v2\/product"}],"about":[{"href":"https:\/\/www.nordi.ee\/en\/wp-json\/wp\/v2\/types\/product"}],"replies":[{"embeddable":true,"href":"https:\/\/www.nordi.ee\/en\/wp-json\/wp\/v2\/comments?post=42261"}],"wp:featuredmedia":[{"embeddable":true,"href":"https:\/\/www.nordi.ee\/en\/wp-json\/wp\/v2\/media\/42262"}],"wp:attachment":[{"href":"https:\/\/www.nordi.ee\/en\/wp-json\/wp\/v2\/media?parent=42261"}],"wp:term":[{"taxonomy":"product_brand","embeddable":true,"href":"https:\/\/www.nordi.ee\/en\/wp-json\/wp\/v2\/product_brand?post=42261"},{"taxonomy":"product_cat","embeddable":true,"href":"https:\/\/www.nordi.ee\/en\/wp-json\/wp\/v2\/product_cat?post=42261"},{"taxonomy":"product_tag","embeddable":true,"href":"https:\/\/www.nordi.ee\/en\/wp-json\/wp\/v2\/product_tag?post=42261"}],"curies":[{"name":"wp","href":"https:\/\/api.w.org\/{rel}","templated":true}]}}