{"id":42250,"date":"2025-11-22T14:24:55","date_gmt":"2025-11-22T12:24:55","guid":{"rendered":"https:\/\/www.nordi.ee\/?post_type=product&#038;p=42250"},"modified":"2025-11-23T21:01:26","modified_gmt":"2025-11-23T19:01:26","slug":"tammepuidust-tvalus-napoli-40","status":"publish","type":"product","link":"https:\/\/www.nordi.ee\/en\/toode\/tammepuidust-tvalus-napoli-40\/","title":{"rendered":"Tammepuidust tv-alus Napoli 40"},"content":{"rendered":"","protected":false},"excerpt":{"rendered":"<article class=\"text-token-text-primary w-full focus:outline-none [--shadow-height:45px] has-data-writing-block:pointer-events-none has-data-writing-block:-mt-(--shadow-height) has-data-writing-block:pt-(--shadow-height) [&amp;:has([data-writing-block])&gt;*]:pointer-events-auto [content-visibility:auto] supports-[content-visibility:auto]:[contain-intrinsic-size:auto_100lvh] scroll-mt-[calc(var(--header-height)+min(200px,max(70px,20svh)))]\" dir=\"auto\" tabindex=\"-1\" data-turn-id=\"request-WEB:f38140c5-7a75-46d6-9c94-e9cef67e5631-24\" data-testid=\"conversation-turn-50\" data-scroll-anchor=\"true\" data-turn=\"assistant\">\n<div class=\"text-base my-auto mx-auto pb-10 [--thread-content-margin:--spacing(4)] thread-sm:[--thread-content-margin:--spacing(6)] thread-lg:[--thread-content-margin:--spacing(16)] px-(--thread-content-margin)\">\n<div class=\"[--thread-content-max-width:40rem] thread-lg:[--thread-content-max-width:48rem] mx-auto max-w-(--thread-content-max-width) flex-1 group\/turn-messages focus-visible:outline-hidden relative flex w-full min-w-0 flex-col agent-turn\" tabindex=\"-1\">\n<div class=\"flex max-w-full flex-col grow\">\n<div class=\"min-h-8 text-message relative flex w-full flex-col items-end gap-2 text-start break-words whitespace-normal [.text-message+&amp;]:mt-1\" dir=\"auto\" data-message-author-role=\"assistant\" data-message-id=\"03a7c243-6041-4b5e-8011-4af16556dd94\" data-message-model-slug=\"gpt-5-1\">\n<div class=\"flex w-full flex-col gap-1 empty:hidden first:pt-[1px]\">\n<div class=\"markdown prose dark:prose-invert w-full break-words light markdown-new-styling\">\n<p data-start=\"77\" data-end=\"138\"><strong data-start=\"77\" data-end=\"138\">Napoli 40 \u2013 kitsas tamme TV-alus v\u00e4iksematesse ruumidesse<\/strong><\/p>\n<p data-start=\"140\" data-end=\"432\">Napoli 40 on kompaktne, kuid \u00fcllatavalt mahukas TV-alus, mis sobib suurep\u00e4raselt v\u00e4ikestesse elutubadesse, magamistubadesse v\u00f5i kodukontorisse. Minimalistlik vorm ja naturaalne tammeviimistlus muudavad selle m\u00f6\u00f6blieseme lihtsasti sobitatavaks nii traditsioonilisse kui modernsesse interj\u00f6\u00f6ri.<\/p>\n<p data-start=\"434\" data-end=\"755\"><strong data-start=\"434\" data-end=\"475\">Praktiline lahendus v\u00e4ikesele ruumile<\/strong><br data-start=\"475\" data-end=\"478\" \/>\u2022 Avatud riiul elektroonika jaoks \u2013 ideaalne dekoodrile v\u00f5i konsoolile<br data-start=\"548\" data-end=\"551\" \/>\u2022 Mahukas <strong data-start=\"561\" data-end=\"571\">sahtel<\/strong> suuremate esemete ja tarvikute hoiustamiseks<br data-start=\"616\" data-end=\"619\" \/>\u2022 Sobib v\u00e4iksemale telerile v\u00f5i k\u00f5rgele seinale paigutatud pildile<br data-start=\"685\" data-end=\"688\" \/>\u2022 Vaikselt sulguvad sahtlisiinid tagavad mugava ja h\u00e4\u00e4letu kasutuse<\/p>\n<p data-start=\"757\" data-end=\"1117\"><strong data-start=\"757\" data-end=\"801\">Naturaalne tamm ja kvaliteetsed detailid<\/strong><br data-start=\"801\" data-end=\"804\" \/>\u2022 Pealisplaat, esipaneelid ja jalad valmistatud <strong data-start=\"852\" data-end=\"875\">t\u00e4ispuidust tammest<\/strong><br data-start=\"875\" data-end=\"878\" \/>\u2022 K\u00fclgedel ja sisemuses: <strong data-start=\"903\" data-end=\"918\">tamme spoon<\/strong> ja kvaliteetne laminaat, mis sobib toonilt t\u00e4iuslikult<br data-start=\"973\" data-end=\"976\" \/>\u2022 Freesitud k\u00e4epidemed r\u00f5hutavad Napoli kollektsiooni elegantset joont<br data-start=\"1046\" data-end=\"1049\" \/>\u2022 Jalad on varustatud <strong data-start=\"1071\" data-end=\"1092\">p\u00f5randakaitsetega<\/strong>, mis hoiavad \u00e4ra kriimud<\/p>\n<p data-start=\"1119\" data-end=\"1335\"><strong data-start=\"1119\" data-end=\"1135\">Toote andmed<\/strong><br data-start=\"1135\" data-end=\"1138\" \/>\u2022 M\u00f5\u00f5dud (K \u00d7 L \u00d7 S): <strong data-start=\"1160\" data-end=\"1180\">58 \u00d7 100 \u00d7 40 cm<\/strong><br data-start=\"1180\" data-end=\"1183\" \/>\u2022 Kaal pakendiga: <strong data-start=\"1201\" data-end=\"1210\">35 kg<\/strong><br data-start=\"1210\" data-end=\"1213\" \/>\u2022 Materjalid: t\u00e4ispuit tamm, tammespoon, laminaat, HDF<br data-start=\"1267\" data-end=\"1270\" \/>\u2022 Tarnitakse <strong data-start=\"1283\" data-end=\"1294\">2 pakis<\/strong> ja m\u00f5eldud <strong data-start=\"1306\" data-end=\"1335\">iseseisvaks kokkupanekuks<\/strong><\/p>\n<p data-start=\"1337\" data-end=\"1465\" data-is-last-node=\"\" data-is-only-node=\"\">Napoli 40 TV-alus pakub <strong data-start=\"1361\" data-end=\"1414\">stiili, funktsionaalsust ja naturaalset tamme ilu<\/strong>, muutes v\u00e4iksema ruumi mugavaks ja harmooniliseks.<\/p>\n<\/div>\n<\/div>\n<\/div>\n<\/div>\n<div class=\"z-0 flex min-h-[46px] justify-start\"><\/div>\n<div class=\"mt-3 w-full empty:hidden\">\n<div class=\"text-center\"><\/div>\n<\/div>\n<\/div>\n<\/div>\n<\/article>\n<div class=\"pointer-events-none h-px w-px\" aria-hidden=\"true\" data-edge=\"true\"><\/div>\n","protected":false},"featured_media":42251,"comment_status":"closed","ping_status":"closed","template":"","meta":{"_gspb_post_css":""},"product_brand":[34],"product_cat":[165,4297,193],"product_tag":[],"class_list":{"0":"post-42250","1":"product","2":"type-product","3":"status-publish","4":"has-post-thumbnail","6":"product_brand-siudy","7":"product_cat-elutuba","8":"product_cat-siudy","9":"product_cat-tv-alused","10":"pa_korgus-1066","11":"pa_laius-615","12":"pa_sugavus-646","13":"pa_vahelaos-jah","15":"first","16":"instock","17":"sale","18":"purchasable","19":"product-type-simple"},"_links":{"self":[{"href":"https:\/\/www.nordi.ee\/en\/wp-json\/wp\/v2\/product\/42250","targetHints":{"allow":["GET"]}}],"collection":[{"href":"https:\/\/www.nordi.ee\/en\/wp-json\/wp\/v2\/product"}],"about":[{"href":"https:\/\/www.nordi.ee\/en\/wp-json\/wp\/v2\/types\/product"}],"replies":[{"embeddable":true,"href":"https:\/\/www.nordi.ee\/en\/wp-json\/wp\/v2\/comments?post=42250"}],"wp:featuredmedia":[{"embeddable":true,"href":"https:\/\/www.nordi.ee\/en\/wp-json\/wp\/v2\/media\/42251"}],"wp:attachment":[{"href":"https:\/\/www.nordi.ee\/en\/wp-json\/wp\/v2\/media?parent=42250"}],"wp:term":[{"taxonomy":"product_brand","embeddable":true,"href":"https:\/\/www.nordi.ee\/en\/wp-json\/wp\/v2\/product_brand?post=42250"},{"taxonomy":"product_cat","embeddable":true,"href":"https:\/\/www.nordi.ee\/en\/wp-json\/wp\/v2\/product_cat?post=42250"},{"taxonomy":"product_tag","embeddable":true,"href":"https:\/\/www.nordi.ee\/en\/wp-json\/wp\/v2\/product_tag?post=42250"}],"curies":[{"name":"wp","href":"https:\/\/api.w.org\/{rel}","templated":true}]}}