{"id":42227,"date":"2025-11-22T14:24:55","date_gmt":"2025-11-22T12:24:55","guid":{"rendered":"https:\/\/www.nordi.ee\/?post_type=product&#038;p=42227"},"modified":"2025-11-23T21:01:26","modified_gmt":"2025-11-23T19:01:26","slug":"tvalus-napoli-41","status":"publish","type":"product","link":"https:\/\/www.nordi.ee\/en\/toode\/tvalus-napoli-41\/","title":{"rendered":"Tammepuidust tv-alus NAPOLI 41"},"content":{"rendered":"","protected":false},"excerpt":{"rendered":"<article class=\"text-token-text-primary w-full focus:outline-none [--shadow-height:45px] has-data-writing-block:pointer-events-none has-data-writing-block:-mt-(--shadow-height) has-data-writing-block:pt-(--shadow-height) [&amp;:has([data-writing-block])&gt;*]:pointer-events-auto [content-visibility:auto] supports-[content-visibility:auto]:[contain-intrinsic-size:auto_100lvh] scroll-mt-[calc(var(--header-height)+min(200px,max(70px,20svh)))]\" dir=\"auto\" tabindex=\"-1\" data-turn-id=\"request-WEB:f38140c5-7a75-46d6-9c94-e9cef67e5631-21\" data-testid=\"conversation-turn-44\" data-scroll-anchor=\"true\" data-turn=\"assistant\">\n<div class=\"text-base my-auto mx-auto pb-10 [--thread-content-margin:--spacing(4)] thread-sm:[--thread-content-margin:--spacing(6)] thread-lg:[--thread-content-margin:--spacing(16)] px-(--thread-content-margin)\">\n<div class=\"[--thread-content-max-width:40rem] thread-lg:[--thread-content-max-width:48rem] mx-auto max-w-(--thread-content-max-width) flex-1 group\/turn-messages focus-visible:outline-hidden relative flex w-full min-w-0 flex-col agent-turn\" tabindex=\"-1\">\n<div class=\"flex max-w-full flex-col grow\">\n<div class=\"min-h-8 text-message relative flex w-full flex-col items-end gap-2 text-start break-words whitespace-normal [.text-message+&amp;]:mt-1\" dir=\"auto\" data-message-author-role=\"assistant\" data-message-id=\"ee684260-8fdb-4257-8a94-b2679a4cb3d4\" data-message-model-slug=\"gpt-5-1\">\n<div class=\"flex w-full flex-col gap-1 empty:hidden first:pt-[1px]\">\n<div class=\"markdown prose dark:prose-invert w-full break-words light markdown-new-styling\">\n<p data-start=\"77\" data-end=\"156\"><strong data-start=\"77\" data-end=\"156\">Napoli 41 \u2013 klassikaline tamme TV-alus lihtsa vormi ja praktilise disainiga<\/strong><\/p>\n<p data-start=\"158\" data-end=\"426\">Napoli 41 on tugevatel t\u00e4istammest jalgadel seisev TV-alus, mis sobib ideaalselt igasse elutuppa. Selle minimalistlik kuju, funktsionaalsed lahendused ja naturaalne tammeviimistlus muudavad selle ajatu m\u00f6\u00f6blieseme, mida on lihtne sobitada erinevatesse interj\u00f6\u00f6ridesse.<\/p>\n<p data-start=\"428\" data-end=\"749\"><strong data-start=\"428\" data-end=\"466\">Funktsionaalne ja kasutajas\u00f5bralik<\/strong><br data-start=\"466\" data-end=\"469\" \/>\u2022 2 avarat sahtlit igap\u00e4evaste esemete hoiustamiseks<br data-start=\"521\" data-end=\"524\" \/>\u2022 Avatud sektsioon elektroonikale kaabliavaga \u2013 juhtmed j\u00e4\u00e4vad korralikult varjatuks<br data-start=\"608\" data-end=\"611\" \/>\u2022 Suurep\u00e4rane valik telerile, konsoolile v\u00f5i muu tehnika organiseerimiseks<br data-start=\"685\" data-end=\"688\" \/>\u2022 Vaikselt sulguvad siinid tagavad mugava ja h\u00e4\u00e4letu kasutuse<\/p>\n<p data-start=\"751\" data-end=\"1131\"><strong data-start=\"751\" data-end=\"799\">Kvaliteetne t\u00e4ispuit ja elegantne viimistlus<\/strong><br data-start=\"799\" data-end=\"802\" \/>\u2022 Esipaneelid ja pealisplaat: <strong data-start=\"832\" data-end=\"849\">t\u00e4ispuit tamm<\/strong>, mis on vastupidav ja ajatu<br data-start=\"877\" data-end=\"880\" \/>\u2022 K\u00fclgedel ja riiulitel: <strong data-start=\"905\" data-end=\"920\">tamme spoon<\/strong>, mis sobib toonilt t\u00e4iuslikult<br data-start=\"951\" data-end=\"954\" \/>\u2022 Sisu: <strong data-start=\"962\" data-end=\"979\" data-is-only-node=\"\">laminaatplaat<\/strong> naturaalse puidus\u00fc\u00fc tekstuuriga<br data-start=\"1011\" data-end=\"1014\" \/>\u2022 Tammepuidust jalad on varustatud p\u00f5randakaitsetega<br data-start=\"1066\" data-end=\"1069\" \/>\u2022 Freesitud k\u00e4epidemed loovad minimalistliku ja kaasaegse ilme<\/p>\n<p data-start=\"1133\" data-end=\"1344\"><strong data-start=\"1133\" data-end=\"1149\">Toote andmed<\/strong><br data-start=\"1149\" data-end=\"1152\" \/>\u2022 M\u00f5\u00f5dud (K \u00d7 L \u00d7 S): <strong data-start=\"1174\" data-end=\"1194\">58 \u00d7 140 \u00d7 40 cm<\/strong><br data-start=\"1194\" data-end=\"1197\" \/>\u2022 Kaal pakendiga: <strong data-start=\"1215\" data-end=\"1224\">45 kg<\/strong><br data-start=\"1224\" data-end=\"1227\" \/>\u2022 Materjalid: t\u00e4ispuit tamm, tammespoon, laminaat<br data-start=\"1276\" data-end=\"1279\" \/>\u2022 Tarnitakse <strong data-start=\"1292\" data-end=\"1303\">2 pakis<\/strong> ja m\u00f5eldud <strong data-start=\"1315\" data-end=\"1344\">iseseisvaks kokkupanekuks<\/strong><\/p>\n<p data-start=\"1346\" data-end=\"1480\" data-is-last-node=\"\" data-is-only-node=\"\">Napoli 41 TV-alus \u00fchendab <strong data-start=\"1372\" data-end=\"1430\">ajatu disaini, praktilisuse ja kvaliteetsed materjalid<\/strong>, tuues sinu elutuppa soojust ja funktsionaalsust.<\/p>\n<\/div>\n<\/div>\n<\/div>\n<\/div>\n<div class=\"z-0 flex min-h-[46px] justify-start\"><\/div>\n<div class=\"mt-3 w-full empty:hidden\">\n<div class=\"text-center\"><\/div>\n<\/div>\n<\/div>\n<\/div>\n<\/article>\n<div class=\"pointer-events-none h-px w-px\" aria-hidden=\"true\" data-edge=\"true\"><\/div>\n","protected":false},"featured_media":42228,"comment_status":"closed","ping_status":"closed","template":"","meta":{"_gspb_post_css":""},"product_brand":[34],"product_cat":[165,4297,193],"product_tag":[],"class_list":{"0":"post-42227","1":"product","2":"type-product","3":"status-publish","4":"has-post-thumbnail","6":"product_brand-siudy","7":"product_cat-elutuba","8":"product_cat-siudy","9":"product_cat-tv-alused","10":"pa_korgus-1066","11":"pa_laius-2230","12":"pa_sugavus-646","13":"pa_vahelaos-jah","15":"first","16":"instock","17":"sale","18":"purchasable","19":"product-type-simple"},"_links":{"self":[{"href":"https:\/\/www.nordi.ee\/en\/wp-json\/wp\/v2\/product\/42227","targetHints":{"allow":["GET"]}}],"collection":[{"href":"https:\/\/www.nordi.ee\/en\/wp-json\/wp\/v2\/product"}],"about":[{"href":"https:\/\/www.nordi.ee\/en\/wp-json\/wp\/v2\/types\/product"}],"replies":[{"embeddable":true,"href":"https:\/\/www.nordi.ee\/en\/wp-json\/wp\/v2\/comments?post=42227"}],"wp:featuredmedia":[{"embeddable":true,"href":"https:\/\/www.nordi.ee\/en\/wp-json\/wp\/v2\/media\/42228"}],"wp:attachment":[{"href":"https:\/\/www.nordi.ee\/en\/wp-json\/wp\/v2\/media?parent=42227"}],"wp:term":[{"taxonomy":"product_brand","embeddable":true,"href":"https:\/\/www.nordi.ee\/en\/wp-json\/wp\/v2\/product_brand?post=42227"},{"taxonomy":"product_cat","embeddable":true,"href":"https:\/\/www.nordi.ee\/en\/wp-json\/wp\/v2\/product_cat?post=42227"},{"taxonomy":"product_tag","embeddable":true,"href":"https:\/\/www.nordi.ee\/en\/wp-json\/wp\/v2\/product_tag?post=42227"}],"curies":[{"name":"wp","href":"https:\/\/api.w.org\/{rel}","templated":true}]}}