{"id":42221,"date":"2025-11-22T14:24:55","date_gmt":"2025-11-22T12:24:55","guid":{"rendered":"https:\/\/www.nordi.ee\/?post_type=product&#038;p=42221"},"modified":"2025-11-23T21:01:26","modified_gmt":"2025-11-23T19:01:26","slug":"tammepuidust-tvalus-neomi-01","status":"publish","type":"product","link":"https:\/\/www.nordi.ee\/en\/toode\/tammepuidust-tvalus-neomi-01\/","title":{"rendered":"Tammepuidust tv-alus Neomi 01"},"content":{"rendered":"","protected":false},"excerpt":{"rendered":"<article class=\"text-token-text-primary w-full focus:outline-none [--shadow-height:45px] has-data-writing-block:pointer-events-none has-data-writing-block:-mt-(--shadow-height) has-data-writing-block:pt-(--shadow-height) [&amp;:has([data-writing-block])&gt;*]:pointer-events-auto [content-visibility:auto] supports-[content-visibility:auto]:[contain-intrinsic-size:auto_100lvh] scroll-mt-[calc(var(--header-height)+min(200px,max(70px,20svh)))]\" dir=\"auto\" tabindex=\"-1\" data-turn-id=\"request-WEB:f38140c5-7a75-46d6-9c94-e9cef67e5631-20\" data-testid=\"conversation-turn-42\" data-scroll-anchor=\"true\" data-turn=\"assistant\">\n<div class=\"text-base my-auto mx-auto pb-10 [--thread-content-margin:--spacing(4)] thread-sm:[--thread-content-margin:--spacing(6)] thread-lg:[--thread-content-margin:--spacing(16)] px-(--thread-content-margin)\">\n<div class=\"[--thread-content-max-width:40rem] thread-lg:[--thread-content-max-width:48rem] mx-auto max-w-(--thread-content-max-width) flex-1 group\/turn-messages focus-visible:outline-hidden relative flex w-full min-w-0 flex-col agent-turn\" tabindex=\"-1\">\n<div class=\"flex max-w-full flex-col grow\">\n<div class=\"min-h-8 text-message relative flex w-full flex-col items-end gap-2 text-start break-words whitespace-normal [.text-message+&amp;]:mt-1\" dir=\"auto\" data-message-author-role=\"assistant\" data-message-id=\"d9cf804c-3603-4d14-af2f-015b7705cb18\" data-message-model-slug=\"gpt-5-1\">\n<div class=\"flex w-full flex-col gap-1 empty:hidden first:pt-[1px]\">\n<div class=\"markdown prose dark:prose-invert w-full break-words light markdown-new-styling\">\n<p data-start=\"77\" data-end=\"128\"><strong data-start=\"77\" data-end=\"128\">Neomi 01 \u2013 modernne tamme TV-alus musta p\u00f5hjaga<\/strong><\/p>\n<p data-start=\"130\" data-end=\"423\">Neomi 01 on elegantne ja kompaktne TV-alus, mis sobib suurep\u00e4raselt modernsesse v\u00f5i kaasaegsesse interj\u00f6\u00f6ri. Minimalistlik ja geomeetriline vorm ei domineeri ruumis, vaid loob tasakaalustatud, stiilse aktsendi. Vaatamata v\u00e4iksemale suurusele pakub see kummut \u00fcllatavalt palju funktsionaalsust.<\/p>\n<p data-start=\"425\" data-end=\"745\"><strong data-start=\"425\" data-end=\"466\">Stiilne disain ja praktiline paigutus<\/strong><br data-start=\"466\" data-end=\"469\" \/>\u2022 2 mugavat sahtlit igap\u00e4evaste esemete organiseerimiseks<br data-start=\"526\" data-end=\"529\" \/>\u2022 Avatud riiulid kaabliavadega \u2013 ideaalne dekoodrile, konsoolile v\u00f5i DVD-m\u00e4ngijale<br data-start=\"611\" data-end=\"614\" \/>\u2022 Riiulitesse mahub ka raamatuid, plaate ja muid tarvikuid<br data-start=\"672\" data-end=\"675\" \/>\u2022 Sobib suurep\u00e4raselt kokku teiste Neomi sarja vitriinide ja kummidega<\/p>\n<p data-start=\"747\" data-end=\"1145\"><strong data-start=\"747\" data-end=\"793\">Kvaliteetsed materjalid ja kaunis kontrast<\/strong><br data-start=\"793\" data-end=\"796\" \/>\u2022 Esipaneelid ja pealisplaat on valmistatud <strong data-start=\"840\" data-end=\"872\">\u00f5litatud t\u00e4ispuidust tammest<\/strong>, millel on kaunis kuldne toon<br data-start=\"902\" data-end=\"905\" \/>\u2022 Korpus ja sisemus: vastupidav <strong data-start=\"937\" data-end=\"954\">laminaatplaat<\/strong>, mis j\u00e4ljendab tamme tekstuuri<br data-start=\"985\" data-end=\"988\" \/>\u2022 Must sokkel loob modernse kontrasti ja t\u00f5stab esile naturaalse puidu<br data-start=\"1058\" data-end=\"1061\" data-is-only-node=\"\" \/>\u2022 Mustaks pulberv\u00e4rvitud <strong data-start=\"1086\" data-end=\"1114\">alumiiniumist k\u00e4epidemed<\/strong> lisavad elegantset viimistlust<\/p>\n<p data-start=\"1147\" data-end=\"1364\"><strong data-start=\"1147\" data-end=\"1163\">Toote andmed<\/strong><br data-start=\"1163\" data-end=\"1166\" \/>\u2022 M\u00f5\u00f5dud (K \u00d7 L \u00d7 S): <strong data-start=\"1188\" data-end=\"1208\">56 \u00d7 140 \u00d7 40 cm<\/strong><br data-start=\"1208\" data-end=\"1211\" \/>\u2022 Kaal pakendiga: <strong data-start=\"1229\" data-end=\"1238\">45 kg<\/strong><br data-start=\"1238\" data-end=\"1241\" \/>\u2022 Materjalid: tammepuit, laminaatplaat, HDF, alumiinium<br data-start=\"1296\" data-end=\"1299\" \/>\u2022 Tarnitakse <strong data-start=\"1312\" data-end=\"1323\">2 pakis<\/strong> ja m\u00f5eldud <strong data-start=\"1335\" data-end=\"1364\">iseseisvaks kokkupanekuks<\/strong><\/p>\n<p data-start=\"1366\" data-end=\"1522\" data-is-last-node=\"\" data-is-only-node=\"\">Neomi 01 TV-alus toob sinu elutuppa <strong data-start=\"1402\" data-end=\"1476\">loodusliku tamme ilu, minimalistliku elegantsi ja praktilise paigutuse<\/strong>, mis t\u00e4iendab ruumi ilma seda \u00fcle koormamata.<\/p>\n<\/div>\n<\/div>\n<\/div>\n<\/div>\n<div class=\"z-0 flex min-h-[46px] justify-start\"><\/div>\n<div class=\"mt-3 w-full empty:hidden\">\n<div class=\"text-center\"><\/div>\n<\/div>\n<\/div>\n<\/div>\n<\/article>\n<div class=\"pointer-events-none h-px w-px\" aria-hidden=\"true\" data-edge=\"true\"><\/div>\n","protected":false},"featured_media":42222,"comment_status":"closed","ping_status":"closed","template":"","meta":{"_gspb_post_css":""},"product_brand":[34],"product_cat":[165,4297,193],"product_tag":[],"class_list":{"0":"post-42221","1":"product","2":"type-product","3":"status-publish","4":"has-post-thumbnail","6":"product_brand-siudy","7":"product_cat-elutuba","8":"product_cat-siudy","9":"product_cat-tv-alused","10":"pa_korgus-1117","11":"pa_laius-2230","12":"pa_sugavus-646","13":"pa_vahelaos-ei","15":"first","16":"instock","17":"sale","18":"purchasable","19":"product-type-simple"},"_links":{"self":[{"href":"https:\/\/www.nordi.ee\/en\/wp-json\/wp\/v2\/product\/42221","targetHints":{"allow":["GET"]}}],"collection":[{"href":"https:\/\/www.nordi.ee\/en\/wp-json\/wp\/v2\/product"}],"about":[{"href":"https:\/\/www.nordi.ee\/en\/wp-json\/wp\/v2\/types\/product"}],"replies":[{"embeddable":true,"href":"https:\/\/www.nordi.ee\/en\/wp-json\/wp\/v2\/comments?post=42221"}],"wp:featuredmedia":[{"embeddable":true,"href":"https:\/\/www.nordi.ee\/en\/wp-json\/wp\/v2\/media\/42222"}],"wp:attachment":[{"href":"https:\/\/www.nordi.ee\/en\/wp-json\/wp\/v2\/media?parent=42221"}],"wp:term":[{"taxonomy":"product_brand","embeddable":true,"href":"https:\/\/www.nordi.ee\/en\/wp-json\/wp\/v2\/product_brand?post=42221"},{"taxonomy":"product_cat","embeddable":true,"href":"https:\/\/www.nordi.ee\/en\/wp-json\/wp\/v2\/product_cat?post=42221"},{"taxonomy":"product_tag","embeddable":true,"href":"https:\/\/www.nordi.ee\/en\/wp-json\/wp\/v2\/product_tag?post=42221"}],"curies":[{"name":"wp","href":"https:\/\/api.w.org\/{rel}","templated":true}]}}