{"id":42213,"date":"2025-11-22T14:24:55","date_gmt":"2025-11-22T12:24:55","guid":{"rendered":"https:\/\/www.nordi.ee\/?post_type=product&#038;p=42213"},"modified":"2025-11-23T21:01:26","modified_gmt":"2025-11-23T19:01:26","slug":"tammepuidust-tvalus-kongo-loft-01","status":"publish","type":"product","link":"https:\/\/www.nordi.ee\/en\/toode\/tammepuidust-tvalus-kongo-loft-01\/","title":{"rendered":"Tammepuidust tv-alus Kongo LOFT 01"},"content":{"rendered":"","protected":false},"excerpt":{"rendered":"<article class=\"text-token-text-primary w-full focus:outline-none [--shadow-height:45px] has-data-writing-block:pointer-events-none has-data-writing-block:-mt-(--shadow-height) has-data-writing-block:pt-(--shadow-height) [&amp;:has([data-writing-block])&gt;*]:pointer-events-auto [content-visibility:auto] supports-[content-visibility:auto]:[contain-intrinsic-size:auto_100lvh] scroll-mt-[calc(var(--header-height)+min(200px,max(70px,20svh)))]\" dir=\"auto\" tabindex=\"-1\" data-turn-id=\"request-WEB:f38140c5-7a75-46d6-9c94-e9cef67e5631-19\" data-testid=\"conversation-turn-40\" data-scroll-anchor=\"true\" data-turn=\"assistant\">\n<div class=\"text-base my-auto mx-auto pb-10 [--thread-content-margin:--spacing(4)] thread-sm:[--thread-content-margin:--spacing(6)] thread-lg:[--thread-content-margin:--spacing(16)] px-(--thread-content-margin)\">\n<div class=\"[--thread-content-max-width:40rem] thread-lg:[--thread-content-max-width:48rem] mx-auto max-w-(--thread-content-max-width) flex-1 group\/turn-messages focus-visible:outline-hidden relative flex w-full min-w-0 flex-col agent-turn\" tabindex=\"-1\">\n<div class=\"flex max-w-full flex-col grow\">\n<div class=\"min-h-8 text-message relative flex w-full flex-col items-end gap-2 text-start break-words whitespace-normal [.text-message+&amp;]:mt-1\" dir=\"auto\" data-message-author-role=\"assistant\" data-message-id=\"c1c8b4b7-7316-4077-9d32-29a9f3bd3cc0\" data-message-model-slug=\"gpt-5-1\">\n<div class=\"flex w-full flex-col gap-1 empty:hidden first:pt-[1px]\">\n<div class=\"markdown prose dark:prose-invert w-full break-words light markdown-new-styling\">\n<p data-start=\"77\" data-end=\"165\"><strong data-start=\"77\" data-end=\"165\">Kongo LOFT 130 cm \u2013 modernne ja industriaalne TV-alus tammepuidu ja musta metalli kombinatsioonis<\/strong><\/p>\n<p data-start=\"167\" data-end=\"406\">Kongo LOFT sarja 130 cm laiune TV-alus on ideaalne valik kaasaegsesse, loft- v\u00f5i industriaalstiilis interj\u00f6\u00f6ri. Minimalistlik disain, funktsionaalsed sahtlid ja praktiline avatud riiul teevad sellest t\u00e4iusliku keskse elemendi sinu elutoas.<\/p>\n<p data-start=\"408\" data-end=\"741\"><strong data-start=\"408\" data-end=\"456\">Funktsionaalne ja h\u00e4sti l\u00e4bim\u00f5eldud paigutus<\/strong><br data-start=\"456\" data-end=\"459\" \/>\u2022 <strong data-start=\"461\" data-end=\"481\">2 avarat sahtlit<\/strong> tamme-esipaneelidega \u2013 suurep\u00e4rane koht raamatutele, plaatidele v\u00f5i tarvikutele<br data-start=\"561\" data-end=\"564\" \/>\u2022 <strong data-start=\"566\" data-end=\"587\">Pikk avatud riiul<\/strong> (k\u00f5rgus 16 cm) kaabliavaga \u2013 ideaalne konsoolile, dekoodrile v\u00f5i helitehnikale<br data-start=\"666\" data-end=\"669\" \/>\u2022 Mustad alumiiniumist k\u00e4epidemed lisavad modernset industriaalset ilmet<\/p>\n<p data-start=\"743\" data-end=\"1110\"><strong data-start=\"743\" data-end=\"794\">Kvaliteetsed materjalid ja tugev konstruktsioon<\/strong><br data-start=\"794\" data-end=\"797\" \/>\u2022 Esipaneelid valmistatud <strong data-start=\"823\" data-end=\"855\">\u00f5litatud t\u00e4ispuidust tammest<\/strong>, mis annab kauni kuldse tooni<br data-start=\"885\" data-end=\"888\" \/>\u2022 Korpus: vastupidav <strong data-start=\"909\" data-end=\"947\">tamme imitatsiooniga laminaatplaat<\/strong> ja must laminaat<br data-start=\"964\" data-end=\"967\" \/>\u2022 Jalad: tugev <strong data-start=\"982\" data-end=\"996\" data-is-only-node=\"\">must teras<\/strong>, mis tagab stabiilsuse<br data-start=\"1019\" data-end=\"1022\" \/>\u2022 Unikaalne metallist ja mustast komposiidist valmistatud stella\u017e \u2013 elegantne ja \u00f5huline<\/p>\n<p data-start=\"1112\" data-end=\"1362\"><strong data-start=\"1112\" data-end=\"1128\">Toote andmed<\/strong><br data-start=\"1128\" data-end=\"1131\" \/>\u2022 M\u00f5\u00f5dud (K \u00d7 L \u00d7 S): <strong data-start=\"1153\" data-end=\"1175\">58,5 \u00d7 130 \u00d7 40 cm<\/strong><br data-start=\"1175\" data-end=\"1178\" \/>\u2022 Kaal pakendiga: <strong data-start=\"1196\" data-end=\"1205\">44 kg<\/strong><br data-start=\"1205\" data-end=\"1208\" \/>\u2022 Materjalid: tammepuit, laminaatplaat, must laminaat, pulberv\u00e4rvitud teras, komposiit<br data-start=\"1294\" data-end=\"1297\" \/>\u2022 Tarnitakse <strong data-start=\"1310\" data-end=\"1321\">2 pakis<\/strong> ja m\u00f5eldud <strong data-start=\"1333\" data-end=\"1362\">iseseisvaks kokkupanekuks<\/strong><\/p>\n<p data-start=\"1364\" data-end=\"1530\" data-is-last-node=\"\" data-is-only-node=\"\">Kongo LOFT TV-alus toob sinu interj\u00f6\u00f6ri <strong data-start=\"1404\" data-end=\"1469\">stiilsust, naturaalset tamme ilu ja industriaalset karakterit<\/strong>, luues t\u00e4iusliku kombinatsiooni praktilisusest ja disainist.<\/p>\n<\/div>\n<\/div>\n<\/div>\n<\/div>\n<div class=\"z-0 flex min-h-[46px] justify-start\"><\/div>\n<div class=\"mt-3 w-full empty:hidden\">\n<div class=\"text-center\"><\/div>\n<\/div>\n<\/div>\n<\/div>\n<\/article>\n<div class=\"pointer-events-none h-px w-px\" aria-hidden=\"true\" data-edge=\"true\"><\/div>\n","protected":false},"featured_media":42215,"comment_status":"closed","ping_status":"closed","template":"","meta":{"_gspb_post_css":""},"product_brand":[34],"product_cat":[165,4297,193],"product_tag":[],"class_list":{"0":"post-42213","1":"product","2":"type-product","3":"status-publish","4":"has-post-thumbnail","6":"product_brand-siudy","7":"product_cat-elutuba","8":"product_cat-siudy","9":"product_cat-tv-alused","10":"pa_korgus-1066","11":"pa_laius-1893","12":"pa_sugavus-646","13":"pa_vahelaos-ei","15":"first","16":"instock","17":"sale","18":"purchasable","19":"product-type-simple"},"_links":{"self":[{"href":"https:\/\/www.nordi.ee\/en\/wp-json\/wp\/v2\/product\/42213","targetHints":{"allow":["GET"]}}],"collection":[{"href":"https:\/\/www.nordi.ee\/en\/wp-json\/wp\/v2\/product"}],"about":[{"href":"https:\/\/www.nordi.ee\/en\/wp-json\/wp\/v2\/types\/product"}],"replies":[{"embeddable":true,"href":"https:\/\/www.nordi.ee\/en\/wp-json\/wp\/v2\/comments?post=42213"}],"wp:featuredmedia":[{"embeddable":true,"href":"https:\/\/www.nordi.ee\/en\/wp-json\/wp\/v2\/media\/42215"}],"wp:attachment":[{"href":"https:\/\/www.nordi.ee\/en\/wp-json\/wp\/v2\/media?parent=42213"}],"wp:term":[{"taxonomy":"product_brand","embeddable":true,"href":"https:\/\/www.nordi.ee\/en\/wp-json\/wp\/v2\/product_brand?post=42213"},{"taxonomy":"product_cat","embeddable":true,"href":"https:\/\/www.nordi.ee\/en\/wp-json\/wp\/v2\/product_cat?post=42213"},{"taxonomy":"product_tag","embeddable":true,"href":"https:\/\/www.nordi.ee\/en\/wp-json\/wp\/v2\/product_tag?post=42213"}],"curies":[{"name":"wp","href":"https:\/\/api.w.org\/{rel}","templated":true}]}}