{"id":42203,"date":"2025-11-22T14:24:55","date_gmt":"2025-11-22T12:24:55","guid":{"rendered":"https:\/\/www.nordi.ee\/?post_type=product&#038;p=42203"},"modified":"2025-11-23T21:01:26","modified_gmt":"2025-11-23T19:01:26","slug":"tammepuidust-tvalus-bruno-48","status":"publish","type":"product","link":"https:\/\/www.nordi.ee\/en\/toode\/tammepuidust-tvalus-bruno-48\/","title":{"rendered":"Tammepuidust tv-alus BRUNO 48"},"content":{"rendered":"","protected":false},"excerpt":{"rendered":"<p data-start=\"77\" data-end=\"154\"><strong data-start=\"77\" data-end=\"154\">Bruno 48 \u2013 Tammepuidust TV-alus, mis \u00fchendab ilu ja funktsionaalsuse<\/strong><\/p>\n<p data-start=\"156\" data-end=\"400\">Bruno 48 on modernne, kuid samas rustikaalne TV-alus, mis sobib suurep\u00e4raselt nii traditsioonilistesse kui ka kaasaegsetesse interj\u00f6\u00f6ridesse. Ruumika disainiga m\u00f6\u00f6bliese saab elutoa keskpunktiks, pakkudes rohkelt hoiuruumi ja stiilset v\u00e4limust.<\/p>\n<p data-start=\"402\" data-end=\"687\"><strong data-start=\"402\" data-end=\"444\">Praktiline paigutus igap\u00e4evakasutuseks<\/strong><br data-start=\"444\" data-end=\"447\" \/>\u2022 2 mugavat sahtlit \u2013 ideaalne v\u00e4iksemate esemete organiseerimiseks<br data-start=\"514\" data-end=\"517\" \/>\u2022 2 kapiosa puidust ustega<br data-start=\"543\" data-end=\"546\" \/>\u2022 Lai avatud riiul dekoodri, konsooli v\u00f5i multimeedialahenduste jaoks<br data-start=\"615\" data-end=\"618\" \/>\u2022 Vaikselt sulguvad hinged ja siinid tagavad h\u00e4\u00e4letu, mugava kasutuse<\/p>\n<p data-start=\"689\" data-end=\"1114\"><strong data-start=\"689\" data-end=\"731\">Naturaalne tamm ja detailne viimistlus<\/strong><br data-start=\"731\" data-end=\"734\" \/>\u2022 Esipaneelid valmistatud <strong data-start=\"760\" data-end=\"792\">\u00f5litatud t\u00e4ispuidust tammest<\/strong>, mis lisab soojust ja vastupidavust<br data-start=\"828\" data-end=\"831\" \/>\u2022 Kaunis <strong data-start=\"840\" data-end=\"862\">r\u00fchveldatud muster<\/strong> frontidel loob luksusliku ja eristuva aktsendi<br data-start=\"909\" data-end=\"912\" \/>\u2022 Korpus ja sisemus valmistatud <strong data-start=\"944\" data-end=\"983\" data-is-only-node=\"\">3D struktuuriga s\u00fcnkroonlaminaadist<\/strong>, mis j\u00e4ljendab t\u00e4iuslikult tamme tekstuuri<br data-start=\"1026\" data-end=\"1029\" \/>\u2022 Lihtsasti hooldatav pealispind s\u00e4ilitab eseme ilme ka aastatepikkuse kasutuse j\u00e4rel<\/p>\n<p data-start=\"1116\" data-end=\"1326\"><strong data-start=\"1116\" data-end=\"1132\">Toote andmed<\/strong><br data-start=\"1132\" data-end=\"1135\" \/>\u2022 M\u00f5\u00f5dud (K \u00d7 L \u00d7 S): <strong data-start=\"1157\" data-end=\"1177\">48 \u00d7 200 \u00d7 42 cm<\/strong><br data-start=\"1177\" data-end=\"1180\" \/>\u2022 Kaal pakendiga: <strong data-start=\"1198\" data-end=\"1207\">59 kg<\/strong><br data-start=\"1207\" data-end=\"1210\" \/>\u2022 Materjalid: t\u00e4ispuit tamm, 3D s\u00fcnkroonlaminaat<br data-start=\"1258\" data-end=\"1261\" \/>\u2022 Tarnitakse <strong data-start=\"1274\" data-end=\"1285\">2 pakis<\/strong> ja m\u00f5eldud <strong data-start=\"1297\" data-end=\"1326\">iseseisvaks kokkupanekuks<\/strong><\/p>\n<p data-start=\"1328\" data-end=\"1455\" data-is-last-node=\"\" data-is-only-node=\"\">Bruno 48 TV-alus toob sinu elutuppa <strong data-start=\"1364\" data-end=\"1407\">stiili, praktilisuse ja ajatu tamme ilu<\/strong>, muutes kogu ruumi terviklikuks ja elegantseks.<\/p>\n","protected":false},"featured_media":42204,"comment_status":"closed","ping_status":"closed","template":"","meta":{"_gspb_post_css":""},"product_brand":[34],"product_cat":[165,4297,193],"product_tag":[],"class_list":{"0":"post-42203","1":"product","2":"type-product","3":"status-publish","4":"has-post-thumbnail","6":"product_brand-siudy","7":"product_cat-elutuba","8":"product_cat-siudy","9":"product_cat-tv-alused","10":"pa_korgus-1490","11":"pa_laius-1019","12":"pa_sugavus-355","13":"pa_vahelaos-jah","15":"first","16":"instock","17":"sale","18":"purchasable","19":"product-type-simple"},"_links":{"self":[{"href":"https:\/\/www.nordi.ee\/en\/wp-json\/wp\/v2\/product\/42203","targetHints":{"allow":["GET"]}}],"collection":[{"href":"https:\/\/www.nordi.ee\/en\/wp-json\/wp\/v2\/product"}],"about":[{"href":"https:\/\/www.nordi.ee\/en\/wp-json\/wp\/v2\/types\/product"}],"replies":[{"embeddable":true,"href":"https:\/\/www.nordi.ee\/en\/wp-json\/wp\/v2\/comments?post=42203"}],"wp:featuredmedia":[{"embeddable":true,"href":"https:\/\/www.nordi.ee\/en\/wp-json\/wp\/v2\/media\/42204"}],"wp:attachment":[{"href":"https:\/\/www.nordi.ee\/en\/wp-json\/wp\/v2\/media?parent=42203"}],"wp:term":[{"taxonomy":"product_brand","embeddable":true,"href":"https:\/\/www.nordi.ee\/en\/wp-json\/wp\/v2\/product_brand?post=42203"},{"taxonomy":"product_cat","embeddable":true,"href":"https:\/\/www.nordi.ee\/en\/wp-json\/wp\/v2\/product_cat?post=42203"},{"taxonomy":"product_tag","embeddable":true,"href":"https:\/\/www.nordi.ee\/en\/wp-json\/wp\/v2\/product_tag?post=42203"}],"curies":[{"name":"wp","href":"https:\/\/api.w.org\/{rel}","templated":true}]}}