{"id":42193,"date":"2025-11-22T14:24:37","date_gmt":"2025-11-22T12:24:37","guid":{"rendered":"https:\/\/www.nordi.ee\/?post_type=product&#038;p=42193"},"modified":"2025-11-23T21:01:27","modified_gmt":"2025-11-23T19:01:27","slug":"tammepuit-rtv-kapp-160-cm-bruno-44","status":"publish","type":"product","link":"https:\/\/www.nordi.ee\/en\/toode\/tammepuit-rtv-kapp-160-cm-bruno-44\/","title":{"rendered":"Tammepuidust TV alus Bruno 44"},"content":{"rendered":"<div><\/div>\n","protected":false},"excerpt":{"rendered":"<p data-start=\"87\" data-end=\"642\">Tammepuidust TV-alus Bruno 44 on suurep\u00e4rane valik sinu elutuppa, magamistuppa v\u00f5i kodukontorisse. Selle klassikaline ja elegantne puidust vorm sobib nii traditsioonilistesse kui ka kaasaegsematesse interj\u00f6\u00f6ridesse. M\u00f6\u00f6blit iseloomustab kaunis, \u00f5litatud tamme-esipaneel ning \u00f5rnad freesitud k\u00e4epidemed, mis lisavad sellele stiili ja peenet esteetikat. Sisemus koosneb \u00fchest avarast sahtlist ning k\u00fclgmistest suletud riiulitest. Keskel asuv avatud sektsioon v\u00f5imaldab mugavalt \u00fchendada RTV-seadmeid, samas kui tagapaneeli ava aitab kaablid kenasti varjata.<\/p>\n<p data-start=\"644\" data-end=\"1288\">Esipaneel on valmistatud naturaalsest, \u00f5liga viimistletud tammepuidust, millel on soe kuldjas toon. Korpus on toodetud tammetooniga sobivast laminaatplaadist, mis muudab m\u00f6\u00f6bli hooldamise lihtsaks ja tagab pika kasutusea. TV-aluse iseloomulik detail on ribiline esipaneel, mis lisab veidi rustikaalset iseloomu. K\u00f5ik uksed ja sahtlid on varustatud vaikselt sulguva mehhanismiga ning freesitud servad muudavad avamise mugavaks. Mebel on valmistatud kvaliteetsetest materjalidest ja detailit\u00e4psusega, mis tagab nii ilu kui ka funktsionaalsuse paljudeks aastateks. Bruno 44 on ideaalne valik, kui soovid oma koju tuua kauni ja praktilise TV-aluse.<\/p>\n<p data-start=\"1290\" data-end=\"1364\">M\u00f6\u00f6bel saadetakse kahes pakis ja on ette n\u00e4htud iseseisvaks kokkupanekuks.<\/p>\n<hr data-start=\"1366\" data-end=\"1369\" \/>\n<p data-start=\"1371\" data-end=\"1389\"><strong data-start=\"1371\" data-end=\"1389\">Konstruktsioon<\/strong><\/p>\n<ul data-start=\"1391\" data-end=\"1588\">\n<li data-start=\"1391\" data-end=\"1416\">\n<p data-start=\"1393\" data-end=\"1416\"><strong data-start=\"1393\" data-end=\"1406\">Sihtkoht:<\/strong> elutuba<\/p>\n<\/li>\n<li data-start=\"1417\" data-end=\"1472\">\n<p data-start=\"1419\" data-end=\"1472\"><strong data-start=\"1419\" data-end=\"1453\">M\u00f5\u00f5dud (k\u00f5rgus\/laius\/s\u00fcgavus):<\/strong> 48 \u00d7 160 \u00d7 42 cm<\/p>\n<\/li>\n<li data-start=\"1473\" data-end=\"1507\">\n<p data-start=\"1475\" data-end=\"1507\"><strong data-start=\"1475\" data-end=\"1499\">Kaal koos pakendiga:<\/strong> 43 kg<\/p>\n<\/li>\n<li data-start=\"1508\" data-end=\"1588\">\n<p data-start=\"1510\" data-end=\"1588\"><strong data-start=\"1510\" data-end=\"1525\">Materjalid:<\/strong> tammepuit, tammeimitatsiooniga 3D-struktuuriga laminaatplaat<\/p>\n<\/li>\n<\/ul>\n","protected":false},"featured_media":42194,"comment_status":"closed","ping_status":"closed","template":"","meta":{"_gspb_post_css":""},"product_brand":[34],"product_cat":[165,4297,193],"product_tag":[],"class_list":{"0":"post-42193","1":"product","2":"type-product","3":"status-publish","4":"has-post-thumbnail","6":"product_brand-siudy","7":"product_cat-elutuba","8":"product_cat-siudy","9":"product_cat-tv-alused","10":"pa_korgus-1490","11":"pa_laius-1270","12":"pa_sugavus-355","13":"pa_vahelaos-jah","15":"first","16":"instock","17":"sale","18":"purchasable","19":"product-type-simple"},"_links":{"self":[{"href":"https:\/\/www.nordi.ee\/en\/wp-json\/wp\/v2\/product\/42193","targetHints":{"allow":["GET"]}}],"collection":[{"href":"https:\/\/www.nordi.ee\/en\/wp-json\/wp\/v2\/product"}],"about":[{"href":"https:\/\/www.nordi.ee\/en\/wp-json\/wp\/v2\/types\/product"}],"replies":[{"embeddable":true,"href":"https:\/\/www.nordi.ee\/en\/wp-json\/wp\/v2\/comments?post=42193"}],"wp:featuredmedia":[{"embeddable":true,"href":"https:\/\/www.nordi.ee\/en\/wp-json\/wp\/v2\/media\/42194"}],"wp:attachment":[{"href":"https:\/\/www.nordi.ee\/en\/wp-json\/wp\/v2\/media?parent=42193"}],"wp:term":[{"taxonomy":"product_brand","embeddable":true,"href":"https:\/\/www.nordi.ee\/en\/wp-json\/wp\/v2\/product_brand?post=42193"},{"taxonomy":"product_cat","embeddable":true,"href":"https:\/\/www.nordi.ee\/en\/wp-json\/wp\/v2\/product_cat?post=42193"},{"taxonomy":"product_tag","embeddable":true,"href":"https:\/\/www.nordi.ee\/en\/wp-json\/wp\/v2\/product_tag?post=42193"}],"curies":[{"name":"wp","href":"https:\/\/api.w.org\/{rel}","templated":true}]}}