{"id":42183,"date":"2025-11-22T14:24:37","date_gmt":"2025-11-22T12:24:37","guid":{"rendered":"https:\/\/www.nordi.ee\/?post_type=product&#038;p=42183"},"modified":"2025-11-23T21:01:27","modified_gmt":"2025-11-23T19:01:27","slug":"tammepuidust-tv-kapp-140-cm-bruno-41","status":"publish","type":"product","link":"https:\/\/www.nordi.ee\/en\/toode\/tammepuidust-tv-kapp-140-cm-bruno-41\/","title":{"rendered":"Tammepuidust TV alus Bruno 41"},"content":{"rendered":"","protected":false},"excerpt":{"rendered":"<p data-start=\"95\" data-end=\"686\">Ribitud tammepuidust TV-alus Bruno 41 on praktiline ja stiilne valik k\u00f5igile, kes hindavad minimalistlikku elegantsi traditsioonilises v\u00f5tmes. M\u00f5\u00f5tudega 140 \u00d7 48 \u00d7 35 cm leiab see m\u00f6\u00f6bliese koha enamikes ruumides. Naturaalsest tammest ja vastupidavast laminaatplaadist valmistatud konstruktsioon tagab TV-aluse tugevuse ja pikaealisuse. M\u00f6\u00f6bel on loodud maksimaalse funktsionaalsuse tagamiseks \u2014 keskel asub avatud riiul koos kaabliavaga, mis v\u00f5imaldab elektriseadmete juhtmed kenasti varjata. K\u00fclgedel paiknevad t\u00e4iendavad sisemised riiulid, kuhu saab mugavalt paigutada vajalikud tarvikud.<\/p>\n<p data-start=\"688\" data-end=\"1326\">Esipaneelid on valmistatud \u00f5litatud tammepuidust, mis toob esile materjali loomuliku ilu. Korpus (pealisplaat ja k\u00fcljed) ning sisemus on loodud tammetooni sobitatud laminaatplaadist. M\u00f6\u00f6bli lihtsust ilmestavad frontide dekoratiivsed ribid, traditsioonilised k\u00e4epidemed on asendatud minimalistlike freesitud sissel\u00f5igetega. K\u00f5ik hinges\u00fcsteemid on varustatud vaikselt sulguva mehhanismiga, mis tagab uste h\u00e4\u00e4letu ja sujuva kasutamise. Tammepuidust TV-alus Bruno 41 on suurep\u00e4rane valik neile, kes otsivad loomulikku ilu ja ajatust. Selle universaalne disain sobitub kergesti igasse interj\u00f6\u00f6ri, lisades ruumi sooja ja klassikalise tammev\u00f5lu.<\/p>\n<p data-start=\"1328\" data-end=\"1402\">M\u00f6\u00f6bel saadetakse kahes pakis ja on ette n\u00e4htud iseseisvaks kokkupanekuks.<\/p>\n<hr data-start=\"1404\" data-end=\"1407\" \/>\n<p data-start=\"1409\" data-end=\"1427\"><strong data-start=\"1409\" data-end=\"1427\">Konstruktsioon<\/strong><\/p>\n<ul data-start=\"1429\" data-end=\"1627\">\n<li data-start=\"1429\" data-end=\"1454\">\n<p data-start=\"1431\" data-end=\"1454\"><strong data-start=\"1431\" data-end=\"1444\">Sihtkoht:<\/strong> elutuba<\/p>\n<\/li>\n<li data-start=\"1455\" data-end=\"1510\">\n<p data-start=\"1457\" data-end=\"1510\"><strong data-start=\"1457\" data-end=\"1491\">M\u00f5\u00f5dud (k\u00f5rgus\/laius\/s\u00fcgavus):<\/strong> 48 \u00d7 140 \u00d7 42 cm<\/p>\n<\/li>\n<li data-start=\"1511\" data-end=\"1545\">\n<p data-start=\"1513\" data-end=\"1545\"><strong data-start=\"1513\" data-end=\"1537\">Kaal koos pakendiga:<\/strong> 42 kg<\/p>\n<\/li>\n<li data-start=\"1546\" data-end=\"1627\">\n<p data-start=\"1548\" data-end=\"1627\"><strong data-start=\"1548\" data-end=\"1563\">Materjalid:<\/strong> tammepuit, 3D-struktuuriga laminaatplaat, mis imiteerib tamme<\/p>\n<\/li>\n<\/ul>\n","protected":false},"featured_media":42184,"comment_status":"closed","ping_status":"closed","template":"","meta":{"_gspb_post_css":""},"product_brand":[34],"product_cat":[165,4297,193],"product_tag":[],"class_list":{"0":"post-42183","1":"product","2":"type-product","3":"status-publish","4":"has-post-thumbnail","6":"product_brand-siudy","7":"product_cat-elutuba","8":"product_cat-siudy","9":"product_cat-tv-alused","10":"pa_korgus-1490","11":"pa_laius-2230","12":"pa_sugavus-355","13":"pa_vahelaos-jah","15":"first","16":"instock","17":"sale","18":"purchasable","19":"product-type-simple"},"_links":{"self":[{"href":"https:\/\/www.nordi.ee\/en\/wp-json\/wp\/v2\/product\/42183","targetHints":{"allow":["GET"]}}],"collection":[{"href":"https:\/\/www.nordi.ee\/en\/wp-json\/wp\/v2\/product"}],"about":[{"href":"https:\/\/www.nordi.ee\/en\/wp-json\/wp\/v2\/types\/product"}],"replies":[{"embeddable":true,"href":"https:\/\/www.nordi.ee\/en\/wp-json\/wp\/v2\/comments?post=42183"}],"wp:featuredmedia":[{"embeddable":true,"href":"https:\/\/www.nordi.ee\/en\/wp-json\/wp\/v2\/media\/42184"}],"wp:attachment":[{"href":"https:\/\/www.nordi.ee\/en\/wp-json\/wp\/v2\/media?parent=42183"}],"wp:term":[{"taxonomy":"product_brand","embeddable":true,"href":"https:\/\/www.nordi.ee\/en\/wp-json\/wp\/v2\/product_brand?post=42183"},{"taxonomy":"product_cat","embeddable":true,"href":"https:\/\/www.nordi.ee\/en\/wp-json\/wp\/v2\/product_cat?post=42183"},{"taxonomy":"product_tag","embeddable":true,"href":"https:\/\/www.nordi.ee\/en\/wp-json\/wp\/v2\/product_tag?post=42183"}],"curies":[{"name":"wp","href":"https:\/\/api.w.org\/{rel}","templated":true}]}}