{"id":42174,"date":"2025-11-22T14:24:37","date_gmt":"2025-11-22T12:24:37","guid":{"rendered":"https:\/\/www.nordi.ee\/?post_type=product&#038;p=42174"},"modified":"2025-11-23T21:01:27","modified_gmt":"2025-11-23T19:01:27","slug":"tammepuidust-tv-alus-kaasaegne-160-cm-puidust-rtv-kapp-raro-46","status":"publish","type":"product","link":"https:\/\/www.nordi.ee\/en\/toode\/tammepuidust-tv-alus-kaasaegne-160-cm-puidust-rtv-kapp-raro-46\/","title":{"rendered":"Tammepuidust TV alus Raro 46"},"content":{"rendered":"","protected":false},"excerpt":{"rendered":"<p data-start=\"102\" data-end=\"700\">Kaasaegne tammepuidust TV-alus Raro 46 on m\u00f6\u00f6bliese, mis sobitub suurep\u00e4raselt modernsetesse elutubadesse ja elegantsetesse kontoritesse. Tugevast tammepuidust valmistatud korpus koos stiilsete klaasielementidega muudab selle ajatus stiilis vastupidavaks sisustuselemendiks. Mahukas sahtel ning kaks sisemist klaasriiulit pakuvad rohkelt ruumi igap\u00e4evaste esemete hoidmiseks. Avatud sektsioonid koos kaabliavadega v\u00f5imaldavad seadmeid diskreetselt \u00fchendada, nii et saad sinna mugavalt paigutada k\u00f5larid, teleriseadmed v\u00f5i muud audio-videotarvikud \u2014 ning ruum p\u00fcsib alati korrastatud ja esteetiline.<\/p>\n<p data-start=\"702\" data-end=\"1216\">TV-aluse esipaneel on valmistatud kuldse tooniga tammepuidust, mida t\u00e4iendab elegantne toonitud karastatud klaas. Korpus on valmistatud kvaliteetsest laminaatplaadist, mis sobib ideaalselt kokku tammeesipaneelide v\u00e4rvi ja loodusliku tekstuuriga. Mustad metallist k\u00e4epidemed lisavad m\u00f6\u00f6blile modernset aktsenti. K\u00f5rgekvaliteedilised materjalid tagavad m\u00f6\u00f6blile pika kasutusaja ning suure vastupidavuse. Uksed ja sahtel on varustatud vaikselt sulguvate hingede ja siinidega, mis tagavad sujuva ja h\u00e4\u00e4letu kasutamise.<\/p>\n<p data-start=\"1218\" data-end=\"1292\">M\u00f6\u00f6bel saadetakse kahes pakis ja on ette n\u00e4htud iseseisvaks kokkupanekuks.<\/p>\n<hr data-start=\"1294\" data-end=\"1297\" \/>\n<p data-start=\"1299\" data-end=\"1317\"><strong data-start=\"1299\" data-end=\"1317\">Konstruktsioon<\/strong><\/p>\n<ul data-start=\"1319\" data-end=\"1520\">\n<li data-start=\"1319\" data-end=\"1357\">\n<p data-start=\"1321\" data-end=\"1357\"><strong data-start=\"1321\" data-end=\"1334\">Sihtkoht:<\/strong> elutuba, magamistuba<\/p>\n<\/li>\n<li data-start=\"1358\" data-end=\"1413\">\n<p data-start=\"1360\" data-end=\"1413\"><strong data-start=\"1360\" data-end=\"1394\">M\u00f5\u00f5dud (k\u00f5rgus\/laius\/s\u00fcgavus):<\/strong> 55 \u00d7 160 \u00d7 40 cm<\/p>\n<\/li>\n<li data-start=\"1414\" data-end=\"1500\">\n<p data-start=\"1416\" data-end=\"1500\"><strong data-start=\"1416\" data-end=\"1431\">Materjalid:<\/strong> tammepuit, laminaatplaat, toonitud karastatud klaas, klaas, metall<\/p>\n<\/li>\n<li data-start=\"1501\" data-end=\"1520\">\n<p data-start=\"1503\" data-end=\"1520\"><strong data-start=\"1503\" data-end=\"1512\">Kaal:<\/strong> 44 kg<\/p>\n<\/li>\n<\/ul>\n","protected":false},"featured_media":42175,"comment_status":"closed","ping_status":"closed","template":"","meta":{"_gspb_post_css":""},"product_brand":[34],"product_cat":[165,4297,193],"product_tag":[],"class_list":{"0":"post-42174","1":"product","2":"type-product","3":"status-publish","4":"has-post-thumbnail","6":"product_brand-siudy","7":"product_cat-elutuba","8":"product_cat-siudy","9":"product_cat-tv-alused","10":"pa_korgus-1078","11":"pa_laius-1270","12":"pa_sugavus-646","13":"pa_vahelaos-jah","15":"first","16":"instock","17":"sale","18":"purchasable","19":"product-type-simple"},"_links":{"self":[{"href":"https:\/\/www.nordi.ee\/en\/wp-json\/wp\/v2\/product\/42174","targetHints":{"allow":["GET"]}}],"collection":[{"href":"https:\/\/www.nordi.ee\/en\/wp-json\/wp\/v2\/product"}],"about":[{"href":"https:\/\/www.nordi.ee\/en\/wp-json\/wp\/v2\/types\/product"}],"replies":[{"embeddable":true,"href":"https:\/\/www.nordi.ee\/en\/wp-json\/wp\/v2\/comments?post=42174"}],"wp:featuredmedia":[{"embeddable":true,"href":"https:\/\/www.nordi.ee\/en\/wp-json\/wp\/v2\/media\/42175"}],"wp:attachment":[{"href":"https:\/\/www.nordi.ee\/en\/wp-json\/wp\/v2\/media?parent=42174"}],"wp:term":[{"taxonomy":"product_brand","embeddable":true,"href":"https:\/\/www.nordi.ee\/en\/wp-json\/wp\/v2\/product_brand?post=42174"},{"taxonomy":"product_cat","embeddable":true,"href":"https:\/\/www.nordi.ee\/en\/wp-json\/wp\/v2\/product_cat?post=42174"},{"taxonomy":"product_tag","embeddable":true,"href":"https:\/\/www.nordi.ee\/en\/wp-json\/wp\/v2\/product_tag?post=42174"}],"curies":[{"name":"wp","href":"https:\/\/api.w.org\/{rel}","templated":true}]}}