{"id":42162,"date":"2025-11-22T14:24:37","date_gmt":"2025-11-22T12:24:37","guid":{"rendered":"https:\/\/www.nordi.ee\/?post_type=product&#038;p=42162"},"modified":"2025-11-23T21:01:27","modified_gmt":"2025-11-23T19:01:27","slug":"tammepuidust-tv-alus-raro-43","status":"publish","type":"product","link":"https:\/\/www.nordi.ee\/en\/toode\/tammepuidust-tv-alus-raro-43\/","title":{"rendered":"Tammepuidust Tv alus RARO 43"},"content":{"rendered":"<div><\/div>\n","protected":false},"excerpt":{"rendered":"<p data-start=\"97\" data-end=\"721\">Kitsas TV-alus Raro 43 on kaunis m\u00f6\u00f6bliese, mis sobib suurep\u00e4raselt modernsetesse ja minimalistlikesse interj\u00f6\u00f6ridesse, lisades ruumile elegantset ilmet. Mahukas sahtel ning kaks klaasriiulit k\u00fclgedel muudavad selle ideaalseteks neile, kes hindavad korda ja tasakaalu oma eluruumis. Lisaks on TV-alusel kaks avatud sektsiooni multimeediaseadmete jaoks ning tagapaneeli ava v\u00f5imaldab juhtmed stiilselt ja m\u00e4rkamatult \u00e4ra peita. See m\u00f6\u00f6bel on suurep\u00e4rane t\u00e4iendus v\u00e4iksemasse elutuppa, elegantse ilmega kontorisse v\u00f5i stiilsesse magamistuppa. Raro-sarja muud m\u00f6\u00f6bliesemed, n\u00e4iteks Raro 14, sobivad sellega suurep\u00e4raselt kokku.<\/p>\n<p data-start=\"723\" data-end=\"1413\">TV-aluse esipaneel on valmistatud naturaalsest tammepuidust, millel on soe, kuldne toon. Korpus (pealisplaat, k\u00fcljed ja osa sisemusest) on valmistatud kvaliteetsest m\u00f6\u00f6bliplaadist. S\u00fcnkroonstruktuuriga laminaat j\u00e4ljendab loomulikku puidus\u00fc\u00fcd ning sobib tooni poolest ideaalselt kokku tammeesipaneeliga. Stiilsed mustad metallist k\u00e4epidemed lisavad m\u00f6\u00f6blile modernset aktsenti. Sahtli siinid ja uste hinged on varustatud vaikselt sulguva mehhanismiga, mis tagab mugava ja h\u00e4\u00e4letu kasutamise. TV-alus Raro 43 t\u00e4iendab suurep\u00e4raselt nii klassikalist kui ka minimalistlikku ruumi ning sobib t\u00e4nu oma kompaktsetele m\u00f5\u00f5tudele eriti h\u00e4sti v\u00e4iksematesse kodudesse, kus igal sentimeetril on t\u00e4htsus.<\/p>\n<p data-start=\"1415\" data-end=\"1489\">M\u00f6\u00f6bel saadetakse kahes pakis ja on ette n\u00e4htud iseseisvaks kokkupanekuks.<\/p>\n<hr data-start=\"1491\" data-end=\"1494\" \/>\n<p data-start=\"1496\" data-end=\"1514\"><strong data-start=\"1496\" data-end=\"1514\">Konstruktsioon<\/strong><\/p>\n<ul data-start=\"1516\" data-end=\"1717\">\n<li data-start=\"1516\" data-end=\"1554\">\n<p data-start=\"1518\" data-end=\"1554\"><strong data-start=\"1518\" data-end=\"1531\">Sihtkoht:<\/strong> elutuba, magamistuba<\/p>\n<\/li>\n<li data-start=\"1555\" data-end=\"1610\">\n<p data-start=\"1557\" data-end=\"1610\"><strong data-start=\"1557\" data-end=\"1591\">M\u00f5\u00f5dud (k\u00f5rgus\/laius\/s\u00fcgavus):<\/strong> 55 \u00d7 140 \u00d7 40 cm<\/p>\n<\/li>\n<li data-start=\"1611\" data-end=\"1697\">\n<p data-start=\"1613\" data-end=\"1697\"><strong data-start=\"1613\" data-end=\"1628\">Materjalid:<\/strong> tammepuit, laminaatplaat, toonitud karastatud klaas, klaas, metall<\/p>\n<\/li>\n<li data-start=\"1698\" data-end=\"1717\">\n<p data-start=\"1700\" data-end=\"1717\"><strong data-start=\"1700\" data-end=\"1709\">Kaal:<\/strong> 40 kg<\/p>\n<\/li>\n<\/ul>\n","protected":false},"featured_media":42163,"comment_status":"closed","ping_status":"closed","template":"","meta":{"_gspb_post_css":""},"product_brand":[34],"product_cat":[165,4297,193],"product_tag":[],"class_list":{"0":"post-42162","1":"product","2":"type-product","3":"status-publish","4":"has-post-thumbnail","6":"product_brand-siudy","7":"product_cat-elutuba","8":"product_cat-siudy","9":"product_cat-tv-alused","10":"pa_korgus-1078","11":"pa_laius-2230","12":"pa_sugavus-646","13":"pa_vahelaos-jah","15":"first","16":"instock","17":"sale","18":"purchasable","19":"product-type-simple"},"_links":{"self":[{"href":"https:\/\/www.nordi.ee\/en\/wp-json\/wp\/v2\/product\/42162","targetHints":{"allow":["GET"]}}],"collection":[{"href":"https:\/\/www.nordi.ee\/en\/wp-json\/wp\/v2\/product"}],"about":[{"href":"https:\/\/www.nordi.ee\/en\/wp-json\/wp\/v2\/types\/product"}],"replies":[{"embeddable":true,"href":"https:\/\/www.nordi.ee\/en\/wp-json\/wp\/v2\/comments?post=42162"}],"wp:featuredmedia":[{"embeddable":true,"href":"https:\/\/www.nordi.ee\/en\/wp-json\/wp\/v2\/media\/42163"}],"wp:attachment":[{"href":"https:\/\/www.nordi.ee\/en\/wp-json\/wp\/v2\/media?parent=42162"}],"wp:term":[{"taxonomy":"product_brand","embeddable":true,"href":"https:\/\/www.nordi.ee\/en\/wp-json\/wp\/v2\/product_brand?post=42162"},{"taxonomy":"product_cat","embeddable":true,"href":"https:\/\/www.nordi.ee\/en\/wp-json\/wp\/v2\/product_cat?post=42162"},{"taxonomy":"product_tag","embeddable":true,"href":"https:\/\/www.nordi.ee\/en\/wp-json\/wp\/v2\/product_tag?post=42162"}],"curies":[{"name":"wp","href":"https:\/\/api.w.org\/{rel}","templated":true}]}}