{"id":42152,"date":"2025-11-22T14:24:37","date_gmt":"2025-11-22T12:24:37","guid":{"rendered":"https:\/\/www.nordi.ee\/?post_type=product&#038;p=42152"},"modified":"2025-11-23T21:01:26","modified_gmt":"2025-11-23T19:01:26","slug":"tammepuidust-kongo-loft-02-metall-puit-rtv-kapp","status":"publish","type":"product","link":"https:\/\/www.nordi.ee\/en\/toode\/tammepuidust-kongo-loft-02-metall-puit-rtv-kapp\/","title":{"rendered":"Tammepuidust TV alus LOFT 02"},"content":{"rendered":"<div><\/div>\n","protected":false},"excerpt":{"rendered":"<p data-start=\"94\" data-end=\"669\">Metallist ja puidust TV-alus Kongo LOFT 02 on funktsionaalsuse, elegantsi ja industriaalstiili ideaalne \u00fchendus. See pakub rohkelt hoiuruumi erinevatele esemetele ning on varustatud kahe peidetud riiuliga, kuhu saab paigutada raamatuid, plaate ja muud vajalikku. TV-alus sobib suurep\u00e4raselt elutuppa, kabinetti v\u00f5i magamistuppa. Olenemata sellest, kas armastad filme, videom\u00e4nge v\u00f5i muusikat, vastab Kongo LOFT 02 kindlasti sinu ootustele. Keskmine avatud sektsioon v\u00f5imaldab mugavalt \u00fchendada multimeediaseadmeid, samas kui tagapaneeli ava aitab juhtmed esteetiliselt peita.<\/p>\n<p data-start=\"671\" data-end=\"1374\">Esipaneel on valmistatud \u00f5litatud tammepuidust, millel on ilus soe toon. Korpus on tehtud kvaliteetsest laminaatplaadist, mis j\u00e4ljendab t\u00e4pselt naturaalse puidu v\u00e4rvi ja tekstuuri. M\u00f6\u00f6bli aluseks on uuenduslik konstruktsioon, mis \u00fchendab metalli ja musta komposiiti \u2014 see tagab stabiilsuse, kuid s\u00e4ilitab samas visuaalse kerguse. \u00d5huke metallraam ning v\u00e4ikesed mustad k\u00e4epidemed annavad m\u00f6\u00f6blile minimalistliku ja modernse iseloomu. Hingedel on vaikselt sulguv mehhanism, mis v\u00e4listab uste k\u00f5va kinni vajumise. Kui soovid lisada oma interj\u00f6\u00f6ri stiili ja industriaalset modernsust, on Kongo LOFT 02 suurep\u00e4rane valik. Selle minimalistlik vorm ja iseloomulikud detailid loovad ruumis unikaalse atmosf\u00e4\u00e4ri.<\/p>\n<p data-start=\"1376\" data-end=\"1450\">M\u00f6\u00f6bel saadetakse kahes pakis ja on ette n\u00e4htud iseseisvaks kokkupanekuks.<\/p>\n<hr data-start=\"1452\" data-end=\"1455\" \/>\n<p data-start=\"1457\" data-end=\"1475\"><strong data-start=\"1457\" data-end=\"1475\">Konstruktsioon<\/strong><\/p>\n<ul data-start=\"1477\" data-end=\"1737\">\n<li data-start=\"1477\" data-end=\"1515\">\n<p data-start=\"1479\" data-end=\"1515\"><strong data-start=\"1479\" data-end=\"1492\">Sihtkoht:<\/strong> elutuba, magamistuba<\/p>\n<\/li>\n<li data-start=\"1516\" data-end=\"1571\">\n<p data-start=\"1518\" data-end=\"1571\"><strong data-start=\"1518\" data-end=\"1552\">M\u00f5\u00f5dud (k\u00f5rgus\/laius\/s\u00fcgavus):<\/strong> 54 \u00d7 170 \u00d7 40 cm<\/p>\n<\/li>\n<li data-start=\"1572\" data-end=\"1606\">\n<p data-start=\"1574\" data-end=\"1606\"><strong data-start=\"1574\" data-end=\"1598\">Kaal koos pakendiga:<\/strong> 43 kg<\/p>\n<\/li>\n<li data-start=\"1607\" data-end=\"1737\">\n<p data-start=\"1609\" data-end=\"1737\"><strong data-start=\"1609\" data-end=\"1624\">Materjalid:<\/strong> tammepuit, tammeimitatsiooniga laminaatplaat, must laminaatplaat, v\u00e4rvitud teras, komposiit, metall (k\u00e4epidemed)<\/p>\n<\/li>\n<\/ul>\n","protected":false},"featured_media":42153,"comment_status":"closed","ping_status":"closed","template":"","meta":{"_gspb_post_css":""},"product_brand":[34],"product_cat":[165,4297,193],"product_tag":[],"class_list":{"0":"post-42152","1":"product","2":"type-product","3":"status-publish","4":"has-post-thumbnail","6":"product_brand-siudy","7":"product_cat-elutuba","8":"product_cat-siudy","9":"product_cat-tv-alused","10":"pa_korgus-1262","11":"pa_laius-1710","12":"pa_sugavus-646","13":"pa_vahelaos-jah","15":"first","16":"instock","17":"sale","18":"purchasable","19":"product-type-simple"},"_links":{"self":[{"href":"https:\/\/www.nordi.ee\/en\/wp-json\/wp\/v2\/product\/42152","targetHints":{"allow":["GET"]}}],"collection":[{"href":"https:\/\/www.nordi.ee\/en\/wp-json\/wp\/v2\/product"}],"about":[{"href":"https:\/\/www.nordi.ee\/en\/wp-json\/wp\/v2\/types\/product"}],"replies":[{"embeddable":true,"href":"https:\/\/www.nordi.ee\/en\/wp-json\/wp\/v2\/comments?post=42152"}],"wp:featuredmedia":[{"embeddable":true,"href":"https:\/\/www.nordi.ee\/en\/wp-json\/wp\/v2\/media\/42153"}],"wp:attachment":[{"href":"https:\/\/www.nordi.ee\/en\/wp-json\/wp\/v2\/media?parent=42152"}],"wp:term":[{"taxonomy":"product_brand","embeddable":true,"href":"https:\/\/www.nordi.ee\/en\/wp-json\/wp\/v2\/product_brand?post=42152"},{"taxonomy":"product_cat","embeddable":true,"href":"https:\/\/www.nordi.ee\/en\/wp-json\/wp\/v2\/product_cat?post=42152"},{"taxonomy":"product_tag","embeddable":true,"href":"https:\/\/www.nordi.ee\/en\/wp-json\/wp\/v2\/product_tag?post=42152"}],"curies":[{"name":"wp","href":"https:\/\/api.w.org\/{rel}","templated":true}]}}