{"id":42140,"date":"2025-11-22T14:24:37","date_gmt":"2025-11-22T12:24:37","guid":{"rendered":"https:\/\/www.nordi.ee\/?post_type=product&#038;p=42140"},"modified":"2025-11-23T21:01:26","modified_gmt":"2025-11-23T19:01:26","slug":"tammepuidust-tv-alus-kapp-raro-48","status":"publish","type":"product","link":"https:\/\/www.nordi.ee\/en\/toode\/tammepuidust-tv-alus-kapp-raro-48\/","title":{"rendered":"Tammepuidust TV alus RARO 48"},"content":{"rendered":"","protected":false},"excerpt":{"rendered":"<p data-start=\"92\" data-end=\"531\">TV-alus RARO 48 on modernse v\u00e4limusega m\u00f6\u00f6bel, mis sobitub suurep\u00e4raselt nii minimalistlikesse kui ka klassikalistesse interj\u00f6\u00f6ridesse. See t\u00f6\u00f6tab h\u00e4sti nii elutoas kui ka kontoriruumides. T\u00e4nu suurele laiusele pakub TV-alus rohkelt praktilist panipaika \u2014 kaks sahtlit ning kaks klaasriiulit uste taga. Lisaks asub m\u00f6\u00f6bli keskel avatud osa spetsiaalse juhtmeavaga, mis teeb digiboksi v\u00f5i m\u00e4ngukonsooli \u00fchendamise lihtsaks ja esteetiliseks.<\/p>\n<p data-start=\"533\" data-end=\"1034\">Tammepuidust esipaneelid koos stiilsete toonitud karastatud klaasist ustega annavad m\u00f6\u00f6blile elegantse ilme. RARO 48 on valmistatud detailidele suurt t\u00e4helepanu p\u00f6\u00f6rates \u2014 seda r\u00f5hutavad ka mustad metallk\u00e4epidemed, mis loovad kauni kontrasti kuldse tammepuidu tooniga. Korpus on valmistatud s\u00fcnkroonstruktuuriga laminaadist, mis j\u00e4ljendab t\u00e4pselt naturaalse puidu tekstuuri ja v\u00e4rvi. Sahtlite siinid ning uste hinged on varustatud vaikselt sulguva mehhanismiga, mis tagab sujuva ja h\u00e4\u00e4letu kasutamise.<\/p>\n<p data-start=\"1036\" data-end=\"1110\">M\u00f6\u00f6bel saadetakse kahes pakis ja on ette n\u00e4htud iseseisvaks kokkupanekuks.<\/p>\n<hr data-start=\"1112\" data-end=\"1115\" \/>\n<p data-start=\"1117\" data-end=\"1135\"><strong data-start=\"1117\" data-end=\"1135\">Konstruktsioon<\/strong><\/p>\n<ul data-start=\"1137\" data-end=\"1338\">\n<li data-start=\"1137\" data-end=\"1175\">\n<p data-start=\"1139\" data-end=\"1175\"><strong data-start=\"1139\" data-end=\"1152\">Sihtkoht:<\/strong> elutuba, magamistuba<\/p>\n<\/li>\n<li data-start=\"1176\" data-end=\"1231\">\n<p data-start=\"1178\" data-end=\"1231\"><strong data-start=\"1178\" data-end=\"1212\">M\u00f5\u00f5dud (k\u00f5rgus\/laius\/s\u00fcgavus):<\/strong> 55 \u00d7 180 \u00d7 40 cm<\/p>\n<\/li>\n<li data-start=\"1232\" data-end=\"1318\">\n<p data-start=\"1234\" data-end=\"1318\"><strong data-start=\"1234\" data-end=\"1249\">Materjalid:<\/strong> tammepuit, laminaatplaat, toonitud karastatud klaas, klaas, metall<\/p>\n<\/li>\n<li data-start=\"1319\" data-end=\"1338\">\n<p data-start=\"1321\" data-end=\"1338\"><strong data-start=\"1321\" data-end=\"1330\">Kaal:<\/strong> 54 kg<\/p>\n<\/li>\n<\/ul>\n","protected":false},"featured_media":42141,"comment_status":"closed","ping_status":"closed","template":"","meta":{"_gspb_post_css":""},"product_brand":[34],"product_cat":[165,4297,193],"product_tag":[],"class_list":{"0":"post-42140","1":"product","2":"type-product","3":"status-publish","4":"has-post-thumbnail","6":"product_brand-siudy","7":"product_cat-elutuba","8":"product_cat-siudy","9":"product_cat-tv-alused","10":"pa_korgus-1078","11":"pa_laius-1300","12":"pa_sugavus-646","13":"pa_vahelaos-jah","15":"first","16":"instock","17":"sale","18":"purchasable","19":"product-type-simple"},"_links":{"self":[{"href":"https:\/\/www.nordi.ee\/en\/wp-json\/wp\/v2\/product\/42140","targetHints":{"allow":["GET"]}}],"collection":[{"href":"https:\/\/www.nordi.ee\/en\/wp-json\/wp\/v2\/product"}],"about":[{"href":"https:\/\/www.nordi.ee\/en\/wp-json\/wp\/v2\/types\/product"}],"replies":[{"embeddable":true,"href":"https:\/\/www.nordi.ee\/en\/wp-json\/wp\/v2\/comments?post=42140"}],"wp:featuredmedia":[{"embeddable":true,"href":"https:\/\/www.nordi.ee\/en\/wp-json\/wp\/v2\/media\/42141"}],"wp:attachment":[{"href":"https:\/\/www.nordi.ee\/en\/wp-json\/wp\/v2\/media?parent=42140"}],"wp:term":[{"taxonomy":"product_brand","embeddable":true,"href":"https:\/\/www.nordi.ee\/en\/wp-json\/wp\/v2\/product_brand?post=42140"},{"taxonomy":"product_cat","embeddable":true,"href":"https:\/\/www.nordi.ee\/en\/wp-json\/wp\/v2\/product_cat?post=42140"},{"taxonomy":"product_tag","embeddable":true,"href":"https:\/\/www.nordi.ee\/en\/wp-json\/wp\/v2\/product_tag?post=42140"}],"curies":[{"name":"wp","href":"https:\/\/api.w.org\/{rel}","templated":true}]}}