{"id":42132,"date":"2025-11-22T14:24:37","date_gmt":"2025-11-22T12:24:37","guid":{"rendered":"https:\/\/www.nordi.ee\/?post_type=product&#038;p=42132"},"modified":"2025-11-23T21:01:26","modified_gmt":"2025-11-23T19:01:26","slug":"tammepuidust-tv-kapp-mono-loft-01","status":"publish","type":"product","link":"https:\/\/www.nordi.ee\/en\/toode\/tammepuidust-tv-kapp-mono-loft-01\/","title":{"rendered":"Tammepuidust TV kapp Mono Loft 01"},"content":{"rendered":"","protected":false},"excerpt":{"rendered":"<p data-start=\"99\" data-end=\"629\">Tammepuidust TV-alus Mono Loft 01 on praktiline ja stiilne valik loft-stiili ja minimalismi austajatele. M\u00f6\u00f6blit iseloomustab naturaalne tammepuit, mis tagab suure vastupidavuse ja pikaealisuse. TV-alusel on kaks alla avanevat uksepaari ning k\u00fclgmine uks peidetud riiuliga. \u00dclemine avatud ni\u0161\u0161 v\u00f5imaldab elektroonikaseadmete mugavat paigutamist \u2014 tagapaneelis olev ava aitab juhtmed diskreetselt \u00e4ra peita. See TV-alus sobib suurep\u00e4raselt elutuppa, magamistuppa v\u00f5i kontorisse ning loob kena komplekti Mono Loft sarja kummutitega.<\/p>\n<p data-start=\"631\" data-end=\"1153\">Esipaneelid on valmistatud \u00f5litatud tammepuidust heledas Bianco-toonis. Korpus (pealisplaat ja k\u00fcljed) ning sisemus on valmistatud tammepuidu v\u00e4rviga sobitatud laminaatplaadist. Dekoratiivne plastliist on detail, mis eristab Mono Loft sarja teistest loft-stiilis m\u00f6\u00f6blikollektsioonidest. Stabiilsed terasjalad ja minimalistlikud alumiiniumk\u00e4epidemed lisavad m\u00f6\u00f6blile modernse ilme. K\u00f5ik uksed on varustatud vaikselt sulguva mehhanismiga ning kvaliteetsed materjalid muudavad m\u00f6\u00f6bli lihtsasti hooldatavaks ja vastupidavaks.<\/p>\n<p data-start=\"1155\" data-end=\"1229\">M\u00f6\u00f6bel saadetakse kahes pakis ja on ette n\u00e4htud iseseisvaks kokkupanekuks.<\/p>\n<hr data-start=\"1231\" data-end=\"1234\" \/>\n<p data-start=\"1236\" data-end=\"1254\"><strong data-start=\"1236\" data-end=\"1254\">Konstruktsioon<\/strong><\/p>\n<ul data-start=\"1256\" data-end=\"1454\">\n<li data-start=\"1256\" data-end=\"1300\">\n<p data-start=\"1258\" data-end=\"1300\"><strong data-start=\"1258\" data-end=\"1271\">Sihtkoht:<\/strong> elutuba, p\u00e4evaruum, kontor<\/p>\n<\/li>\n<li data-start=\"1301\" data-end=\"1358\">\n<p data-start=\"1303\" data-end=\"1358\"><strong data-start=\"1303\" data-end=\"1337\">M\u00f5\u00f5dud (k\u00f5rgus\/laius\/s\u00fcgavus):<\/strong> 64,5 \u00d7 159 \u00d7 48 cm<\/p>\n<\/li>\n<li data-start=\"1359\" data-end=\"1454\">\n<p data-start=\"1361\" data-end=\"1454\"><strong data-start=\"1361\" data-end=\"1376\">Materjalid:<\/strong> tammepuit, laminaatplaat, metall, alumiinium, plast, HDF-plaat (tagapaneel)<\/p>\n<\/li>\n<\/ul>\n","protected":false},"featured_media":42133,"comment_status":"closed","ping_status":"closed","template":"","meta":{"_gspb_post_css":""},"product_brand":[34],"product_cat":[165,4297,193],"product_tag":[],"class_list":{"0":"post-42132","1":"product","2":"type-product","3":"status-publish","4":"has-post-thumbnail","6":"product_brand-siudy","7":"product_cat-elutuba","8":"product_cat-siudy","9":"product_cat-tv-alused","10":"pa_korgus-301","11":"pa_laius-1154","12":"pa_sugavus-686","13":"pa_vahelaos-jah","15":"first","16":"instock","17":"sale","18":"purchasable","19":"product-type-simple"},"_links":{"self":[{"href":"https:\/\/www.nordi.ee\/en\/wp-json\/wp\/v2\/product\/42132","targetHints":{"allow":["GET"]}}],"collection":[{"href":"https:\/\/www.nordi.ee\/en\/wp-json\/wp\/v2\/product"}],"about":[{"href":"https:\/\/www.nordi.ee\/en\/wp-json\/wp\/v2\/types\/product"}],"replies":[{"embeddable":true,"href":"https:\/\/www.nordi.ee\/en\/wp-json\/wp\/v2\/comments?post=42132"}],"wp:featuredmedia":[{"embeddable":true,"href":"https:\/\/www.nordi.ee\/en\/wp-json\/wp\/v2\/media\/42133"}],"wp:attachment":[{"href":"https:\/\/www.nordi.ee\/en\/wp-json\/wp\/v2\/media?parent=42132"}],"wp:term":[{"taxonomy":"product_brand","embeddable":true,"href":"https:\/\/www.nordi.ee\/en\/wp-json\/wp\/v2\/product_brand?post=42132"},{"taxonomy":"product_cat","embeddable":true,"href":"https:\/\/www.nordi.ee\/en\/wp-json\/wp\/v2\/product_cat?post=42132"},{"taxonomy":"product_tag","embeddable":true,"href":"https:\/\/www.nordi.ee\/en\/wp-json\/wp\/v2\/product_tag?post=42132"}],"curies":[{"name":"wp","href":"https:\/\/api.w.org\/{rel}","templated":true}]}}