{"id":42124,"date":"2025-11-22T14:24:37","date_gmt":"2025-11-22T12:24:37","guid":{"rendered":"https:\/\/www.nordi.ee\/?post_type=product&#038;p=42124"},"modified":"2025-11-23T21:01:26","modified_gmt":"2025-11-23T19:01:26","slug":"tammepuidust-tv-alus-mono-loft-02","status":"publish","type":"product","link":"https:\/\/www.nordi.ee\/en\/toode\/tammepuidust-tv-alus-mono-loft-02\/","title":{"rendered":"Tammepuidust TV alus Mono Loft 02"},"content":{"rendered":"","protected":false},"excerpt":{"rendered":"<p data-start=\"96\" data-end=\"616\">Loft-stiilis TV-alus Mono Loft 02 on praktiline ja stiilne valik k\u00f5igile, kes armastavad industriaalset v\u00f5i loftilikku sisekujundust. M\u00f6\u00f6bli geomeetriline vorm, modernne disain ja funktsionaalne siselahendus sobivad suurep\u00e4raselt nii magamistuppa, elutuppa kui ka kontorisse. Kapikese keskmises osas on kaks avarat hoiukohta, samas kui k\u00fclguste taga paiknevad t\u00e4iendavad riiulid. \u00dclemisse avatud sektsiooni saab paigutada multimeediaseadmeid ning tagapaneeli ava muudab kaablite korrektse juhtimise lihtsaks ja mugavaks.<\/p>\n<p data-start=\"618\" data-end=\"1091\">TV-aluse esipaneel on valmistatud naturaalsest tammepuidust, mis tagab vastupidavuse ja pikaealisuse. Korpus (pealisplaat ja k\u00fcljed) ning sisemus on valmistatud Bianco-tamme tooniga sobitatud laminaatplaadist. M\u00f6\u00f6bel seisab tugevate metallist jalaraamide peal, mis muudavad selle v\u00e4ga stabiilseks. Kaasaegset ilmet r\u00f5hutavad dekoratiivsed plastliistud ja ukse k\u00e4epidemed, mis on paigutatud uste servadesse. Vaikselt sulguvad hinged tagavad mugava ja sujuva kasutuskogemuse.<\/p>\n<p data-start=\"1093\" data-end=\"1167\">M\u00f6\u00f6bel saadetakse kahes pakis ja on ette n\u00e4htud iseseisvaks kokkupanekuks.<\/p>\n<hr data-start=\"1169\" data-end=\"1172\" \/>\n<p data-start=\"1174\" data-end=\"1192\"><strong data-start=\"1174\" data-end=\"1192\">Konstruktsioon<\/strong><\/p>\n<ul data-start=\"1194\" data-end=\"1392\">\n<li data-start=\"1194\" data-end=\"1238\">\n<p data-start=\"1196\" data-end=\"1238\"><strong data-start=\"1196\" data-end=\"1209\">Sihtkoht:<\/strong> elutuba, p\u00e4evaruum, kontor<\/p>\n<\/li>\n<li data-start=\"1239\" data-end=\"1296\">\n<p data-start=\"1241\" data-end=\"1296\"><strong data-start=\"1241\" data-end=\"1275\">M\u00f5\u00f5dud (k\u00f5rgus\/laius\/s\u00fcgavus):<\/strong> 64,5 \u00d7 200 \u00d7 40 cm<\/p>\n<\/li>\n<li data-start=\"1297\" data-end=\"1392\">\n<p data-start=\"1299\" data-end=\"1392\"><strong data-start=\"1299\" data-end=\"1314\">Materjalid:<\/strong> tammepuit, laminaatplaat, metall, alumiinium, plast, HDF-plaat (tagapaneel)<\/p>\n<\/li>\n<\/ul>\n","protected":false},"featured_media":42125,"comment_status":"closed","ping_status":"closed","template":"","meta":{"_gspb_post_css":""},"product_brand":[34],"product_cat":[165,4297,193],"product_tag":[],"class_list":{"0":"post-42124","1":"product","2":"type-product","3":"status-publish","4":"has-post-thumbnail","6":"product_brand-siudy","7":"product_cat-elutuba","8":"product_cat-siudy","9":"product_cat-tv-alused","10":"pa_korgus-301","11":"pa_laius-1019","12":"pa_sugavus-355","13":"pa_vahelaos-jah","15":"first","16":"instock","17":"sale","18":"purchasable","19":"product-type-simple"},"_links":{"self":[{"href":"https:\/\/www.nordi.ee\/en\/wp-json\/wp\/v2\/product\/42124","targetHints":{"allow":["GET"]}}],"collection":[{"href":"https:\/\/www.nordi.ee\/en\/wp-json\/wp\/v2\/product"}],"about":[{"href":"https:\/\/www.nordi.ee\/en\/wp-json\/wp\/v2\/types\/product"}],"replies":[{"embeddable":true,"href":"https:\/\/www.nordi.ee\/en\/wp-json\/wp\/v2\/comments?post=42124"}],"wp:featuredmedia":[{"embeddable":true,"href":"https:\/\/www.nordi.ee\/en\/wp-json\/wp\/v2\/media\/42125"}],"wp:attachment":[{"href":"https:\/\/www.nordi.ee\/en\/wp-json\/wp\/v2\/media?parent=42124"}],"wp:term":[{"taxonomy":"product_brand","embeddable":true,"href":"https:\/\/www.nordi.ee\/en\/wp-json\/wp\/v2\/product_brand?post=42124"},{"taxonomy":"product_cat","embeddable":true,"href":"https:\/\/www.nordi.ee\/en\/wp-json\/wp\/v2\/product_cat?post=42124"},{"taxonomy":"product_tag","embeddable":true,"href":"https:\/\/www.nordi.ee\/en\/wp-json\/wp\/v2\/product_tag?post=42124"}],"curies":[{"name":"wp","href":"https:\/\/api.w.org\/{rel}","templated":true}]}}