{"id":42051,"date":"2025-11-22T14:24:16","date_gmt":"2025-11-22T12:24:16","guid":{"rendered":"https:\/\/www.nordi.ee\/?post_type=product&#038;p=42051"},"modified":"2025-11-23T21:01:27","modified_gmt":"2025-11-23T19:01:27","slug":"ummargune-tammepuidust-pikendatav-soogilaud-orlando-i","status":"publish","type":"product","link":"https:\/\/www.nordi.ee\/en\/toode\/ummargune-tammepuidust-pikendatav-soogilaud-orlando-i\/","title":{"rendered":"Pikendatav kuni 3,1m tammepuidust s\u00f6\u00f6gilaud Orlando I"},"content":{"rendered":"","protected":false},"excerpt":{"rendered":"<h3 data-start=\"88\" data-end=\"134\"><strong data-start=\"92\" data-end=\"134\">Ovaalne laiendatav s\u00f6\u00f6gilaud Orlando I<\/strong><\/h3>\n<p data-start=\"136\" data-end=\"485\">Ovaalne s\u00f6\u00f6gilaud <strong data-start=\"154\" data-end=\"167\">Orlando I<\/strong> on elegantne ja praktiline valik igasse koju. T\u00e4nu <strong data-start=\"219\" data-end=\"237\">4 lisaplaadile<\/strong> saab laua pikkust mugavalt suurendada kuni <strong data-start=\"281\" data-end=\"291\">310 cm<\/strong>, pakkudes ruumi nii igap\u00e4evasteks s\u00f6\u00f6maaegadeks kui ka suuremateks pere- ja seltskonna\u00fcritusteks. Lisaplaate on lihtne hoiustada ning need v\u00f5imaldavad lauda kohandada just vastavalt vajadusele.<\/p>\n<p data-start=\"487\" data-end=\"752\">Laual on <strong data-start=\"496\" data-end=\"521\">forneeritud lauaplaat<\/strong>, mis lisab ruumile stiili ja vastupidavust. <strong data-start=\"566\" data-end=\"595\">Lakitud t\u00e4ispuidust jalad<\/strong> tagavad stabiilsuse ja pika kasutusea. Orlando I sobib suurep\u00e4raselt nii s\u00f6\u00f6gituppa kui ka elutuppa, tuues ruumi nii funktsionaalsust kui ka ajatut disaini.<\/p>\n<p data-start=\"754\" data-end=\"826\">Laud tarnitakse <strong data-start=\"770\" data-end=\"781\">3 pakis<\/strong> ja on m\u00f5eldud <strong data-start=\"796\" data-end=\"825\">iseseisvaks kokkupanekuks<\/strong>.<\/p>\n<h3 data-start=\"833\" data-end=\"858\"><strong data-start=\"837\" data-end=\"858\">Tehnilised andmed<\/strong><\/h3>\n<ul data-start=\"859\" data-end=\"1069\">\n<li data-start=\"859\" data-end=\"894\">\n<p data-start=\"861\" data-end=\"894\"><strong data-start=\"861\" data-end=\"873\">Sobivus:<\/strong> elutuba, s\u00f6\u00f6gituba<\/p>\n<\/li>\n<li data-start=\"895\" data-end=\"944\">\n<p data-start=\"897\" data-end=\"944\"><strong data-start=\"897\" data-end=\"930\">M\u00f5\u00f5dud (k\u00f5rgus\/laius\/pikkus):<\/strong> 76 \/ 110 cm<\/p>\n<\/li>\n<li data-start=\"945\" data-end=\"979\">\n<p data-start=\"947\" data-end=\"979\"><strong data-start=\"947\" data-end=\"971\">Kaal koos pakendiga:<\/strong> 78 kg<\/p>\n<\/li>\n<li data-start=\"980\" data-end=\"1027\">\n<p data-start=\"982\" data-end=\"1027\"><strong data-start=\"982\" data-end=\"997\">Materjalid:<\/strong> formeeritud lauaplaat, puit<\/p>\n<\/li>\n<li data-start=\"1028\" data-end=\"1069\">\n<p data-start=\"1030\" data-end=\"1069\"><strong data-start=\"1030\" data-end=\"1049\">Pakendi m\u00f5\u00f5dud:<\/strong> 78 \/ 102 \/ 202 cm<\/p>\n<\/li>\n<\/ul>\n","protected":false},"featured_media":42052,"comment_status":"closed","ping_status":"closed","template":"","meta":{"_gspb_post_css":""},"product_brand":[34],"product_cat":[4291,4297,190,167],"product_tag":[],"class_list":{"0":"post-42051","1":"product","2":"type-product","3":"status-publish","4":"has-post-thumbnail","6":"product_brand-siudy","7":"product_cat-sgilauad","8":"product_cat-siudy","9":"product_cat-soogilauad","10":"product_cat-soogituba","11":"pa_korgus-406","12":"pa_laius-675","13":"pa_sugavus-1482","14":"pa_vahelaos-ei","16":"first","17":"instock","18":"sale","19":"purchasable","20":"product-type-simple"},"_links":{"self":[{"href":"https:\/\/www.nordi.ee\/en\/wp-json\/wp\/v2\/product\/42051","targetHints":{"allow":["GET"]}}],"collection":[{"href":"https:\/\/www.nordi.ee\/en\/wp-json\/wp\/v2\/product"}],"about":[{"href":"https:\/\/www.nordi.ee\/en\/wp-json\/wp\/v2\/types\/product"}],"replies":[{"embeddable":true,"href":"https:\/\/www.nordi.ee\/en\/wp-json\/wp\/v2\/comments?post=42051"}],"wp:featuredmedia":[{"embeddable":true,"href":"https:\/\/www.nordi.ee\/en\/wp-json\/wp\/v2\/media\/42052"}],"wp:attachment":[{"href":"https:\/\/www.nordi.ee\/en\/wp-json\/wp\/v2\/media?parent=42051"}],"wp:term":[{"taxonomy":"product_brand","embeddable":true,"href":"https:\/\/www.nordi.ee\/en\/wp-json\/wp\/v2\/product_brand?post=42051"},{"taxonomy":"product_cat","embeddable":true,"href":"https:\/\/www.nordi.ee\/en\/wp-json\/wp\/v2\/product_cat?post=42051"},{"taxonomy":"product_tag","embeddable":true,"href":"https:\/\/www.nordi.ee\/en\/wp-json\/wp\/v2\/product_tag?post=42051"}],"curies":[{"name":"wp","href":"https:\/\/api.w.org\/{rel}","templated":true}]}}