{"id":42047,"date":"2025-11-22T14:24:16","date_gmt":"2025-11-22T12:24:16","guid":{"rendered":"https:\/\/www.nordi.ee\/?post_type=product&#038;p=42047"},"modified":"2025-11-23T21:01:27","modified_gmt":"2025-11-23T19:01:27","slug":"pikendatav-soogilaud-afro-mustade-jalgadega","status":"publish","type":"product","link":"https:\/\/www.nordi.ee\/en\/toode\/pikendatav-soogilaud-afro-mustade-jalgadega\/","title":{"rendered":"Pikendatav s\u00f6\u00f6gilaud AFRO mustade jalgadega"},"content":{"rendered":"","protected":false},"excerpt":{"rendered":"<h3 data-start=\"90\" data-end=\"159\"><strong data-start=\"94\" data-end=\"159\">Pikendatav s\u00f6\u00f6gilaud Afro \u2013 modernne, praktiline ja elegantne<\/strong><\/h3>\n<p data-start=\"161\" data-end=\"461\"><strong data-start=\"161\" data-end=\"208\">Afro pikendatav s\u00f6\u00f6gilaud mustade jalgadega<\/strong> \u00fchendab stiili ja funktsionaalsuse. Kompaktne ristk\u00fclikukujuline disain sobib suurep\u00e4raselt igap\u00e4evaseks kasutamiseks, kuid t\u00e4nu pikendusplaatidele saab laua <strong data-start=\"367\" data-end=\"392\">pikendada kuni 230 cm<\/strong>, et mahutada mugavalt nii peres\u00fcndmused kui ka s\u00f5pradega \u00f5htus\u00f6\u00f6gid.<\/p>\n<p data-start=\"463\" data-end=\"660\">Lauaplaat on kaetud <strong data-start=\"483\" data-end=\"500\">tammespooniga<\/strong>, mis lisab ruumile soojust ja naturaalsust. <strong data-start=\"545\" data-end=\"574\">T\u00e4ispuidust ja tammejalad<\/strong> tagavad stabiilsuse ja vastupidavuse, muutes laua usaldusv\u00e4\u00e4rseks valikuks aastateks.<\/p>\n<p data-start=\"662\" data-end=\"757\">Laual on <strong data-start=\"671\" data-end=\"717\">kiire ja lihtne kokkupandav konstruktsioon<\/strong>, ning m\u00f6\u00f6bel tarnitakse <strong data-start=\"742\" data-end=\"756\">3 pakendis<\/strong>.<\/p>\n<hr data-start=\"759\" data-end=\"762\" \/>\n<h3 data-start=\"764\" data-end=\"789\"><strong data-start=\"768\" data-end=\"789\">Tehnilised andmed<\/strong><\/h3>\n<ul data-start=\"790\" data-end=\"1016\">\n<li data-start=\"790\" data-end=\"825\">\n<p data-start=\"792\" data-end=\"825\"><strong data-start=\"792\" data-end=\"804\">Sobivus:<\/strong> elutuba, s\u00f6\u00f6gituba<\/p>\n<\/li>\n<li data-start=\"826\" data-end=\"880\">\n<p data-start=\"828\" data-end=\"880\"><strong data-start=\"828\" data-end=\"861\">M\u00f5\u00f5dud (k\u00f5rgus\/laius\/pikkus):<\/strong> 77 \/ 95 \/ 160 cm<\/p>\n<\/li>\n<li data-start=\"881\" data-end=\"912\">\n<p data-start=\"883\" data-end=\"912\"><strong data-start=\"883\" data-end=\"903\">Pikendatav kuni:<\/strong> 230 cm<\/p>\n<\/li>\n<li data-start=\"913\" data-end=\"947\">\n<p data-start=\"915\" data-end=\"947\"><strong data-start=\"915\" data-end=\"939\">Kaal koos pakendiga:<\/strong> 61 kg<\/p>\n<\/li>\n<li data-start=\"948\" data-end=\"1016\">\n<p data-start=\"950\" data-end=\"1016\"><strong data-start=\"950\" data-end=\"965\">Materjalid:<\/strong> tammespooniga lauaplaat, t\u00e4ispuidust\/tamme jalad<\/p>\n<\/li>\n<\/ul>\n","protected":false},"featured_media":42048,"comment_status":"closed","ping_status":"closed","template":"","meta":{"_gspb_post_css":""},"product_brand":[34],"product_cat":[4291,190,167],"product_tag":[],"class_list":{"0":"post-42047","1":"product","2":"type-product","3":"status-publish","4":"has-post-thumbnail","6":"product_brand-siudy","7":"product_cat-sgilauad","8":"product_cat-soogilauad","9":"product_cat-soogituba","10":"pa_korgus-505","11":"pa_laius-4286","12":"pa_sugavus-1284","13":"pa_vahelaos-ei","15":"first","16":"instock","17":"sale","18":"purchasable","19":"product-type-simple"},"_links":{"self":[{"href":"https:\/\/www.nordi.ee\/en\/wp-json\/wp\/v2\/product\/42047","targetHints":{"allow":["GET"]}}],"collection":[{"href":"https:\/\/www.nordi.ee\/en\/wp-json\/wp\/v2\/product"}],"about":[{"href":"https:\/\/www.nordi.ee\/en\/wp-json\/wp\/v2\/types\/product"}],"replies":[{"embeddable":true,"href":"https:\/\/www.nordi.ee\/en\/wp-json\/wp\/v2\/comments?post=42047"}],"wp:featuredmedia":[{"embeddable":true,"href":"https:\/\/www.nordi.ee\/en\/wp-json\/wp\/v2\/media\/42048"}],"wp:attachment":[{"href":"https:\/\/www.nordi.ee\/en\/wp-json\/wp\/v2\/media?parent=42047"}],"wp:term":[{"taxonomy":"product_brand","embeddable":true,"href":"https:\/\/www.nordi.ee\/en\/wp-json\/wp\/v2\/product_brand?post=42047"},{"taxonomy":"product_cat","embeddable":true,"href":"https:\/\/www.nordi.ee\/en\/wp-json\/wp\/v2\/product_cat?post=42047"},{"taxonomy":"product_tag","embeddable":true,"href":"https:\/\/www.nordi.ee\/en\/wp-json\/wp\/v2\/product_tag?post=42047"}],"curies":[{"name":"wp","href":"https:\/\/api.w.org\/{rel}","templated":true}]}}