{"id":42040,"date":"2025-11-22T14:24:16","date_gmt":"2025-11-22T12:24:16","guid":{"rendered":"https:\/\/www.nordi.ee\/?post_type=product&#038;p=42040"},"modified":"2025-11-23T21:01:27","modified_gmt":"2025-11-23T19:01:27","slug":"tammest-ja-metallist-soogilaud-ristjalgadel","status":"publish","type":"product","link":"https:\/\/www.nordi.ee\/en\/toode\/tammest-ja-metallist-soogilaud-ristjalgadel\/","title":{"rendered":"Tammest ja metallist s\u00f6\u00f6gilaud ristjalgadel"},"content":{"rendered":"","protected":false},"excerpt":{"rendered":"<h3 data-start=\"79\" data-end=\"150\"><strong data-start=\"83\" data-end=\"150\">Tammepuidust s\u00f6\u00f6gilaud metalljalgadel \u2013 tugev, stiilne ja ajatu<\/strong><\/h3>\n<p data-start=\"152\" data-end=\"418\">See <strong data-start=\"156\" data-end=\"189\">\u00f5litatud tammest lauaplaadiga<\/strong> s\u00f6\u00f6gilaud lisab ruumile loomulikku soojust ja modernset karakterit. Tugevad <strong data-start=\"266\" data-end=\"304\">pulberv\u00e4rvitud metallist ristjalad<\/strong> tagavad suurep\u00e4rase stabiilsuse ja vastupidavuse, muutes laua usaldusv\u00e4\u00e4rseks valikuks igap\u00e4evaseks kasutamiseks.<\/p>\n<p data-start=\"420\" data-end=\"626\">Avar lauaplaat (200 cm) mahutab mugavalt nii pere kui ka k\u00fclalised \u2013 ideaalne lahendus nii s\u00f6\u00f6gituppa kui ka avarasse k\u00f6\u00f6ki. Ajatu disain sobib suurep\u00e4raselt nii modernsesse kui ka klassikalisse interj\u00f6\u00f6ri.<\/p>\n<p data-start=\"628\" data-end=\"709\">M\u00f6\u00f6bel tarnitakse <strong data-start=\"646\" data-end=\"664\">kahes pakendis<\/strong> ja on m\u00f5eldud <strong data-start=\"679\" data-end=\"708\">iseseisvaks kokkupanekuks<\/strong>.<\/p>\n<hr data-start=\"711\" data-end=\"714\" \/>\n<h3 data-start=\"716\" data-end=\"741\"><strong data-start=\"720\" data-end=\"741\">Tehnilised andmed<\/strong><\/h3>\n<ul data-start=\"742\" data-end=\"975\">\n<li data-start=\"742\" data-end=\"782\">\n<p data-start=\"744\" data-end=\"782\"><strong data-start=\"744\" data-end=\"761\">Sobilik ruum:<\/strong> elutuba, s\u00f6\u00f6gituba<\/p>\n<\/li>\n<li data-start=\"783\" data-end=\"838\">\n<p data-start=\"785\" data-end=\"838\"><strong data-start=\"785\" data-end=\"818\">M\u00f5\u00f5dud (k\u00f5rgus\/laius\/pikkus):<\/strong> 74 \/ 100 \/ 200 cm<\/p>\n<\/li>\n<li data-start=\"839\" data-end=\"873\">\n<p data-start=\"841\" data-end=\"873\"><strong data-start=\"841\" data-end=\"865\">Kaal koos pakendiga:<\/strong> 77 kg<\/p>\n<\/li>\n<li data-start=\"874\" data-end=\"933\">\n<p data-start=\"876\" data-end=\"933\"><strong data-start=\"876\" data-end=\"891\">Materjalid:<\/strong> \u00f5litatud tammepuit, metallist ristjalad<\/p>\n<\/li>\n<li data-start=\"934\" data-end=\"975\">\n<p data-start=\"936\" data-end=\"975\"><strong data-start=\"936\" data-end=\"955\">Pakendi m\u00f5\u00f5dud:<\/strong> 78 \/ 102 \/ 202 cm<\/p>\n<\/li>\n<\/ul>\n","protected":false},"featured_media":42041,"comment_status":"closed","ping_status":"closed","template":"","meta":{"_gspb_post_css":""},"product_brand":[34],"product_cat":[4291,4297,190,167],"product_tag":[],"class_list":{"0":"post-42040","1":"product","2":"type-product","3":"status-publish","4":"has-post-thumbnail","6":"product_brand-siudy","7":"product_cat-sgilauad","8":"product_cat-siudy","9":"product_cat-soogilauad","10":"product_cat-soogituba","11":"pa_korgus-505","12":"pa_laius-615","13":"pa_sugavus-4095","14":"pa_vahelaos-ei","16":"first","17":"instock","18":"sale","19":"purchasable","20":"product-type-simple"},"_links":{"self":[{"href":"https:\/\/www.nordi.ee\/en\/wp-json\/wp\/v2\/product\/42040","targetHints":{"allow":["GET"]}}],"collection":[{"href":"https:\/\/www.nordi.ee\/en\/wp-json\/wp\/v2\/product"}],"about":[{"href":"https:\/\/www.nordi.ee\/en\/wp-json\/wp\/v2\/types\/product"}],"replies":[{"embeddable":true,"href":"https:\/\/www.nordi.ee\/en\/wp-json\/wp\/v2\/comments?post=42040"}],"wp:featuredmedia":[{"embeddable":true,"href":"https:\/\/www.nordi.ee\/en\/wp-json\/wp\/v2\/media\/42041"}],"wp:attachment":[{"href":"https:\/\/www.nordi.ee\/en\/wp-json\/wp\/v2\/media?parent=42040"}],"wp:term":[{"taxonomy":"product_brand","embeddable":true,"href":"https:\/\/www.nordi.ee\/en\/wp-json\/wp\/v2\/product_brand?post=42040"},{"taxonomy":"product_cat","embeddable":true,"href":"https:\/\/www.nordi.ee\/en\/wp-json\/wp\/v2\/product_cat?post=42040"},{"taxonomy":"product_tag","embeddable":true,"href":"https:\/\/www.nordi.ee\/en\/wp-json\/wp\/v2\/product_tag?post=42040"}],"curies":[{"name":"wp","href":"https:\/\/api.w.org\/{rel}","templated":true}]}}