{"id":42033,"date":"2025-11-22T14:24:16","date_gmt":"2025-11-22T12:24:16","guid":{"rendered":"https:\/\/www.nordi.ee\/?post_type=product&#038;p=42033"},"modified":"2025-11-23T21:01:27","modified_gmt":"2025-11-23T19:01:27","slug":"vaike-tammepuidust-soogilaud-geometric-81","status":"publish","type":"product","link":"https:\/\/www.nordi.ee\/en\/toode\/vaike-tammepuidust-soogilaud-geometric-81\/","title":{"rendered":"V\u00e4ike tammepuidust s\u00f6\u00f6gilaud GEOMETRIC 81"},"content":{"rendered":"","protected":false},"excerpt":{"rendered":"<h3 data-start=\"90\" data-end=\"145\"><strong data-start=\"94\" data-end=\"145\">Geometric 81 \u2013 v\u00e4ike tammelaud modernsesse koju<\/strong><\/h3>\n<p data-start=\"147\" data-end=\"392\">Geometric 81 <strong data-start=\"160\" data-end=\"183\">kompaktne tammelaud<\/strong> (103 cm) \u00fchendab modernse disaini ja praktilisuse. \u00dcmarad nurgad ja elegantne 30\u00b0 kaldenurk lisavad stiilsust ning muudavad laua turvaliseks ja kergelt sobitatavaks v\u00e4iksematesse k\u00f6\u00f6kidesse ja s\u00f6\u00f6gitubadesse.<\/p>\n<p data-start=\"394\" data-end=\"604\">Lauaplaat on valmistatud kvaliteetsest <strong data-start=\"433\" data-end=\"458\">tammespooniga MDF-ist<\/strong>, mida toetavad tugevad <strong data-start=\"482\" data-end=\"508\">koonilised metalljalad<\/strong>. Konstruktsioon tagab suurep\u00e4rase stabiilsuse ja vastupidavuse \u2013 laud on loodud kestma aastaid.<\/p>\n<p data-start=\"606\" data-end=\"689\">M\u00f6\u00f6bel tarnitakse <strong data-start=\"624\" data-end=\"642\">kahes pakendis<\/strong> ning on m\u00f5eldud <strong data-start=\"659\" data-end=\"688\">iseseisvaks kokkupanekuks<\/strong>.<\/p>\n<hr data-start=\"691\" data-end=\"694\" \/>\n<h3 data-start=\"696\" data-end=\"721\"><strong data-start=\"700\" data-end=\"721\">Tehnilised andmed<\/strong><\/h3>\n<ul data-start=\"722\" data-end=\"886\">\n<li data-start=\"722\" data-end=\"754\">\n<p data-start=\"724\" data-end=\"754\"><strong data-start=\"724\" data-end=\"734\">Sobib:<\/strong> k\u00f6\u00f6ki, s\u00f6\u00f6gituppa<\/p>\n<\/li>\n<li data-start=\"755\" data-end=\"811\">\n<p data-start=\"757\" data-end=\"811\"><strong data-start=\"757\" data-end=\"791\">M\u00f5\u00f5dud (k\u00f5rgus\/laius\/s\u00fcgavus):<\/strong> 76 \/ 103 \/ 103 cm<\/p>\n<\/li>\n<li data-start=\"812\" data-end=\"866\">\n<p data-start=\"814\" data-end=\"866\"><strong data-start=\"814\" data-end=\"829\">Materjalid:<\/strong> tammespooniga MDF, metallist jalad<\/p>\n<\/li>\n<li data-start=\"867\" data-end=\"886\">\n<p data-start=\"869\" data-end=\"886\"><strong data-start=\"869\" data-end=\"878\">Kaal:<\/strong> 24 kg<\/p>\n<\/li>\n<\/ul>\n","protected":false},"featured_media":42034,"comment_status":"closed","ping_status":"closed","template":"","meta":{"_gspb_post_css":""},"product_brand":[34],"product_cat":[4291,4297,190,167],"product_tag":[],"class_list":{"0":"post-42033","1":"product","2":"type-product","3":"status-publish","4":"has-post-thumbnail","6":"product_brand-siudy","7":"product_cat-sgilauad","8":"product_cat-siudy","9":"product_cat-soogilauad","10":"product_cat-soogituba","11":"pa_korgus-406","12":"pa_laius-2221","13":"pa_sugavus-4292","14":"pa_vahelaos-jah","16":"first","17":"instock","18":"sale","19":"purchasable","20":"product-type-simple"},"_links":{"self":[{"href":"https:\/\/www.nordi.ee\/en\/wp-json\/wp\/v2\/product\/42033","targetHints":{"allow":["GET"]}}],"collection":[{"href":"https:\/\/www.nordi.ee\/en\/wp-json\/wp\/v2\/product"}],"about":[{"href":"https:\/\/www.nordi.ee\/en\/wp-json\/wp\/v2\/types\/product"}],"replies":[{"embeddable":true,"href":"https:\/\/www.nordi.ee\/en\/wp-json\/wp\/v2\/comments?post=42033"}],"wp:featuredmedia":[{"embeddable":true,"href":"https:\/\/www.nordi.ee\/en\/wp-json\/wp\/v2\/media\/42034"}],"wp:attachment":[{"href":"https:\/\/www.nordi.ee\/en\/wp-json\/wp\/v2\/media?parent=42033"}],"wp:term":[{"taxonomy":"product_brand","embeddable":true,"href":"https:\/\/www.nordi.ee\/en\/wp-json\/wp\/v2\/product_brand?post=42033"},{"taxonomy":"product_cat","embeddable":true,"href":"https:\/\/www.nordi.ee\/en\/wp-json\/wp\/v2\/product_cat?post=42033"},{"taxonomy":"product_tag","embeddable":true,"href":"https:\/\/www.nordi.ee\/en\/wp-json\/wp\/v2\/product_tag?post=42033"}],"curies":[{"name":"wp","href":"https:\/\/api.w.org\/{rel}","templated":true}]}}