{"id":41982,"date":"2025-11-22T14:24:16","date_gmt":"2025-11-22T12:24:16","guid":{"rendered":"https:\/\/www.nordi.ee\/?post_type=product&#038;p=41982"},"modified":"2025-11-23T21:01:27","modified_gmt":"2025-11-23T19:01:27","slug":"pikendatav-tammepuidust-soogilaud-napoli","status":"publish","type":"product","link":"https:\/\/www.nordi.ee\/en\/toode\/pikendatav-tammepuidust-soogilaud-napoli\/","title":{"rendered":"Pikendatav tammepuidust s\u00f6\u00f6gilaud NAPOLI"},"content":{"rendered":"","protected":false},"excerpt":{"rendered":"<h3 data-start=\"90\" data-end=\"167\"><strong data-start=\"94\" data-end=\"167\">Napoli pikendatav tammepuidust s\u00f6\u00f6gilaud \u2013 ideaalne suurtele peredele<\/strong><\/h3>\n<p data-start=\"169\" data-end=\"528\"><strong data-start=\"169\" data-end=\"208\">Napoli tammepuidust pikendatav laud<\/strong> on suurep\u00e4rane valik neile, kes soovivad kogu pere v\u00f5i k\u00fclalistega mugavalt einestada. Tugev puidust raam ja kvaliteetsed materjalid tagavad stabiilsuse, samas kui nutikas pikendusmehhanism v\u00f5imaldab lauda <strong data-start=\"415\" data-end=\"444\">pikendada kuni 3 meetrini<\/strong>. Kahe 70 cm pikendusplaadi kasutamisel j\u00e4\u00e4vad lisad mugavalt lauaplaadi alla peitu.<\/p>\n<p data-start=\"530\" data-end=\"773\">Lauaplaat on kaetud <strong data-start=\"550\" data-end=\"567\">tammespooniga<\/strong>, mis annab loomuliku ja ajatu ilme. Massiivsed 8\u00d78 cm jalad tagavad vastupidavuse ning sobivad nii klassikalisse kui modernsesse interj\u00f6\u00f6ri. Laud on \u00f5litatud, et kaitsta pinda ja muuta hooldamine lihtsaks.<\/p>\n<p data-start=\"775\" data-end=\"853\">Toode tarnitakse <strong data-start=\"792\" data-end=\"806\">3 pakendis<\/strong> ning on m\u00f5eldud <strong data-start=\"823\" data-end=\"852\">iseseisvaks kokkupanekuks<\/strong>.<\/p>\n<hr data-start=\"855\" data-end=\"858\" \/>\n<h3 data-start=\"860\" data-end=\"885\"><strong data-start=\"864\" data-end=\"885\">Tehnilised andmed<\/strong><\/h3>\n<ul data-start=\"886\" data-end=\"1109\">\n<li data-start=\"886\" data-end=\"921\">\n<p data-start=\"888\" data-end=\"921\"><strong data-start=\"888\" data-end=\"898\">Sobib:<\/strong> elutuppa, s\u00f6\u00f6gituppa<\/p>\n<\/li>\n<li data-start=\"922\" data-end=\"1008\">\n<p data-start=\"924\" data-end=\"1008\"><strong data-start=\"924\" data-end=\"957\">M\u00f5\u00f5dud (k\u00f5rgus\/laius\/pikkus):<\/strong> 76 \/ 160 + 2 \u00d7 70 cm (maksimaalselt 300 cm) \/ 90<\/p>\n<\/li>\n<li data-start=\"1009\" data-end=\"1043\">\n<p data-start=\"1011\" data-end=\"1043\"><strong data-start=\"1011\" data-end=\"1035\">Kaal koos pakendiga:<\/strong> 80 kg<\/p>\n<\/li>\n<li data-start=\"1044\" data-end=\"1085\">\n<p data-start=\"1046\" data-end=\"1085\"><strong data-start=\"1046\" data-end=\"1061\">Materjalid:<\/strong> tammepuit, tammespoon<\/p>\n<\/li>\n<li data-start=\"1086\" data-end=\"1109\">\n<p data-start=\"1088\" data-end=\"1109\"><strong data-start=\"1088\" data-end=\"1099\">Pakend:<\/strong> 3 pakki<\/p>\n<\/li>\n<\/ul>\n","protected":false},"featured_media":41983,"comment_status":"closed","ping_status":"closed","template":"","meta":{"_gspb_post_css":""},"product_brand":[34],"product_cat":[4291,4297,190,167],"product_tag":[],"class_list":{"0":"post-41982","1":"product","2":"type-product","3":"status-publish","4":"has-post-thumbnail","6":"product_brand-siudy","7":"product_cat-sgilauad","8":"product_cat-siudy","9":"product_cat-soogilauad","10":"product_cat-soogituba","11":"pa_korgus-406","12":"pa_laius-1270","13":"pa_sugavus-351","14":"pa_vahelaos-ei","16":"first","17":"instock","18":"sale","19":"purchasable","20":"product-type-simple"},"_links":{"self":[{"href":"https:\/\/www.nordi.ee\/en\/wp-json\/wp\/v2\/product\/41982","targetHints":{"allow":["GET"]}}],"collection":[{"href":"https:\/\/www.nordi.ee\/en\/wp-json\/wp\/v2\/product"}],"about":[{"href":"https:\/\/www.nordi.ee\/en\/wp-json\/wp\/v2\/types\/product"}],"replies":[{"embeddable":true,"href":"https:\/\/www.nordi.ee\/en\/wp-json\/wp\/v2\/comments?post=41982"}],"wp:featuredmedia":[{"embeddable":true,"href":"https:\/\/www.nordi.ee\/en\/wp-json\/wp\/v2\/media\/41983"}],"wp:attachment":[{"href":"https:\/\/www.nordi.ee\/en\/wp-json\/wp\/v2\/media?parent=41982"}],"wp:term":[{"taxonomy":"product_brand","embeddable":true,"href":"https:\/\/www.nordi.ee\/en\/wp-json\/wp\/v2\/product_brand?post=41982"},{"taxonomy":"product_cat","embeddable":true,"href":"https:\/\/www.nordi.ee\/en\/wp-json\/wp\/v2\/product_cat?post=41982"},{"taxonomy":"product_tag","embeddable":true,"href":"https:\/\/www.nordi.ee\/en\/wp-json\/wp\/v2\/product_tag?post=41982"}],"curies":[{"name":"wp","href":"https:\/\/api.w.org\/{rel}","templated":true}]}}