{"id":41944,"date":"2025-11-22T14:23:54","date_gmt":"2025-11-22T12:23:54","guid":{"rendered":"https:\/\/www.nordi.ee\/?post_type=product&#038;p=41944"},"modified":"2025-11-23T21:01:28","modified_gmt":"2025-11-23T19:01:28","slug":"seinakapp-soontega-arrocco-sormejaljekindla-klaasiga","status":"publish","type":"product","link":"https:\/\/www.nordi.ee\/en\/toode\/seinakapp-soontega-arrocco-sormejaljekindla-klaasiga\/","title":{"rendered":"Seinakapp soontega Arrocco s\u00f5rmej\u00e4ljekindla klaasiga"},"content":{"rendered":"","protected":false},"excerpt":{"rendered":"<h3 data-start=\"90\" data-end=\"161\"><strong data-start=\"94\" data-end=\"161\">Arrocco seinakapp \u2013 modernne ja praktiline aktsent igasse ruumi<\/strong><\/h3>\n<p data-start=\"163\" data-end=\"393\"><strong data-start=\"163\" data-end=\"184\">Arrocco seinakapp<\/strong> on stiilne ja kompaktne lahendus elutuppa, magamistuppa v\u00f5i kaasaegsesse kontorisse. Selle minimalistlik disain mahutab mugavalt pisemad esemed, tuues ruumi korda ja lisades sisekujundusele modernset h\u00f5ngu.<\/p>\n<p data-start=\"395\" data-end=\"624\">Kapp on valmistatud vastupidavast <strong data-start=\"429\" data-end=\"454\">lamineeritud plaadist<\/strong> ja <strong data-start=\"458\" data-end=\"485\">pulberv\u00e4rvitud terasest<\/strong>, mille s\u00f5rmej\u00e4ljekindel viimistlus on lihtsasti hooldatav. <strong data-start=\"545\" data-end=\"568\">Karastatud klaasist<\/strong> sooneline uks lisab elegantset ja trendikat v\u00e4limust.<\/p>\n<p data-start=\"626\" data-end=\"838\">M\u00f6\u00f6bel tarnitakse <strong data-start=\"644\" data-end=\"661\">\u00fches pakendis<\/strong> ja on m\u00f5eldud <strong data-start=\"676\" data-end=\"705\">iseseisvaks kokkupanekuks<\/strong>. Kapi maksimaalne kandev\u00f5ime on <strong data-start=\"738\" data-end=\"747\">15 kg<\/strong> \u2013 stabiilsuse tagamiseks soovitame valida sobivad seinakinnitused vastavalt seina t\u00fc\u00fcbile.<\/p>\n<hr data-start=\"840\" data-end=\"843\" \/>\n<h3 data-start=\"845\" data-end=\"870\"><strong data-start=\"849\" data-end=\"870\">Tehnilised andmed<\/strong><\/h3>\n<ul data-start=\"871\" data-end=\"1079\">\n<li data-start=\"871\" data-end=\"908\">\n<p data-start=\"873\" data-end=\"908\"><strong data-start=\"873\" data-end=\"883\">Sobib:<\/strong> elutuppa, magamistuppa<\/p>\n<\/li>\n<li data-start=\"909\" data-end=\"963\">\n<p data-start=\"911\" data-end=\"963\"><strong data-start=\"911\" data-end=\"945\">M\u00f5\u00f5dud (k\u00f5rgus\/laius\/s\u00fcgavus):<\/strong> 23 \/ 81 \/ 30 cm<\/p>\n<\/li>\n<li data-start=\"964\" data-end=\"998\">\n<p data-start=\"966\" data-end=\"998\"><strong data-start=\"966\" data-end=\"990\">Kaal koos pakendiga:<\/strong> 11 kg<\/p>\n<\/li>\n<li data-start=\"999\" data-end=\"1079\">\n<p data-start=\"1001\" data-end=\"1079\"><strong data-start=\"1001\" data-end=\"1016\">Materjalid:<\/strong> lamineeritud plaat, s\u00f5rmej\u00e4ljekindel teras, karastatud klaas<\/p>\n<\/li>\n<\/ul>\n","protected":false},"featured_media":41877,"comment_status":"closed","ping_status":"closed","template":"","meta":{"_gspb_post_css":""},"product_brand":[34],"product_cat":[165,205],"product_tag":[],"class_list":{"0":"post-41944","1":"product","2":"type-product","3":"status-publish","4":"has-post-thumbnail","6":"product_brand-siudy","7":"product_cat-elutuba","8":"product_cat-kapid","9":"pa_korgus-663","10":"pa_laius-508","11":"pa_sugavus-832","12":"pa_vahelaos-jah","14":"first","15":"instock","16":"sale","17":"purchasable","18":"product-type-simple"},"_links":{"self":[{"href":"https:\/\/www.nordi.ee\/en\/wp-json\/wp\/v2\/product\/41944","targetHints":{"allow":["GET"]}}],"collection":[{"href":"https:\/\/www.nordi.ee\/en\/wp-json\/wp\/v2\/product"}],"about":[{"href":"https:\/\/www.nordi.ee\/en\/wp-json\/wp\/v2\/types\/product"}],"replies":[{"embeddable":true,"href":"https:\/\/www.nordi.ee\/en\/wp-json\/wp\/v2\/comments?post=41944"}],"wp:featuredmedia":[{"embeddable":true,"href":"https:\/\/www.nordi.ee\/en\/wp-json\/wp\/v2\/media\/41877"}],"wp:attachment":[{"href":"https:\/\/www.nordi.ee\/en\/wp-json\/wp\/v2\/media?parent=41944"}],"wp:term":[{"taxonomy":"product_brand","embeddable":true,"href":"https:\/\/www.nordi.ee\/en\/wp-json\/wp\/v2\/product_brand?post=41944"},{"taxonomy":"product_cat","embeddable":true,"href":"https:\/\/www.nordi.ee\/en\/wp-json\/wp\/v2\/product_cat?post=41944"},{"taxonomy":"product_tag","embeddable":true,"href":"https:\/\/www.nordi.ee\/en\/wp-json\/wp\/v2\/product_tag?post=41944"}],"curies":[{"name":"wp","href":"https:\/\/api.w.org\/{rel}","templated":true}]}}