{"id":41943,"date":"2025-11-22T14:23:54","date_gmt":"2025-11-22T12:23:54","guid":{"rendered":"https:\/\/www.nordi.ee\/?post_type=product&#038;p=41943"},"modified":"2025-11-23T21:01:28","modified_gmt":"2025-11-23T19:01:28","slug":"riiul-arrocco-sormejaljekindla-kattega","status":"publish","type":"product","link":"https:\/\/www.nordi.ee\/en\/toode\/riiul-arrocco-sormejaljekindla-kattega\/","title":{"rendered":"Riiul ARROCCO s\u00f5rmej\u00e4ljekindla kattega"},"content":{"rendered":"","protected":false},"excerpt":{"rendered":"<h3 data-start=\"90\" data-end=\"163\"><strong data-start=\"94\" data-end=\"163\">Arrocco \u00f5huke raamaturiiul \u2013 stiilne aktsent moodsasse interj\u00f6\u00f6ri<\/strong><\/h3>\n<p data-start=\"165\" data-end=\"450\"><strong data-start=\"165\" data-end=\"189\">Arrocco raamaturiiul<\/strong> \u00fchendab modernse v\u00e4limuse ja praktilisuse. Viis avatud riiulit pakuvad rohkelt ruumi raamatutele, dekoratsioonidele ja igap\u00e4evastele esemetele, lisades samal ajal ruumile \u00f5hulisust ja stiili. \u00d5huke disain sobib ideaalselt elutuppa, magamistuppa v\u00f5i kontorisse.<\/p>\n<p data-start=\"452\" data-end=\"738\">Riiul on valmistatud vastupidavast <strong data-start=\"487\" data-end=\"515\">mustast laminaatplaadist<\/strong> ning toetub tugevatele <strong data-start=\"539\" data-end=\"573\">pulberv\u00e4rvitud metalljalgadele<\/strong>, mis tagavad stabiilsuse ja pika kasutusea. S\u00f5rmej\u00e4ljekindel viimistlus muudab hoolduse lihtsaks, samas kui dekoratiivsed k\u00fcljekatted annavad sellele modernse ilme.<\/p>\n<p data-start=\"740\" data-end=\"819\">Toode tarnitakse <strong data-start=\"757\" data-end=\"774\">\u00fches pakendis<\/strong> ja on m\u00f5eldud <strong data-start=\"789\" data-end=\"818\">iseseisvaks kokkupanekuks<\/strong>.<\/p>\n<hr data-start=\"821\" data-end=\"824\" \/>\n<h3 data-start=\"826\" data-end=\"851\"><strong data-start=\"830\" data-end=\"851\">Tehnilised andmed<\/strong><\/h3>\n<ul data-start=\"852\" data-end=\"1067\">\n<li data-start=\"852\" data-end=\"894\">\n<p data-start=\"854\" data-end=\"894\"><strong data-start=\"854\" data-end=\"871\">Sobilik ruum:<\/strong> elutuba, magamistuba<\/p>\n<\/li>\n<li data-start=\"895\" data-end=\"950\">\n<p data-start=\"897\" data-end=\"950\"><strong data-start=\"897\" data-end=\"931\">M\u00f5\u00f5dud (k\u00f5rgus\/laius\/s\u00fcgavus):<\/strong> 175 \/ 40 \/ 35 cm<\/p>\n<\/li>\n<li data-start=\"951\" data-end=\"985\">\n<p data-start=\"953\" data-end=\"985\"><strong data-start=\"953\" data-end=\"977\">Kaal koos pakendiga:<\/strong> 30 kg<\/p>\n<\/li>\n<li data-start=\"986\" data-end=\"1067\">\n<p data-start=\"988\" data-end=\"1067\"><strong data-start=\"988\" data-end=\"1003\">Materjalid:<\/strong> laminaat s\u00f5rmej\u00e4ljekindla viimistlusega, pulberv\u00e4rvitud teras<\/p>\n<\/li>\n<\/ul>\n","protected":false},"featured_media":41908,"comment_status":"closed","ping_status":"closed","template":"","meta":{"_gspb_post_css":""},"product_brand":[34],"product_cat":[165,200],"product_tag":[],"class_list":{"0":"post-41943","1":"product","2":"type-product","3":"status-publish","4":"has-post-thumbnail","6":"product_brand-siudy","7":"product_cat-elutuba","8":"product_cat-riiulid","9":"pa_korgus-4282","10":"pa_laius-572","11":"pa_sugavus-829","12":"pa_vahelaos-jah","14":"first","15":"instock","16":"sale","17":"purchasable","18":"product-type-simple"},"_links":{"self":[{"href":"https:\/\/www.nordi.ee\/en\/wp-json\/wp\/v2\/product\/41943","targetHints":{"allow":["GET"]}}],"collection":[{"href":"https:\/\/www.nordi.ee\/en\/wp-json\/wp\/v2\/product"}],"about":[{"href":"https:\/\/www.nordi.ee\/en\/wp-json\/wp\/v2\/types\/product"}],"replies":[{"embeddable":true,"href":"https:\/\/www.nordi.ee\/en\/wp-json\/wp\/v2\/comments?post=41943"}],"wp:featuredmedia":[{"embeddable":true,"href":"https:\/\/www.nordi.ee\/en\/wp-json\/wp\/v2\/media\/41908"}],"wp:attachment":[{"href":"https:\/\/www.nordi.ee\/en\/wp-json\/wp\/v2\/media?parent=41943"}],"wp:term":[{"taxonomy":"product_brand","embeddable":true,"href":"https:\/\/www.nordi.ee\/en\/wp-json\/wp\/v2\/product_brand?post=41943"},{"taxonomy":"product_cat","embeddable":true,"href":"https:\/\/www.nordi.ee\/en\/wp-json\/wp\/v2\/product_cat?post=41943"},{"taxonomy":"product_tag","embeddable":true,"href":"https:\/\/www.nordi.ee\/en\/wp-json\/wp\/v2\/product_tag?post=41943"}],"curies":[{"name":"wp","href":"https:\/\/api.w.org\/{rel}","templated":true}]}}