{"id":41942,"date":"2025-11-22T14:23:54","date_gmt":"2025-11-22T12:23:54","guid":{"rendered":"https:\/\/www.nordi.ee\/?post_type=product&#038;p=41942"},"modified":"2025-11-23T21:01:27","modified_gmt":"2025-11-23T19:01:27","slug":"lai-riiul-arocco-musta-sormejaljekindla-viimistlusega","status":"publish","type":"product","link":"https:\/\/www.nordi.ee\/en\/toode\/lai-riiul-arocco-musta-sormejaljekindla-viimistlusega\/","title":{"rendered":"Lai riiul AROCCO musta s\u00f5rmej\u00e4ljekindla viimistlusega"},"content":{"rendered":"","protected":false},"excerpt":{"rendered":"<h3 data-start=\"90\" data-end=\"157\"><strong data-start=\"94\" data-end=\"157\">Arrocco lai must seinariiul \u2013 modernne aktsent igasse ruumi<\/strong><\/h3>\n<p data-start=\"159\" data-end=\"420\"><strong data-start=\"159\" data-end=\"180\">Arrocco lai riiul<\/strong> on stiilne ja praktiline sisustuselement, mis sobib suurep\u00e4raselt elutuppa, magamistuppa v\u00f5i kaasaegsesse kontorisse. Minimalistlik geomeetriline disain lisab ruumile elegantsi, pakkudes samal ajal rohkelt hoiuruumi oluliste esemete jaoks.<\/p>\n<p data-start=\"422\" data-end=\"672\">Riiul on valmistatud vastupidavast <strong data-start=\"457\" data-end=\"482\">lamineeritud plaadist<\/strong> s\u00f5rmej\u00e4ljekindla viimistlusega ning tugevad <strong data-start=\"527\" data-end=\"545\">metallklambrid<\/strong> tagavad stabiilsuse ja pika kasutusea. Arrocco kollektsiooni modernne v\u00e4limus sobitub h\u00f5lpsalt erinevate interj\u00f6\u00f6ristiilidega.<\/p>\n<p data-start=\"674\" data-end=\"756\">Toode tarnitakse <strong data-start=\"691\" data-end=\"709\">kahes pakendis<\/strong> ning on m\u00f5eldud <strong data-start=\"726\" data-end=\"755\">iseseisvaks kokkupanekuks<\/strong>.<\/p>\n<hr data-start=\"758\" data-end=\"761\" \/>\n<h3 data-start=\"763\" data-end=\"788\"><strong data-start=\"767\" data-end=\"788\">Tehnilised andmed<\/strong><\/h3>\n<ul data-start=\"789\" data-end=\"1003\">\n<li data-start=\"789\" data-end=\"831\">\n<p data-start=\"791\" data-end=\"831\"><strong data-start=\"791\" data-end=\"808\">Sobilik ruum:<\/strong> elutuba, magamistuba<\/p>\n<\/li>\n<li data-start=\"832\" data-end=\"887\">\n<p data-start=\"834\" data-end=\"887\"><strong data-start=\"834\" data-end=\"868\">M\u00f5\u00f5dud (k\u00f5rgus\/laius\/s\u00fcgavus):<\/strong> 195 \/ 61 \/ 35 cm<\/p>\n<\/li>\n<li data-start=\"888\" data-end=\"922\">\n<p data-start=\"890\" data-end=\"922\"><strong data-start=\"890\" data-end=\"914\">Kaal koos pakendiga:<\/strong> 47 kg<\/p>\n<\/li>\n<li data-start=\"923\" data-end=\"1003\">\n<p data-start=\"925\" data-end=\"1003\"><strong data-start=\"925\" data-end=\"940\">Materjalid:<\/strong> s\u00f5rmej\u00e4ljekindla struktuuriga laminaat, pulberv\u00e4rvitud teras<\/p>\n<\/li>\n<\/ul>\n","protected":false},"featured_media":41895,"comment_status":"closed","ping_status":"closed","template":"","meta":{"_gspb_post_css":""},"product_brand":[34],"product_cat":[165,200],"product_tag":[],"class_list":{"0":"post-41942","1":"product","2":"type-product","3":"status-publish","4":"has-post-thumbnail","6":"product_brand-siudy","7":"product_cat-elutuba","8":"product_cat-riiulid","9":"pa_korgus-4281","10":"pa_laius-1259","11":"pa_sugavus-829","12":"pa_vahelaos-jah","14":"first","15":"instock","16":"sale","17":"purchasable","18":"product-type-simple"},"_links":{"self":[{"href":"https:\/\/www.nordi.ee\/en\/wp-json\/wp\/v2\/product\/41942","targetHints":{"allow":["GET"]}}],"collection":[{"href":"https:\/\/www.nordi.ee\/en\/wp-json\/wp\/v2\/product"}],"about":[{"href":"https:\/\/www.nordi.ee\/en\/wp-json\/wp\/v2\/types\/product"}],"replies":[{"embeddable":true,"href":"https:\/\/www.nordi.ee\/en\/wp-json\/wp\/v2\/comments?post=41942"}],"wp:featuredmedia":[{"embeddable":true,"href":"https:\/\/www.nordi.ee\/en\/wp-json\/wp\/v2\/media\/41895"}],"wp:attachment":[{"href":"https:\/\/www.nordi.ee\/en\/wp-json\/wp\/v2\/media?parent=41942"}],"wp:term":[{"taxonomy":"product_brand","embeddable":true,"href":"https:\/\/www.nordi.ee\/en\/wp-json\/wp\/v2\/product_brand?post=41942"},{"taxonomy":"product_cat","embeddable":true,"href":"https:\/\/www.nordi.ee\/en\/wp-json\/wp\/v2\/product_cat?post=41942"},{"taxonomy":"product_tag","embeddable":true,"href":"https:\/\/www.nordi.ee\/en\/wp-json\/wp\/v2\/product_tag?post=41942"}],"curies":[{"name":"wp","href":"https:\/\/api.w.org\/{rel}","templated":true}]}}