{"id":41850,"date":"2025-11-22T14:23:31","date_gmt":"2025-11-22T12:23:31","guid":{"rendered":"https:\/\/www.nordi.ee\/?post_type=product&#038;p=41850"},"modified":"2025-11-23T21:01:29","modified_gmt":"2025-11-23T19:01:29","slug":"tammepuidust-riiul-kapp-rega-kongo-kg-04","status":"publish","type":"product","link":"https:\/\/www.nordi.ee\/en\/toode\/tammepuidust-riiul-kapp-rega-kongo-kg-04\/","title":{"rendered":"Tammepuidust riiul\/kapp Rega Kongo KG 04"},"content":{"rendered":"<div><\/div>\n","protected":false},"excerpt":{"rendered":"<p data-start=\"87\" data-end=\"484\"><strong data-start=\"87\" data-end=\"111\">Regal Kongo LOFT 04<\/strong> \u00fchendab endas kaasaegse, minimalistliku ja loftiliku stiili. See sobib suurep\u00e4raselt elutuppa, noortetuppa v\u00f5i kontoriruumi. Regali alumine osa peidab endas kahte avarat riiulit, mis sobivad ideaalselt raamatute, atlasite ja muude v\u00e4\u00e4rtuslike esemete hoiustamiseks. \u00dclemised avatud riiulid v\u00f5imaldavad elegantselt eksponeerida lemmikraamatuid, komikseid v\u00f5i kollektsioone.<\/p>\n<p data-start=\"486\" data-end=\"1229\">Regali puidust esipaneelid on valmistatud mikrotappidega \u00fchendatud tammest, mis annab m\u00f6\u00f6blile viimistletud ja eksklusiivse v\u00e4limuse. Korpus on tehtud vastupidavast laminaatplaadist, mis on toonilt t\u00e4pselt sobitatud tammesarnaste esipaneelidega. M\u00f5\u00f5tudega 60 \u00d7 142,5 \u00d7 40 cm sobib regaal ideaalselt ka v\u00e4iksematesse ruumidesse. Kongo LOFT sari on loodud puidu, kvaliteetse metallprofiili ja musta komposiidi kombinatsioonist, mis toob esile modernse esteetika ja industriaalstiili iseloomuliku v\u00f5lu. Regali alumine kapiosa on varustatud vaikselt sulguvate ustega, mis tagavad sujuva ja mugava kasutamise. Kongo LOFT 04 pakub nii praktilist hoiuruumi kui ka silmapaistvat disaini \u2014 ideaalne viis tuua oma interj\u00f6\u00f6ri veidi industriaalset stiili.<\/p>\n<p data-start=\"1231\" data-end=\"1305\">M\u00f6\u00f6bel saadetakse kahes pakis ja on ette n\u00e4htud iseseisvaks kokkupanekuks.<\/p>\n<hr data-start=\"1307\" data-end=\"1310\" \/>\n<p data-start=\"1312\" data-end=\"1330\"><strong data-start=\"1312\" data-end=\"1330\">Konstruktsioon<\/strong><\/p>\n<ul data-start=\"1332\" data-end=\"1591\">\n<li data-start=\"1332\" data-end=\"1370\">\n<p data-start=\"1334\" data-end=\"1370\"><strong data-start=\"1334\" data-end=\"1347\">Sihtkoht:<\/strong> elutuba, magamistuba<\/p>\n<\/li>\n<li data-start=\"1371\" data-end=\"1426\">\n<p data-start=\"1373\" data-end=\"1426\"><strong data-start=\"1373\" data-end=\"1407\">M\u00f5\u00f5dud (k\u00f5rgus\/laius\/s\u00fcgavus):<\/strong> 142 \u00d7 60 \u00d7 40 cm<\/p>\n<\/li>\n<li data-start=\"1427\" data-end=\"1461\">\n<p data-start=\"1429\" data-end=\"1461\"><strong data-start=\"1429\" data-end=\"1453\">Kaal koos pakendiga:<\/strong> 33 kg<\/p>\n<\/li>\n<li data-start=\"1462\" data-end=\"1591\">\n<p data-start=\"1464\" data-end=\"1591\"><strong data-start=\"1464\" data-end=\"1479\">Materjalid:<\/strong> tammepuit, tammeimitatsiooniga laminaatplaat, must laminaatplaat, v\u00e4rvitud teras, komposiit, metall (k\u00e4epide)<\/p>\n<\/li>\n<\/ul>\n","protected":false},"featured_media":41851,"comment_status":"closed","ping_status":"closed","template":"","meta":{"_gspb_post_css":""},"product_brand":[34],"product_cat":[165,205,200,4297],"product_tag":[],"class_list":{"0":"post-41850","1":"product","2":"type-product","3":"status-publish","4":"has-post-thumbnail","6":"product_brand-siudy","7":"product_cat-elutuba","8":"product_cat-kapid","9":"product_cat-riiulid","10":"product_cat-siudy","11":"pa_korgus-1828","12":"pa_laius-310","13":"pa_sugavus-646","14":"pa_vahelaos-ei","16":"first","17":"instock","18":"sale","19":"purchasable","20":"product-type-simple"},"_links":{"self":[{"href":"https:\/\/www.nordi.ee\/en\/wp-json\/wp\/v2\/product\/41850","targetHints":{"allow":["GET"]}}],"collection":[{"href":"https:\/\/www.nordi.ee\/en\/wp-json\/wp\/v2\/product"}],"about":[{"href":"https:\/\/www.nordi.ee\/en\/wp-json\/wp\/v2\/types\/product"}],"replies":[{"embeddable":true,"href":"https:\/\/www.nordi.ee\/en\/wp-json\/wp\/v2\/comments?post=41850"}],"wp:featuredmedia":[{"embeddable":true,"href":"https:\/\/www.nordi.ee\/en\/wp-json\/wp\/v2\/media\/41851"}],"wp:attachment":[{"href":"https:\/\/www.nordi.ee\/en\/wp-json\/wp\/v2\/media?parent=41850"}],"wp:term":[{"taxonomy":"product_brand","embeddable":true,"href":"https:\/\/www.nordi.ee\/en\/wp-json\/wp\/v2\/product_brand?post=41850"},{"taxonomy":"product_cat","embeddable":true,"href":"https:\/\/www.nordi.ee\/en\/wp-json\/wp\/v2\/product_cat?post=41850"},{"taxonomy":"product_tag","embeddable":true,"href":"https:\/\/www.nordi.ee\/en\/wp-json\/wp\/v2\/product_tag?post=41850"}],"curies":[{"name":"wp","href":"https:\/\/api.w.org\/{rel}","templated":true}]}}