{"id":41844,"date":"2025-11-22T14:23:31","date_gmt":"2025-11-22T12:23:31","guid":{"rendered":"https:\/\/www.nordi.ee\/?post_type=product&#038;p=41844"},"modified":"2025-11-23T21:01:28","modified_gmt":"2025-11-23T19:01:28","slug":"tammepuidust-riiul-rega-kongo-kg-61","status":"publish","type":"product","link":"https:\/\/www.nordi.ee\/en\/toode\/tammepuidust-riiul-rega-kongo-kg-61\/","title":{"rendered":"Tammepuidust riiul REGAL KONGO KG 61"},"content":{"rendered":"","protected":false},"excerpt":{"rendered":"<p data-start=\"81\" data-end=\"507\"><strong data-start=\"81\" data-end=\"103\">Regaal Kongo KG 61<\/strong> on stiilne ja funktsionaalne valik sinu modernsesse, minimalistlikku v\u00f5i loftilikku interj\u00f6\u00f6ri. K\u00f5rgekvaliteedilistest materjalidest valmistatud Kongo Loft sari pakub nii vajalikku hoiuruumi kui ka elegantset v\u00e4limust. Regal on varustatud nelja reguleeritava riiuliga, mis v\u00f5imaldavad sul luua t\u00e4pselt sellise hoiulahenduse, nagu parasjagu vajad \u2014 olgu selleks dokumendikaaned, raamatud v\u00f5i muud esemed.<\/p>\n<p data-start=\"509\" data-end=\"1031\">Riiulid ja korpus on valmistatud kergesti hooldatavast laminaadist, millel on kaunis tammeimitatsioon ning must laminaatplaat. Tugevad metallist jalad 20 \u00d7 20 mm profiiliga ja must komposiit annavad m\u00f6\u00f6blile stabiilsuse ja vastupidavuse. Regaali kokkupanek on lihtne ning m\u00f5\u00f5tmed (k\u00f5rgus 202 cm, laius 60 cm, s\u00fcgavus 40 cm) v\u00f5imaldavad seda paigutada v\u00e4ga erinevatesse ruumidesse. Kasuta seda riiulit raamatute, dekoratsioonide, kontoritarvete ja muu organiseerimiseks, lisades ruumile modernset ilmet koos praktilisusega.<\/p>\n<p data-start=\"1033\" data-end=\"1107\">M\u00f6\u00f6bel saadetakse kahes pakis ja on ette n\u00e4htud iseseisvaks kokkupanekuks.<\/p>\n<hr data-start=\"1109\" data-end=\"1112\" \/>\n<p data-start=\"1114\" data-end=\"1132\"><strong data-start=\"1114\" data-end=\"1132\">Konstruktsioon<\/strong><\/p>\n<ul data-start=\"1134\" data-end=\"1359\">\n<li data-start=\"1134\" data-end=\"1167\">\n<p data-start=\"1136\" data-end=\"1167\"><strong data-start=\"1136\" data-end=\"1149\">Sihtkoht:<\/strong> kontor, elutuba<\/p>\n<\/li>\n<li data-start=\"1168\" data-end=\"1223\">\n<p data-start=\"1170\" data-end=\"1223\"><strong data-start=\"1170\" data-end=\"1204\">M\u00f5\u00f5dud (k\u00f5rgus\/laius\/s\u00fcgavus):<\/strong> 202 \u00d7 60 \u00d7 40 cm<\/p>\n<\/li>\n<li data-start=\"1224\" data-end=\"1258\">\n<p data-start=\"1226\" data-end=\"1258\"><strong data-start=\"1226\" data-end=\"1250\">Kaal koos pakendiga:<\/strong> 50 kg<\/p>\n<\/li>\n<li data-start=\"1259\" data-end=\"1359\">\n<p data-start=\"1261\" data-end=\"1359\"><strong data-start=\"1261\" data-end=\"1276\">Materjalid:<\/strong> must laminaatplaat, tammeimitatsiooniga laminaatplaat, v\u00e4rvitud teras, komposiit<\/p>\n<\/li>\n<\/ul>\n","protected":false},"featured_media":41845,"comment_status":"closed","ping_status":"closed","template":"","meta":{"_gspb_post_css":""},"product_brand":[34],"product_cat":[165,200,4297],"product_tag":[],"class_list":{"0":"post-41844","1":"product","2":"type-product","3":"status-publish","4":"has-post-thumbnail","6":"product_brand-siudy","7":"product_cat-elutuba","8":"product_cat-riiulid","9":"product_cat-siudy","10":"pa_korgus-4280","11":"pa_laius-310","12":"pa_sugavus-646","13":"pa_vahelaos-ei","15":"first","16":"instock","17":"sale","18":"purchasable","19":"product-type-simple"},"_links":{"self":[{"href":"https:\/\/www.nordi.ee\/en\/wp-json\/wp\/v2\/product\/41844","targetHints":{"allow":["GET"]}}],"collection":[{"href":"https:\/\/www.nordi.ee\/en\/wp-json\/wp\/v2\/product"}],"about":[{"href":"https:\/\/www.nordi.ee\/en\/wp-json\/wp\/v2\/types\/product"}],"replies":[{"embeddable":true,"href":"https:\/\/www.nordi.ee\/en\/wp-json\/wp\/v2\/comments?post=41844"}],"wp:featuredmedia":[{"embeddable":true,"href":"https:\/\/www.nordi.ee\/en\/wp-json\/wp\/v2\/media\/41845"}],"wp:attachment":[{"href":"https:\/\/www.nordi.ee\/en\/wp-json\/wp\/v2\/media?parent=41844"}],"wp:term":[{"taxonomy":"product_brand","embeddable":true,"href":"https:\/\/www.nordi.ee\/en\/wp-json\/wp\/v2\/product_brand?post=41844"},{"taxonomy":"product_cat","embeddable":true,"href":"https:\/\/www.nordi.ee\/en\/wp-json\/wp\/v2\/product_cat?post=41844"},{"taxonomy":"product_tag","embeddable":true,"href":"https:\/\/www.nordi.ee\/en\/wp-json\/wp\/v2\/product_tag?post=41844"}],"curies":[{"name":"wp","href":"https:\/\/api.w.org\/{rel}","templated":true}]}}