{"id":41839,"date":"2025-11-22T14:23:31","date_gmt":"2025-11-22T12:23:31","guid":{"rendered":"https:\/\/www.nordi.ee\/?post_type=product&#038;p=41839"},"modified":"2025-11-23T21:01:28","modified_gmt":"2025-11-23T19:01:28","slug":"tammepuidust-kummut-neomi-07-riiul-puidust-ustega","status":"publish","type":"product","link":"https:\/\/www.nordi.ee\/en\/toode\/tammepuidust-kummut-neomi-07-riiul-puidust-ustega\/","title":{"rendered":"Tammepuidust kummut\/kapp Neomi 07"},"content":{"rendered":"","protected":false},"excerpt":{"rendered":"<p data-start=\"106\" data-end=\"563\"><strong data-start=\"106\" data-end=\"125\">Regaal Neomi 07<\/strong> oma sooja tammepuidutooniga sobitub suurep\u00e4raselt avaratesse modernsetesse v\u00f5i loftilikesse interj\u00f6\u00f6ridesse, kuid m\u00f5jub stiilsena ka kaasaegsemates kodudes. See m\u00f6\u00f6bliese on ideaalne t\u00e4iendus elutuppa v\u00f5i kodukontorisse, pakkudes kasutajale kahte sahtlit ning rohkelt riiulipinda lemmikraamatute, dekoratsioonide v\u00f5i dokumentide hoiustamiseks. Kaunis kontrast tamme kuldse tooni ja musta laminaadi vahel lisab regaalile oman\u00e4olist ilmet.<\/p>\n<p data-start=\"565\" data-end=\"1137\">Regali \u00fclemine plaat ja esipaneelid on valmistatud \u00f5litatud tammepuidust, millel on soe kuldjas toon. Korpus ja sisemine osa on loodud vastupidavast s\u00fcnkroonstruktuuriga laminaatplaadist, mis sobitub toonilt suurep\u00e4raselt puiduga. Mustad pulberv\u00e4rvitud alumiiniumist k\u00e4epidemed annavad m\u00f6\u00f6blile modernse lisadetaili. Regali keskosas olevad kitsad riiulid ja must sokkel on valmistatud mustast laminaadist, mis r\u00f5hutab m\u00f6\u00f6bli kaasaegset iseloomu. K\u00f5ik hinged ja sahtlite siinid on varustatud vaikselt sulguva mehhanismiga, mis muudab kasutamise eriti mugavaks ja h\u00e4\u00e4letuks.<\/p>\n<p data-start=\"1139\" data-end=\"1214\">M\u00f6\u00f6bel saadetakse kolmes pakis ja on ette n\u00e4htud iseseisvaks kokkupanekuks.<\/p>\n<hr data-start=\"1216\" data-end=\"1219\" \/>\n<p data-start=\"1221\" data-end=\"1239\"><strong data-start=\"1221\" data-end=\"1239\">Konstruktsioon<\/strong><\/p>\n<ul data-start=\"1241\" data-end=\"1456\">\n<li data-start=\"1241\" data-end=\"1279\">\n<p data-start=\"1243\" data-end=\"1279\"><strong data-start=\"1243\" data-end=\"1256\">Sihtkoht:<\/strong> elutuba, magamistuba<\/p>\n<\/li>\n<li data-start=\"1280\" data-end=\"1336\">\n<p data-start=\"1282\" data-end=\"1336\"><strong data-start=\"1282\" data-end=\"1316\">M\u00f5\u00f5dud (k\u00f5rgus\/laius\/s\u00fcgavus):<\/strong> 122 \u00d7 146 \u00d7 40 cm<\/p>\n<\/li>\n<li data-start=\"1337\" data-end=\"1371\">\n<p data-start=\"1339\" data-end=\"1371\"><strong data-start=\"1339\" data-end=\"1363\">Kaal koos pakendiga:<\/strong> 70 kg<\/p>\n<\/li>\n<li data-start=\"1372\" data-end=\"1456\">\n<p data-start=\"1374\" data-end=\"1456\"><strong data-start=\"1374\" data-end=\"1389\">Materjalid:<\/strong> tammepuit, tammeplaat, must laminaatplaat, HDF-plaat, alumiinium<\/p>\n<\/li>\n<\/ul>\n","protected":false},"featured_media":41840,"comment_status":"closed","ping_status":"closed","template":"","meta":{"_gspb_post_css":""},"product_brand":[34],"product_cat":[165,4067,200,4297],"product_tag":[],"class_list":{"0":"post-41839","1":"product","2":"type-product","3":"status-publish","4":"has-post-thumbnail","6":"product_brand-siudy","7":"product_cat-elutuba","8":"product_cat-kummutid","9":"product_cat-riiulid","10":"product_cat-siudy","11":"pa_korgus-2427","12":"pa_laius-4279","13":"pa_sugavus-646","14":"pa_vahelaos-ei","16":"first","17":"instock","18":"sale","19":"purchasable","20":"product-type-simple"},"_links":{"self":[{"href":"https:\/\/www.nordi.ee\/en\/wp-json\/wp\/v2\/product\/41839","targetHints":{"allow":["GET"]}}],"collection":[{"href":"https:\/\/www.nordi.ee\/en\/wp-json\/wp\/v2\/product"}],"about":[{"href":"https:\/\/www.nordi.ee\/en\/wp-json\/wp\/v2\/types\/product"}],"replies":[{"embeddable":true,"href":"https:\/\/www.nordi.ee\/en\/wp-json\/wp\/v2\/comments?post=41839"}],"wp:featuredmedia":[{"embeddable":true,"href":"https:\/\/www.nordi.ee\/en\/wp-json\/wp\/v2\/media\/41840"}],"wp:attachment":[{"href":"https:\/\/www.nordi.ee\/en\/wp-json\/wp\/v2\/media?parent=41839"}],"wp:term":[{"taxonomy":"product_brand","embeddable":true,"href":"https:\/\/www.nordi.ee\/en\/wp-json\/wp\/v2\/product_brand?post=41839"},{"taxonomy":"product_cat","embeddable":true,"href":"https:\/\/www.nordi.ee\/en\/wp-json\/wp\/v2\/product_cat?post=41839"},{"taxonomy":"product_tag","embeddable":true,"href":"https:\/\/www.nordi.ee\/en\/wp-json\/wp\/v2\/product_tag?post=41839"}],"curies":[{"name":"wp","href":"https:\/\/api.w.org\/{rel}","templated":true}]}}