{"id":41832,"date":"2025-11-22T14:23:31","date_gmt":"2025-11-22T12:23:31","guid":{"rendered":"https:\/\/www.nordi.ee\/?post_type=product&#038;p=41832"},"modified":"2025-11-23T21:01:28","modified_gmt":"2025-11-23T19:01:28","slug":"veiniriiul-neomi-06","status":"publish","type":"product","link":"https:\/\/www.nordi.ee\/en\/toode\/veiniriiul-neomi-06\/","title":{"rendered":"Tammepuidust veiniriiul Neomi 06"},"content":{"rendered":"","protected":false},"excerpt":{"rendered":"<p data-start=\"90\" data-end=\"602\">Veiniriiul Neomi 06 on tammepuidust m\u00f6\u00f6bliese v\u00e4ljendusrikka musta sokliga, mis sobib suurep\u00e4raselt modernsetesse, skandinaavia stiilis v\u00f5i ka klassikalistesse interj\u00f6\u00f6ridesse. T\u00e4nu spetsiaalsetele vaheseintele, mis v\u00f5imaldavad veine horisontaalselt hoiustada, sobib riiul ideaalselt k\u00f6\u00f6ki, s\u00f6\u00f6gituppa v\u00f5i kodusesse veinikeldrisse. \u00dclemised avatud riiulid annavad ruumi muudele jookidele v\u00f5i dekoratiivesemetele, alumises kapiosas asuv lisariiul on seevastu sobiv koht asjadele, mida ei ole vaja n\u00e4htavale j\u00e4tta.<\/p>\n<p data-start=\"604\" data-end=\"1004\">Riiuli pealisplaat ja esipaneel on valmistatud \u00f5litatud tammepuidust, mis annab neile kauni, sooja kuldse tooni. K\u00fclgedeks on tammestruktuuriga laminaatplaat, sokkel on valmistatud mustast m\u00f6\u00f6blipaneelist. Esipaneeli k\u00e4epide on pulberv\u00e4rvitud alumiiniumist mustas toonis. M\u00f6\u00f6bli k\u00f5rgus on 145,5 cm, laius 60 cm ja s\u00fcgavus 40 cm \u2014 kompaktne, kuid mahukas lahendus veinikollektsiooni organiseerimiseks.<\/p>\n<p data-start=\"1006\" data-end=\"1080\">M\u00f6\u00f6bel saadetakse kahes pakis ja on ette n\u00e4htud iseseisvaks kokkupanekuks.<\/p>\n<hr data-start=\"1082\" data-end=\"1085\" \/>\n<p data-start=\"1087\" data-end=\"1105\"><strong data-start=\"1087\" data-end=\"1105\">Konstruktsioon<\/strong><\/p>\n<ul data-start=\"1107\" data-end=\"1298\">\n<li data-start=\"1107\" data-end=\"1140\">\n<p data-start=\"1109\" data-end=\"1140\"><strong data-start=\"1109\" data-end=\"1122\">Sihtkoht:<\/strong> elutuba, kontor<\/p>\n<\/li>\n<li data-start=\"1141\" data-end=\"1198\">\n<p data-start=\"1143\" data-end=\"1198\"><strong data-start=\"1143\" data-end=\"1177\">M\u00f5\u00f5dud (k\u00f5rgus\/laius\/s\u00fcgavus):<\/strong> 145,5 \u00d7 60 \u00d7 40 cm<\/p>\n<\/li>\n<li data-start=\"1199\" data-end=\"1233\">\n<p data-start=\"1201\" data-end=\"1233\"><strong data-start=\"1201\" data-end=\"1225\">Kaal koos pakendiga:<\/strong> 46 kg<\/p>\n<\/li>\n<li data-start=\"1234\" data-end=\"1298\">\n<p data-start=\"1236\" data-end=\"1298\"><strong data-start=\"1236\" data-end=\"1251\">Materjalid:<\/strong> tammepuit, tammeplaat, HDF-plaat, alumiinium<\/p>\n<\/li>\n<\/ul>\n","protected":false},"featured_media":41833,"comment_status":"closed","ping_status":"closed","template":"","meta":{"_gspb_post_css":""},"product_brand":[34],"product_cat":[165,200,4297],"product_tag":[],"class_list":{"0":"post-41832","1":"product","2":"type-product","3":"status-publish","4":"has-post-thumbnail","6":"product_brand-siudy","7":"product_cat-elutuba","8":"product_cat-riiulid","9":"product_cat-siudy","10":"pa_korgus-301","11":"pa_laius-310","12":"pa_sugavus-646","13":"pa_vahelaos-ei","15":"first","16":"instock","17":"sale","18":"purchasable","19":"product-type-simple"},"_links":{"self":[{"href":"https:\/\/www.nordi.ee\/en\/wp-json\/wp\/v2\/product\/41832","targetHints":{"allow":["GET"]}}],"collection":[{"href":"https:\/\/www.nordi.ee\/en\/wp-json\/wp\/v2\/product"}],"about":[{"href":"https:\/\/www.nordi.ee\/en\/wp-json\/wp\/v2\/types\/product"}],"replies":[{"embeddable":true,"href":"https:\/\/www.nordi.ee\/en\/wp-json\/wp\/v2\/comments?post=41832"}],"wp:featuredmedia":[{"embeddable":true,"href":"https:\/\/www.nordi.ee\/en\/wp-json\/wp\/v2\/media\/41833"}],"wp:attachment":[{"href":"https:\/\/www.nordi.ee\/en\/wp-json\/wp\/v2\/media?parent=41832"}],"wp:term":[{"taxonomy":"product_brand","embeddable":true,"href":"https:\/\/www.nordi.ee\/en\/wp-json\/wp\/v2\/product_brand?post=41832"},{"taxonomy":"product_cat","embeddable":true,"href":"https:\/\/www.nordi.ee\/en\/wp-json\/wp\/v2\/product_cat?post=41832"},{"taxonomy":"product_tag","embeddable":true,"href":"https:\/\/www.nordi.ee\/en\/wp-json\/wp\/v2\/product_tag?post=41832"}],"curies":[{"name":"wp","href":"https:\/\/api.w.org\/{rel}","templated":true}]}}