{"id":41825,"date":"2025-11-22T14:23:31","date_gmt":"2025-11-22T12:23:31","guid":{"rendered":"https:\/\/www.nordi.ee\/?post_type=product&#038;p=41825"},"modified":"2025-11-23T21:01:28","modified_gmt":"2025-11-23T19:01:28","slug":"tammepuidust-veiniriiul-napoli-81","status":"publish","type":"product","link":"https:\/\/www.nordi.ee\/en\/toode\/tammepuidust-veiniriiul-napoli-81\/","title":{"rendered":"Tammepuidust Veiniriiul NAPOLI 81"},"content":{"rendered":"","protected":false},"excerpt":{"rendered":"<p data-start=\"91\" data-end=\"516\"><strong data-start=\"91\" data-end=\"115\">Veiniriiul Napoli 81<\/strong> on ideaalne m\u00f6\u00f6bliese elutuppa v\u00f5i s\u00f6\u00f6gituppa. Tammepuidust valmistatud riiul paistab silma laitmatu ja klassikalise v\u00e4limusega. Spetsiaalsed vaheseinad v\u00f5imaldavad veine mugavalt horisontaalselt hoiustada. Avatud riiuleid saab kasutada p\u00fcstiste pudelite, raamatute v\u00f5i dekoratsioonide eksponeerimiseks. Alumine kapiosa pakub lisaruumi vajalikule tarvale, aidates samal ajal hoida ruumi korrastatuna.<\/p>\n<p data-start=\"518\" data-end=\"1089\">Riiuli pealisplaat ja esipaneelid on valmistatud t\u00e4istammest, k\u00fclgpaneelid ja vaheseinad on kaetud tamme spooniga. Jalad on samuti tammest ja varustatud kaitsejalgadega, mis hoiavad p\u00f5randa kriimustustest puhtana. Kogu m\u00f6\u00f6bel on viimistletud \u00f5livahaga, mis kaitseb pinda ja muudab selle mustusekindlaks. Sisemus on tehtud s\u00fcnkroonstruktuuriga 3D-laminaadist, mis sobib tamme tooniga ideaalselt. \u00dche ukse taga asub \u00fcks riiul, mis sobib suurep\u00e4raselt igap\u00e4evaste esemete hoiustamiseks. Freesitud k\u00e4epide tagab mugava avamise, hinge mehhanism aga sujuva ja vaikse sulgumise.<\/p>\n<p data-start=\"1091\" data-end=\"1165\">M\u00f6\u00f6bel saadetakse kahes pakis ja on ette n\u00e4htud iseseisvaks kokkupanekuks.<\/p>\n<hr data-start=\"1167\" data-end=\"1170\" \/>\n<p data-start=\"1172\" data-end=\"1190\"><strong data-start=\"1172\" data-end=\"1190\">Konstruktsioon<\/strong><\/p>\n<ul data-start=\"1192\" data-end=\"1373\">\n<li data-start=\"1192\" data-end=\"1225\">\n<p data-start=\"1194\" data-end=\"1225\"><strong data-start=\"1194\" data-end=\"1207\">Sihtkoht:<\/strong> elutuba, kontor<\/p>\n<\/li>\n<li data-start=\"1226\" data-end=\"1281\">\n<p data-start=\"1228\" data-end=\"1281\"><strong data-start=\"1228\" data-end=\"1262\">M\u00f5\u00f5dud (k\u00f5rgus\/laius\/s\u00fcgavus):<\/strong> 145 \u00d7 60 \u00d7 40 cm<\/p>\n<\/li>\n<li data-start=\"1282\" data-end=\"1316\">\n<p data-start=\"1284\" data-end=\"1316\"><strong data-start=\"1284\" data-end=\"1308\">Kaal koos pakendiga:<\/strong> 46 kg<\/p>\n<\/li>\n<li data-start=\"1317\" data-end=\"1373\">\n<p data-start=\"1319\" data-end=\"1373\"><strong data-start=\"1319\" data-end=\"1334\">Materjalid:<\/strong> tammepuit, tammespoon, laminaatplaat<\/p>\n<\/li>\n<\/ul>\n","protected":false},"featured_media":41826,"comment_status":"closed","ping_status":"closed","template":"","meta":{"_gspb_post_css":""},"product_brand":[34],"product_cat":[165,205,200,4297],"product_tag":[],"class_list":{"0":"post-41825","1":"product","2":"type-product","3":"status-publish","4":"has-post-thumbnail","6":"product_brand-siudy","7":"product_cat-elutuba","8":"product_cat-kapid","9":"product_cat-riiulid","10":"product_cat-siudy","11":"pa_korgus-4278","12":"pa_laius-310","13":"pa_sugavus-646","14":"pa_vahelaos-jah","16":"first","17":"instock","18":"sale","19":"purchasable","20":"product-type-simple"},"_links":{"self":[{"href":"https:\/\/www.nordi.ee\/en\/wp-json\/wp\/v2\/product\/41825","targetHints":{"allow":["GET"]}}],"collection":[{"href":"https:\/\/www.nordi.ee\/en\/wp-json\/wp\/v2\/product"}],"about":[{"href":"https:\/\/www.nordi.ee\/en\/wp-json\/wp\/v2\/types\/product"}],"replies":[{"embeddable":true,"href":"https:\/\/www.nordi.ee\/en\/wp-json\/wp\/v2\/comments?post=41825"}],"wp:featuredmedia":[{"embeddable":true,"href":"https:\/\/www.nordi.ee\/en\/wp-json\/wp\/v2\/media\/41826"}],"wp:attachment":[{"href":"https:\/\/www.nordi.ee\/en\/wp-json\/wp\/v2\/media?parent=41825"}],"wp:term":[{"taxonomy":"product_brand","embeddable":true,"href":"https:\/\/www.nordi.ee\/en\/wp-json\/wp\/v2\/product_brand?post=41825"},{"taxonomy":"product_cat","embeddable":true,"href":"https:\/\/www.nordi.ee\/en\/wp-json\/wp\/v2\/product_cat?post=41825"},{"taxonomy":"product_tag","embeddable":true,"href":"https:\/\/www.nordi.ee\/en\/wp-json\/wp\/v2\/product_tag?post=41825"}],"curies":[{"name":"wp","href":"https:\/\/api.w.org\/{rel}","templated":true}]}}