{"id":41819,"date":"2025-11-22T14:23:31","date_gmt":"2025-11-22T12:23:31","guid":{"rendered":"https:\/\/www.nordi.ee\/?post_type=product&#038;p=41819"},"modified":"2025-11-23T21:01:28","modified_gmt":"2025-11-23T19:01:28","slug":"raamaturiiul-napoli-26","status":"publish","type":"product","link":"https:\/\/www.nordi.ee\/en\/toode\/raamaturiiul-napoli-26\/","title":{"rendered":"Raamaturiiul NAPOLI 26"},"content":{"rendered":"","protected":false},"excerpt":{"rendered":"<h3 data-start=\"90\" data-end=\"160\"><strong data-start=\"94\" data-end=\"160\">Napoli 26 raamaturiiul \u2013 efektne ja praktiline sisustuselement<\/strong><\/h3>\n<p data-start=\"162\" data-end=\"437\"><strong data-start=\"162\" data-end=\"188\">Napoli 26 raamaturiiul<\/strong> on ideaalne lahendus elutuppa v\u00f5i magamistuppa, tuues ruumi modernset stiili ja funktsionaalsust. As\u00fcmmeetriline kujundus muudab riiuli pilkup\u00fc\u00fcdvaks dekoratiivseks elemendiks, mis sobib suurep\u00e4raselt taimede, fotode v\u00f5i raamatute eksponeerimiseks.<\/p>\n<p data-start=\"439\" data-end=\"637\">Horisontaalelemendid on valmistatud <strong data-start=\"475\" data-end=\"486\">tammest<\/strong>, tagak\u00fclg kvaliteetsest <strong data-start=\"511\" data-end=\"531\">laminaatplaadist<\/strong>, mis on vastupidav ja kergesti puhastatav. T\u00e4nu \u00f5livimistlusele n\u00e4eb riiul v\u00e4lja naturaalne ja elegantne.<\/p>\n<p data-start=\"639\" data-end=\"720\">Toode tarnitakse <strong data-start=\"656\" data-end=\"673\">\u00fches pakendis<\/strong> ning on m\u00f5eldud <strong data-start=\"690\" data-end=\"719\">iseseisvaks kokkupanekuks<\/strong>.<\/p>\n<hr data-start=\"722\" data-end=\"725\" \/>\n<h3 data-start=\"727\" data-end=\"752\"><strong data-start=\"731\" data-end=\"752\">Tehnilised andmed<\/strong><\/h3>\n<ul data-start=\"753\" data-end=\"907\">\n<li data-start=\"753\" data-end=\"782\">\n<p data-start=\"755\" data-end=\"782\"><strong data-start=\"755\" data-end=\"772\">Sobilik ruum:<\/strong> elutuba<\/p>\n<\/li>\n<li data-start=\"783\" data-end=\"838\">\n<p data-start=\"785\" data-end=\"838\"><strong data-start=\"785\" data-end=\"819\">M\u00f5\u00f5dud (k\u00f5rgus\/laius\/s\u00fcgavus):<\/strong> 18 \/ 140 \/ 17 cm<\/p>\n<\/li>\n<li data-start=\"839\" data-end=\"872\">\n<p data-start=\"841\" data-end=\"872\"><strong data-start=\"841\" data-end=\"865\">Kaal koos pakendiga:<\/strong> 5 kg<\/p>\n<\/li>\n<li data-start=\"873\" data-end=\"907\">\n<p data-start=\"875\" data-end=\"907\"><strong data-start=\"875\" data-end=\"890\">Materjalid:<\/strong> melamiin, tamm<\/p>\n<\/li>\n<\/ul>\n","protected":false},"featured_media":41820,"comment_status":"closed","ping_status":"closed","template":"","meta":{"_gspb_post_css":""},"product_brand":[34],"product_cat":[165,200],"product_tag":[],"class_list":{"0":"post-41819","1":"product","2":"type-product","3":"status-publish","4":"has-post-thumbnail","6":"product_brand-siudy","7":"product_cat-elutuba","8":"product_cat-riiulid","9":"pa_korgus-4277","10":"pa_laius-2230","11":"pa_sugavus-4295","12":"pa_vahelaos-ei","14":"first","15":"instock","16":"sale","17":"purchasable","18":"product-type-simple"},"_links":{"self":[{"href":"https:\/\/www.nordi.ee\/en\/wp-json\/wp\/v2\/product\/41819","targetHints":{"allow":["GET"]}}],"collection":[{"href":"https:\/\/www.nordi.ee\/en\/wp-json\/wp\/v2\/product"}],"about":[{"href":"https:\/\/www.nordi.ee\/en\/wp-json\/wp\/v2\/types\/product"}],"replies":[{"embeddable":true,"href":"https:\/\/www.nordi.ee\/en\/wp-json\/wp\/v2\/comments?post=41819"}],"wp:featuredmedia":[{"embeddable":true,"href":"https:\/\/www.nordi.ee\/en\/wp-json\/wp\/v2\/media\/41820"}],"wp:attachment":[{"href":"https:\/\/www.nordi.ee\/en\/wp-json\/wp\/v2\/media?parent=41819"}],"wp:term":[{"taxonomy":"product_brand","embeddable":true,"href":"https:\/\/www.nordi.ee\/en\/wp-json\/wp\/v2\/product_brand?post=41819"},{"taxonomy":"product_cat","embeddable":true,"href":"https:\/\/www.nordi.ee\/en\/wp-json\/wp\/v2\/product_cat?post=41819"},{"taxonomy":"product_tag","embeddable":true,"href":"https:\/\/www.nordi.ee\/en\/wp-json\/wp\/v2\/product_tag?post=41819"}],"curies":[{"name":"wp","href":"https:\/\/api.w.org\/{rel}","templated":true}]}}