{"id":41818,"date":"2025-11-22T14:23:31","date_gmt":"2025-11-22T12:23:31","guid":{"rendered":"https:\/\/www.nordi.ee\/?post_type=product&#038;p=41818"},"modified":"2025-11-23T21:01:28","modified_gmt":"2025-11-23T19:01:28","slug":"riiuli-komplekt-tammepuidust-90-cm-raro-25","status":"publish","type":"product","link":"https:\/\/www.nordi.ee\/en\/toode\/riiuli-komplekt-tammepuidust-90-cm-raro-25\/","title":{"rendered":"Riiuli komplekt tammepuidust 90 cm Raro 25"},"content":{"rendered":"","protected":false},"excerpt":{"rendered":"<h3 data-start=\"90\" data-end=\"179\"><strong data-start=\"94\" data-end=\"179\">Raro 25 tammepuidust riiulikomplekt \u2013 stiilne ja praktiline lahendus igasse tuppa<\/strong><\/h3>\n<p data-start=\"181\" data-end=\"476\"><strong data-start=\"181\" data-end=\"207\">Raro 25 riiulikomplekt<\/strong> koosneb kahest modernsest riiulist, mis sobivad suurep\u00e4raselt elutuppa, esikusse, magamistuppa v\u00f5i t\u00f6\u00f6tuppa. Minimalistlik disain annab ruumile korrastatud ja elegantse ilme, pakkudes samal ajal piisavalt ruumi raamatutele, dekoratsioonidele ja v\u00e4iksematele esemetele.<\/p>\n<p data-start=\"478\" data-end=\"787\">Riiulid on valmistatud kvaliteetsest <strong data-start=\"515\" data-end=\"540\">\u00f5litatud tammepuidust<\/strong> ja vastupidavast <strong data-start=\"558\" data-end=\"573\">laminaadist<\/strong> 3D-struktuuriga, mis imiteerib naturaalset puitu. T\u00e4nu tugevatele materjalidele on riiulid vastupidavad, lihtsasti hooldatavad ja sobivad erinevatesse interj\u00f6\u00f6ridesse. Kompaktne suurus muudab paigutamise lihtsaks.<\/p>\n<p data-start=\"789\" data-end=\"870\">Toode tarnitakse <strong data-start=\"806\" data-end=\"823\">\u00fches pakendis<\/strong> ning on m\u00f5eldud <strong data-start=\"840\" data-end=\"869\">iseseisvaks kokkupanekuks<\/strong>.<\/p>\n<hr data-start=\"872\" data-end=\"875\" \/>\n<h3 data-start=\"877\" data-end=\"902\"><strong data-start=\"881\" data-end=\"902\">Tehnilised andmed<\/strong><\/h3>\n<ul data-start=\"903\" data-end=\"1062\">\n<li data-start=\"903\" data-end=\"945\">\n<p data-start=\"905\" data-end=\"945\"><strong data-start=\"905\" data-end=\"922\">Sobilik ruum:<\/strong> elutuba, magamistuba<\/p>\n<\/li>\n<li data-start=\"946\" data-end=\"1002\">\n<p data-start=\"948\" data-end=\"1002\"><strong data-start=\"948\" data-end=\"982\">M\u00f5\u00f5dud (k\u00f5rgus\/laius\/s\u00fcgavus):<\/strong> 17 \/ 90 \/ 23.5 cm<\/p>\n<\/li>\n<li data-start=\"1003\" data-end=\"1042\">\n<p data-start=\"1005\" data-end=\"1042\"><strong data-start=\"1005\" data-end=\"1020\">Materjalid:<\/strong> tammepuit, laminaat<\/p>\n<\/li>\n<li data-start=\"1043\" data-end=\"1062\">\n<p data-start=\"1045\" data-end=\"1062\"><strong data-start=\"1045\" data-end=\"1054\">Kaal:<\/strong> 11 kg<\/p>\n<\/li>\n<\/ul>\n","protected":false},"featured_media":41810,"comment_status":"closed","ping_status":"closed","template":"","meta":{"_gspb_post_css":""},"product_brand":[34],"product_cat":[165,200,4297],"product_tag":[],"class_list":{"0":"post-41818","1":"product","2":"type-product","3":"status-publish","4":"has-post-thumbnail","6":"product_brand-siudy","7":"product_cat-elutuba","8":"product_cat-riiulid","9":"product_cat-siudy","10":"pa_korgus-4275","11":"pa_laius-349","12":"pa_sugavus-705","13":"pa_vahelaos-jah","15":"first","16":"instock","17":"sale","18":"purchasable","19":"product-type-simple"},"_links":{"self":[{"href":"https:\/\/www.nordi.ee\/en\/wp-json\/wp\/v2\/product\/41818","targetHints":{"allow":["GET"]}}],"collection":[{"href":"https:\/\/www.nordi.ee\/en\/wp-json\/wp\/v2\/product"}],"about":[{"href":"https:\/\/www.nordi.ee\/en\/wp-json\/wp\/v2\/types\/product"}],"replies":[{"embeddable":true,"href":"https:\/\/www.nordi.ee\/en\/wp-json\/wp\/v2\/comments?post=41818"}],"wp:featuredmedia":[{"embeddable":true,"href":"https:\/\/www.nordi.ee\/en\/wp-json\/wp\/v2\/media\/41810"}],"wp:attachment":[{"href":"https:\/\/www.nordi.ee\/en\/wp-json\/wp\/v2\/media?parent=41818"}],"wp:term":[{"taxonomy":"product_brand","embeddable":true,"href":"https:\/\/www.nordi.ee\/en\/wp-json\/wp\/v2\/product_brand?post=41818"},{"taxonomy":"product_cat","embeddable":true,"href":"https:\/\/www.nordi.ee\/en\/wp-json\/wp\/v2\/product_cat?post=41818"},{"taxonomy":"product_tag","embeddable":true,"href":"https:\/\/www.nordi.ee\/en\/wp-json\/wp\/v2\/product_tag?post=41818"}],"curies":[{"name":"wp","href":"https:\/\/api.w.org\/{rel}","templated":true}]}}