{"id":41809,"date":"2025-11-22T14:23:31","date_gmt":"2025-11-22T12:23:31","guid":{"rendered":"https:\/\/www.nordi.ee\/?post_type=product&#038;p=41809"},"modified":"2025-11-23T21:01:28","modified_gmt":"2025-11-23T19:01:28","slug":"riiuli-komplekt-tammepuidust-90-cm","status":"publish","type":"product","link":"https:\/\/www.nordi.ee\/en\/toode\/riiuli-komplekt-tammepuidust-90-cm\/","title":{"rendered":"Riiuli komplekt tammepuidust , 90 cm"},"content":{"rendered":"","protected":false},"excerpt":{"rendered":"<h3 data-start=\"90\" data-end=\"175\"><strong data-start=\"94\" data-end=\"175\">90 cm tammepuidust riiulikomplekt \u2013 stiilne ja praktiline lisand igasse tuppa<\/strong><\/h3>\n<p data-start=\"177\" data-end=\"471\">See <strong data-start=\"181\" data-end=\"230\">kahest tammepuidust riiulist koosnev komplekt<\/strong> sobib suurep\u00e4raselt elutuppa, esikusse, magamistuppa v\u00f5i kodukontorisse, tuues ruumi korrastatust ja modernset stiili. Minimalistlik disain teeb riiulitest ajatu sisustuselemendi ning naturaalne tamme toon lisab soojust ja elegantset ilmet.<\/p>\n<p data-start=\"473\" data-end=\"757\">Riiulid on valmistatud vastupidavast <strong data-start=\"510\" data-end=\"536\">3D-s\u00fcnkroonlaminaadist<\/strong> ja <strong data-start=\"540\" data-end=\"565\">\u00f5litatud tammepuidust<\/strong>, mis tagavad pika kasutusea ja lihtsa hoolduse. Kompaktne suurus pakub piisavalt ruumi raamatutele, dekoratsioonidele ja v\u00e4iksematele esemetele, j\u00e4\u00e4des samal ajal maitsekalt minimalistlikuks.<\/p>\n<p data-start=\"759\" data-end=\"840\">Toode tarnitakse <strong data-start=\"776\" data-end=\"793\">\u00fches pakendis<\/strong> ning on m\u00f5eldud <strong data-start=\"810\" data-end=\"839\">iseseisvaks kokkupanekuks<\/strong>.<\/p>\n<hr data-start=\"842\" data-end=\"845\" \/>\n<h3 data-start=\"847\" data-end=\"872\"><strong data-start=\"851\" data-end=\"872\">Tehnilised andmed<\/strong><\/h3>\n<ul data-start=\"873\" data-end=\"1053\">\n<li data-start=\"873\" data-end=\"915\">\n<p data-start=\"875\" data-end=\"915\"><strong data-start=\"875\" data-end=\"892\">Sobilik ruum:<\/strong> elutuba, magamistuba<\/p>\n<\/li>\n<li data-start=\"916\" data-end=\"972\">\n<p data-start=\"918\" data-end=\"972\"><strong data-start=\"918\" data-end=\"952\">M\u00f5\u00f5dud (k\u00f5rgus\/laius\/s\u00fcgavus):<\/strong> 17 \/ 90 \/ 23.5 cm<\/p>\n<\/li>\n<li data-start=\"973\" data-end=\"1033\">\n<p data-start=\"975\" data-end=\"1033\"><strong data-start=\"975\" data-end=\"990\">Materjalid:<\/strong> tammepuit, tammepuitu imiteeriv laminaat<\/p>\n<\/li>\n<li data-start=\"1034\" data-end=\"1053\">\n<p data-start=\"1036\" data-end=\"1053\"><strong data-start=\"1036\" data-end=\"1045\">Kaal:<\/strong> 11 kg<\/p>\n<\/li>\n<\/ul>\n","protected":false},"featured_media":41810,"comment_status":"closed","ping_status":"closed","template":"","meta":{"_gspb_post_css":""},"product_brand":[34],"product_cat":[165,200,4297],"product_tag":[],"class_list":{"0":"post-41809","1":"product","2":"type-product","3":"status-publish","4":"has-post-thumbnail","6":"product_brand-siudy","7":"product_cat-elutuba","8":"product_cat-riiulid","9":"product_cat-siudy","10":"pa_korgus-4275","11":"pa_laius-349","12":"pa_sugavus-705","13":"pa_vahelaos-jah","15":"first","16":"instock","17":"sale","18":"purchasable","19":"product-type-simple"},"_links":{"self":[{"href":"https:\/\/www.nordi.ee\/en\/wp-json\/wp\/v2\/product\/41809","targetHints":{"allow":["GET"]}}],"collection":[{"href":"https:\/\/www.nordi.ee\/en\/wp-json\/wp\/v2\/product"}],"about":[{"href":"https:\/\/www.nordi.ee\/en\/wp-json\/wp\/v2\/types\/product"}],"replies":[{"embeddable":true,"href":"https:\/\/www.nordi.ee\/en\/wp-json\/wp\/v2\/comments?post=41809"}],"wp:featuredmedia":[{"embeddable":true,"href":"https:\/\/www.nordi.ee\/en\/wp-json\/wp\/v2\/media\/41810"}],"wp:attachment":[{"href":"https:\/\/www.nordi.ee\/en\/wp-json\/wp\/v2\/media?parent=41809"}],"wp:term":[{"taxonomy":"product_brand","embeddable":true,"href":"https:\/\/www.nordi.ee\/en\/wp-json\/wp\/v2\/product_brand?post=41809"},{"taxonomy":"product_cat","embeddable":true,"href":"https:\/\/www.nordi.ee\/en\/wp-json\/wp\/v2\/product_cat?post=41809"},{"taxonomy":"product_tag","embeddable":true,"href":"https:\/\/www.nordi.ee\/en\/wp-json\/wp\/v2\/product_tag?post=41809"}],"curies":[{"name":"wp","href":"https:\/\/api.w.org\/{rel}","templated":true}]}}