{"id":41733,"date":"2025-11-22T14:23:11","date_gmt":"2025-11-22T12:23:11","guid":{"rendered":"https:\/\/www.nordi.ee\/?post_type=product&#038;p=41733"},"modified":"2025-11-23T21:01:29","modified_gmt":"2025-11-23T19:01:29","slug":"pikendatav-puidust-diivanilaud-riiuliga","status":"publish","type":"product","link":"https:\/\/www.nordi.ee\/en\/toode\/pikendatav-puidust-diivanilaud-riiuliga\/","title":{"rendered":"Pikendatav puidust diivanilaud riiuliga"},"content":{"rendered":"","protected":false},"excerpt":{"rendered":"<h3 data-start=\"90\" data-end=\"167\"><strong data-start=\"94\" data-end=\"167\">Pikendatav puidust diivanilaud \u2013 stiilne ja funktsionaalne igasse ruumi<\/strong><\/h3>\n<p data-start=\"169\" data-end=\"469\">See <strong data-start=\"173\" data-end=\"221\">reguleeritava k\u00f5rgusega pikendatav kohvilaud<\/strong> on ideaalne valik elutuppa v\u00f5i kontorisse. Laua k\u00f5rgust saab mugavalt kohandada (48\u201364 cm), muutes selle sobivaks nii l\u00f5\u00f5gastumiseks, t\u00f6\u00f6ks kui ka s\u00f5pradega istumiseks. Lauaplaati saab <strong data-start=\"407\" data-end=\"432\">pikendada kuni +40 cm<\/strong>, pakkudes lisaruumi vajaduse korral.<\/p>\n<p data-start=\"471\" data-end=\"711\">Kvaliteetne <strong data-start=\"483\" data-end=\"496\">tammepuit<\/strong> ja tugev <strong data-start=\"506\" data-end=\"538\">metallraam t\u00f5stemehhanismiga<\/strong> tagavad stabiilsuse ja kauakestva kasutuse. Laual on ka praktiline puidust riiul, kuhu saab paigutada v\u00e4iksemaid esemeid. Jalgadel olev kaitse hoiab p\u00f5randa kriimustustest.<\/p>\n<p data-start=\"713\" data-end=\"814\">M\u00f6\u00f6bel tarnitakse <strong data-start=\"731\" data-end=\"760\">kaubaalusel, kokkupanduna<\/strong> \u2013 ei vaja kokkupanekut ega kohaletoimetamise teenust.<\/p>\n<hr data-start=\"816\" data-end=\"819\" \/>\n<h3 data-start=\"821\" data-end=\"846\"><strong data-start=\"825\" data-end=\"846\">Tehnilised andmed<\/strong><\/h3>\n<ul data-start=\"847\" data-end=\"1005\">\n<li data-start=\"847\" data-end=\"884\">\n<p data-start=\"849\" data-end=\"884\"><strong data-start=\"849\" data-end=\"866\">Sobilik ruum:<\/strong> elutuba, kontor<\/p>\n<\/li>\n<li data-start=\"885\" data-end=\"947\">\n<p data-start=\"887\" data-end=\"947\"><strong data-start=\"887\" data-end=\"921\">M\u00f5\u00f5dud (k\u00f5rgus\/laius\/s\u00fcgavus):<\/strong> 48\u201364 \/ 110\u2013150 \/ 62 cm<\/p>\n<\/li>\n<li data-start=\"948\" data-end=\"985\">\n<p data-start=\"950\" data-end=\"985\"><strong data-start=\"950\" data-end=\"965\">Materjalid:<\/strong> tammepuit, metall<\/p>\n<\/li>\n<li data-start=\"986\" data-end=\"1005\">\n<p data-start=\"988\" data-end=\"1005\"><strong data-start=\"988\" data-end=\"997\">Kaal:<\/strong> 30 kg<\/p>\n<\/li>\n<\/ul>\n","protected":false},"featured_media":41734,"comment_status":"closed","ping_status":"closed","template":"","meta":{"_gspb_post_css":""},"product_brand":[34],"product_cat":[178,165],"product_tag":[],"class_list":{"0":"post-41733","1":"product","2":"type-product","3":"status-publish","4":"has-post-thumbnail","6":"product_brand-siudy","7":"product_cat-diivanilauad","8":"product_cat-elutuba","9":"pa_korgus-1002","10":"pa_laius-1938","11":"pa_sugavus-412","12":"pa_vahelaos-ei","14":"first","15":"instock","16":"sale","17":"purchasable","18":"product-type-simple"},"_links":{"self":[{"href":"https:\/\/www.nordi.ee\/en\/wp-json\/wp\/v2\/product\/41733","targetHints":{"allow":["GET"]}}],"collection":[{"href":"https:\/\/www.nordi.ee\/en\/wp-json\/wp\/v2\/product"}],"about":[{"href":"https:\/\/www.nordi.ee\/en\/wp-json\/wp\/v2\/types\/product"}],"replies":[{"embeddable":true,"href":"https:\/\/www.nordi.ee\/en\/wp-json\/wp\/v2\/comments?post=41733"}],"wp:featuredmedia":[{"embeddable":true,"href":"https:\/\/www.nordi.ee\/en\/wp-json\/wp\/v2\/media\/41734"}],"wp:attachment":[{"href":"https:\/\/www.nordi.ee\/en\/wp-json\/wp\/v2\/media?parent=41733"}],"wp:term":[{"taxonomy":"product_brand","embeddable":true,"href":"https:\/\/www.nordi.ee\/en\/wp-json\/wp\/v2\/product_brand?post=41733"},{"taxonomy":"product_cat","embeddable":true,"href":"https:\/\/www.nordi.ee\/en\/wp-json\/wp\/v2\/product_cat?post=41733"},{"taxonomy":"product_tag","embeddable":true,"href":"https:\/\/www.nordi.ee\/en\/wp-json\/wp\/v2\/product_tag?post=41733"}],"curies":[{"name":"wp","href":"https:\/\/api.w.org\/{rel}","templated":true}]}}