{"id":41724,"date":"2025-11-22T14:23:11","date_gmt":"2025-11-22T12:23:11","guid":{"rendered":"https:\/\/www.nordi.ee\/?post_type=product&#038;p=41724"},"modified":"2025-11-23T21:01:29","modified_gmt":"2025-11-23T19:01:29","slug":"pikendatav-diivanilaud-reguleeritava-korguse-ja-klaasriiuliga","status":"publish","type":"product","link":"https:\/\/www.nordi.ee\/en\/toode\/pikendatav-diivanilaud-reguleeritava-korguse-ja-klaasriiuliga\/","title":{"rendered":"Pikendatav diivanilaud reguleeritava k\u00f5rguse ja klaasriiuliga"},"content":{"rendered":"","protected":false},"excerpt":{"rendered":"<h3 data-start=\"90\" data-end=\"174\"><strong data-start=\"94\" data-end=\"174\">Pikendatav k\u00f5rguse ja klaasriiuliga diivanilaud \u2013 stiilne ja mitmeotstarbeline<\/strong><\/h3>\n<p data-start=\"176\" data-end=\"510\">See <strong data-start=\"180\" data-end=\"228\">reguleeritava k\u00f5rgusega pikendatav kohvilaud<\/strong> sobib suurep\u00e4raselt nii elutuppa kui kontorisse. Laua k\u00f5rgust saab mugavalt muuta vahemikus <strong data-start=\"321\" data-end=\"333\">48\u201364 cm<\/strong>, muutes selle ideaalseks nii kohvipausideks, t\u00f6\u00f6ks kui ka \u00f5htuseks kaardim\u00e4nguks. Lauaplaati on v\u00f5imalik <strong data-start=\"439\" data-end=\"464\">pikendada kuni 150 cm<\/strong>, pakkudes lisapinda k\u00fclaliste v\u00f5\u00f5rustamiseks.<\/p>\n<p data-start=\"512\" data-end=\"845\">Kohvilaud on valmistatud kvaliteetsest <strong data-start=\"551\" data-end=\"567\">tammepuidust<\/strong>, mis on \u00f5litatud ja vahatatud kauni kuldse tooni saavutamiseks. Tugev <strong data-start=\"638\" data-end=\"666\">metallist t\u00f5stemehhanism<\/strong> tagab sujuva k\u00f5rguse reguleerimise, samas kui <strong data-start=\"713\" data-end=\"740\">toonitud klaasist riiul<\/strong> pakub praktilist lisahoiuruumi. Jalgade spetsiaalsed liugurid kaitsevad p\u00f5randa pinda kriimustuste eest.<\/p>\n<p data-start=\"847\" data-end=\"905\">M\u00f6\u00f6bel tarnitakse <strong data-start=\"865\" data-end=\"878\">lahtiselt<\/strong> ja vajab <strong data-start=\"888\" data-end=\"904\">kokkupanekut<\/strong>.<\/p>\n<hr data-start=\"907\" data-end=\"910\" \/>\n<h3 data-start=\"912\" data-end=\"937\"><strong data-start=\"916\" data-end=\"937\">Tehnilised andmed<\/strong><\/h3>\n<ul data-start=\"938\" data-end=\"1103\">\n<li data-start=\"938\" data-end=\"975\">\n<p data-start=\"940\" data-end=\"975\"><strong data-start=\"940\" data-end=\"957\">Sobilik ruum:<\/strong> elutuba, kontor<\/p>\n<\/li>\n<li data-start=\"976\" data-end=\"1038\">\n<p data-start=\"978\" data-end=\"1038\"><strong data-start=\"978\" data-end=\"1012\">M\u00f5\u00f5dud (k\u00f5rgus\/laius\/s\u00fcgavus):<\/strong> 48\u201364 \/ 110\u2013150 \/ 62 cm<\/p>\n<\/li>\n<li data-start=\"1039\" data-end=\"1083\">\n<p data-start=\"1041\" data-end=\"1083\"><strong data-start=\"1041\" data-end=\"1056\">Materjalid:<\/strong> tammepuit, metall, klaas<\/p>\n<\/li>\n<li data-start=\"1084\" data-end=\"1103\">\n<p data-start=\"1086\" data-end=\"1103\"><strong data-start=\"1086\" data-end=\"1095\">Kaal:<\/strong> 36 kg<\/p>\n<\/li>\n<\/ul>\n","protected":false},"featured_media":41725,"comment_status":"closed","ping_status":"closed","template":"","meta":{"_gspb_post_css":""},"product_brand":[34],"product_cat":[178,165,4297],"product_tag":[],"class_list":{"0":"post-41724","1":"product","2":"type-product","3":"status-publish","4":"has-post-thumbnail","6":"product_brand-siudy","7":"product_cat-diivanilauad","8":"product_cat-elutuba","9":"product_cat-siudy","10":"pa_korgus-1490","11":"pa_laius-1938","12":"pa_sugavus-412","13":"pa_vahelaos-ei","15":"first","16":"instock","17":"sale","18":"purchasable","19":"product-type-simple"},"_links":{"self":[{"href":"https:\/\/www.nordi.ee\/en\/wp-json\/wp\/v2\/product\/41724","targetHints":{"allow":["GET"]}}],"collection":[{"href":"https:\/\/www.nordi.ee\/en\/wp-json\/wp\/v2\/product"}],"about":[{"href":"https:\/\/www.nordi.ee\/en\/wp-json\/wp\/v2\/types\/product"}],"replies":[{"embeddable":true,"href":"https:\/\/www.nordi.ee\/en\/wp-json\/wp\/v2\/comments?post=41724"}],"wp:featuredmedia":[{"embeddable":true,"href":"https:\/\/www.nordi.ee\/en\/wp-json\/wp\/v2\/media\/41725"}],"wp:attachment":[{"href":"https:\/\/www.nordi.ee\/en\/wp-json\/wp\/v2\/media?parent=41724"}],"wp:term":[{"taxonomy":"product_brand","embeddable":true,"href":"https:\/\/www.nordi.ee\/en\/wp-json\/wp\/v2\/product_brand?post=41724"},{"taxonomy":"product_cat","embeddable":true,"href":"https:\/\/www.nordi.ee\/en\/wp-json\/wp\/v2\/product_cat?post=41724"},{"taxonomy":"product_tag","embeddable":true,"href":"https:\/\/www.nordi.ee\/en\/wp-json\/wp\/v2\/product_tag?post=41724"}],"curies":[{"name":"wp","href":"https:\/\/api.w.org\/{rel}","templated":true}]}}