{"id":41723,"date":"2025-11-22T14:23:11","date_gmt":"2025-11-22T12:23:11","guid":{"rendered":"https:\/\/www.nordi.ee\/?post_type=product&#038;p=41723"},"modified":"2025-11-23T21:01:29","modified_gmt":"2025-11-23T19:01:29","slug":"diivnailaud-arocco-musta-sormejaljekindla-pealispinnaga","status":"publish","type":"product","link":"https:\/\/www.nordi.ee\/en\/toode\/diivnailaud-arocco-musta-sormejaljekindla-pealispinnaga\/","title":{"rendered":"Diivnailaud AROCCO  musta s\u00f5rmej\u00e4ljekindla pealispinnaga"},"content":{"rendered":"","protected":false},"excerpt":{"rendered":"<h3 data-start=\"90\" data-end=\"164\"><strong data-start=\"94\" data-end=\"164\">Arrocco must diivanilaud \u2013 modernne ja silmapaistev aktsent elutuppa<\/strong><\/h3>\n<p data-start=\"166\" data-end=\"416\"><strong data-start=\"166\" data-end=\"207\">Arrocco musta pealispinnaga kohvilaud<\/strong> on ideaalne valik kaasaegsesse interj\u00f6\u00f6ri. Minimalistlik disain, tugev metallraam ja kvaliteetne viimistlus loovad stiilse ning stabiilse m\u00f6\u00f6blieseme, mis sobib nii elutuppa, magamistuppa kui ka kontorisse.<\/p>\n<p data-start=\"418\" data-end=\"677\">18 mm <strong data-start=\"424\" data-end=\"466\">laminaatplaat s\u00f5rmej\u00e4ljekindla kattega<\/strong> tagab lihtsa hoolduse ja kauni v\u00e4limuse ka tiheda kasutuse korral. Metallist lauaplaat ja spetsiaalsed alused lisavad vastupidavust ning modernset karakterit. Sobib suurep\u00e4raselt Arrocco sarja teiste toodetega.<\/p>\n<p data-start=\"679\" data-end=\"759\">M\u00f6\u00f6bel tarnitakse <strong data-start=\"697\" data-end=\"714\">\u00fches pakendis<\/strong> ja on m\u00f5eldud <strong data-start=\"729\" data-end=\"758\">iseseisvaks kokkupanekuks<\/strong>.<\/p>\n<hr data-start=\"761\" data-end=\"764\" \/>\n<h3 data-start=\"766\" data-end=\"791\"><strong data-start=\"770\" data-end=\"791\">Tehnilised andmed<\/strong><\/h3>\n<ul data-start=\"792\" data-end=\"985\">\n<li data-start=\"792\" data-end=\"829\">\n<p data-start=\"794\" data-end=\"829\"><strong data-start=\"794\" data-end=\"811\">Sobilik ruum:<\/strong> elutuba, kontor<\/p>\n<\/li>\n<li data-start=\"830\" data-end=\"884\">\n<p data-start=\"832\" data-end=\"884\"><strong data-start=\"832\" data-end=\"866\">M\u00f5\u00f5dud (k\u00f5rgus\/laius\/s\u00fcgavus):<\/strong> 55 \/ 55 \/ 68 cm<\/p>\n<\/li>\n<li data-start=\"885\" data-end=\"965\">\n<p data-start=\"887\" data-end=\"965\"><strong data-start=\"887\" data-end=\"902\">Materjalid:<\/strong> s\u00f5rmej\u00e4ljekindla struktuuriga laminaat, pulberv\u00e4rvitud teras<\/p>\n<\/li>\n<li data-start=\"966\" data-end=\"985\">\n<p data-start=\"968\" data-end=\"985\"><strong data-start=\"968\" data-end=\"977\">Kaal:<\/strong> 14 kg<\/p>\n<\/li>\n<\/ul>\n","protected":false},"featured_media":41715,"comment_status":"closed","ping_status":"closed","template":"","meta":{"_gspb_post_css":""},"product_brand":[],"product_cat":[178,165],"product_tag":[],"class_list":{"0":"post-41723","1":"product","2":"type-product","3":"status-publish","4":"has-post-thumbnail","6":"product_cat-diivanilauad","7":"product_cat-elutuba","8":"pa_korgus-4272","9":"pa_laius-537","10":"pa_sugavus-539","11":"pa_vahelaos-jah","13":"first","14":"instock","15":"sale","16":"purchasable","17":"product-type-simple"},"_links":{"self":[{"href":"https:\/\/www.nordi.ee\/en\/wp-json\/wp\/v2\/product\/41723","targetHints":{"allow":["GET"]}}],"collection":[{"href":"https:\/\/www.nordi.ee\/en\/wp-json\/wp\/v2\/product"}],"about":[{"href":"https:\/\/www.nordi.ee\/en\/wp-json\/wp\/v2\/types\/product"}],"replies":[{"embeddable":true,"href":"https:\/\/www.nordi.ee\/en\/wp-json\/wp\/v2\/comments?post=41723"}],"wp:featuredmedia":[{"embeddable":true,"href":"https:\/\/www.nordi.ee\/en\/wp-json\/wp\/v2\/media\/41715"}],"wp:attachment":[{"href":"https:\/\/www.nordi.ee\/en\/wp-json\/wp\/v2\/media?parent=41723"}],"wp:term":[{"taxonomy":"product_brand","embeddable":true,"href":"https:\/\/www.nordi.ee\/en\/wp-json\/wp\/v2\/product_brand?post=41723"},{"taxonomy":"product_cat","embeddable":true,"href":"https:\/\/www.nordi.ee\/en\/wp-json\/wp\/v2\/product_cat?post=41723"},{"taxonomy":"product_tag","embeddable":true,"href":"https:\/\/www.nordi.ee\/en\/wp-json\/wp\/v2\/product_tag?post=41723"}],"curies":[{"name":"wp","href":"https:\/\/api.w.org\/{rel}","templated":true}]}}