{"id":41722,"date":"2025-11-22T14:23:11","date_gmt":"2025-11-22T12:23:11","guid":{"rendered":"https:\/\/www.nordi.ee\/?post_type=product&#038;p=41722"},"modified":"2025-11-23T21:01:29","modified_gmt":"2025-11-23T19:01:29","slug":"diivanilaud-arrocco-musta-sormejaljekindla-kattega","status":"publish","type":"product","link":"https:\/\/www.nordi.ee\/en\/toode\/diivanilaud-arrocco-musta-sormejaljekindla-kattega\/","title":{"rendered":"Diivanilaud ARROCCO musta s\u00f5rmej\u00e4ljekindla kattega"},"content":{"rendered":"","protected":false},"excerpt":{"rendered":"<h3 data-start=\"90\" data-end=\"168\"><strong data-start=\"94\" data-end=\"168\">Arrocco must diivanilaud \u2013 modernne ja elegantne valik igasse interj\u00f6\u00f6ri<\/strong><\/h3>\n<p data-start=\"170\" data-end=\"428\"><strong data-start=\"170\" data-end=\"212\">Arrocco moodne musta kattega kohvilaud<\/strong> on stiilne t\u00e4iendus elutuppa, kontorisse v\u00f5i puhkenurka. Selle geomeetriline kuju ja \u00f5huline disain lisavad ruumile modernset karakterit, samas kui praktiline lauaplaat pakub mugavat pinda igap\u00e4evaseks kasutamiseks.<\/p>\n<p data-start=\"430\" data-end=\"708\">Laud on valmistatud vastupidavast <strong data-start=\"464\" data-end=\"490\">18 mm laminaatplaadist<\/strong>, millel on <strong data-start=\"502\" data-end=\"533\">s\u00f5rmej\u00e4ljekindel viimistlus<\/strong>, mis muudab pindade hoolduse lihtsaks. Tugev <strong data-start=\"579\" data-end=\"607\">pulberv\u00e4rvitud terasraam<\/strong> ja \u00f5hukesed metalltoed annavad lauale stabiilsuse ning j\u00e4tavad visuaalselt kerge ja kaasaegse mulje.<\/p>\n<p data-start=\"710\" data-end=\"793\">M\u00f6\u00f6bel tarnitakse <strong data-start=\"728\" data-end=\"746\">kahes pakendis<\/strong> ning on m\u00f5eldud <strong data-start=\"763\" data-end=\"792\">iseseisvaks kokkupanekuks<\/strong>.<\/p>\n<hr data-start=\"795\" data-end=\"798\" \/>\n<h3 data-start=\"800\" data-end=\"825\"><strong data-start=\"804\" data-end=\"825\">Tehnilised andmed<\/strong><\/h3>\n<ul data-start=\"826\" data-end=\"1020\">\n<li data-start=\"826\" data-end=\"863\">\n<p data-start=\"828\" data-end=\"863\"><strong data-start=\"828\" data-end=\"845\">Sobilik ruum:<\/strong> elutuba, kontor<\/p>\n<\/li>\n<li data-start=\"864\" data-end=\"919\">\n<p data-start=\"866\" data-end=\"919\"><strong data-start=\"866\" data-end=\"900\">M\u00f5\u00f5dud (k\u00f5rgus\/laius\/s\u00fcgavus):<\/strong> 59 \/ 150 \/ 65 cm<\/p>\n<\/li>\n<li data-start=\"920\" data-end=\"1000\">\n<p data-start=\"922\" data-end=\"1000\"><strong data-start=\"922\" data-end=\"937\">Materjalid:<\/strong> s\u00f5rmej\u00e4ljekindla struktuuriga laminaat, pulberv\u00e4rvitud teras<\/p>\n<\/li>\n<li data-start=\"1001\" data-end=\"1020\">\n<p data-start=\"1003\" data-end=\"1020\"><strong data-start=\"1003\" data-end=\"1012\">Kaal:<\/strong> 44 kg<\/p>\n<\/li>\n<\/ul>\n","protected":false},"featured_media":41694,"comment_status":"closed","ping_status":"closed","template":"","meta":{"_gspb_post_css":""},"product_brand":[34],"product_cat":[178,165],"product_tag":[],"class_list":{"0":"post-41722","1":"product","2":"type-product","3":"status-publish","4":"has-post-thumbnail","6":"product_brand-siudy","7":"product_cat-diivanilauad","8":"product_cat-elutuba","9":"pa_korgus-2035","10":"pa_laius-1938","11":"pa_sugavus-563","12":"pa_vahelaos-jah","14":"first","15":"instock","16":"sale","17":"purchasable","18":"product-type-simple"},"_links":{"self":[{"href":"https:\/\/www.nordi.ee\/en\/wp-json\/wp\/v2\/product\/41722","targetHints":{"allow":["GET"]}}],"collection":[{"href":"https:\/\/www.nordi.ee\/en\/wp-json\/wp\/v2\/product"}],"about":[{"href":"https:\/\/www.nordi.ee\/en\/wp-json\/wp\/v2\/types\/product"}],"replies":[{"embeddable":true,"href":"https:\/\/www.nordi.ee\/en\/wp-json\/wp\/v2\/comments?post=41722"}],"wp:featuredmedia":[{"embeddable":true,"href":"https:\/\/www.nordi.ee\/en\/wp-json\/wp\/v2\/media\/41694"}],"wp:attachment":[{"href":"https:\/\/www.nordi.ee\/en\/wp-json\/wp\/v2\/media?parent=41722"}],"wp:term":[{"taxonomy":"product_brand","embeddable":true,"href":"https:\/\/www.nordi.ee\/en\/wp-json\/wp\/v2\/product_brand?post=41722"},{"taxonomy":"product_cat","embeddable":true,"href":"https:\/\/www.nordi.ee\/en\/wp-json\/wp\/v2\/product_cat?post=41722"},{"taxonomy":"product_tag","embeddable":true,"href":"https:\/\/www.nordi.ee\/en\/wp-json\/wp\/v2\/product_tag?post=41722"}],"curies":[{"name":"wp","href":"https:\/\/api.w.org\/{rel}","templated":true}]}}