{"id":41720,"date":"2025-11-22T14:23:11","date_gmt":"2025-11-22T12:23:11","guid":{"rendered":"https:\/\/www.nordi.ee\/?post_type=product&#038;p=41720"},"modified":"2025-11-23T21:01:29","modified_gmt":"2025-11-23T19:01:29","slug":"tammepuust-kohvilaudade-komplekt-geomeetriline-10","status":"publish","type":"product","link":"https:\/\/www.nordi.ee\/en\/toode\/tammepuust-kohvilaudade-komplekt-geomeetriline-10\/","title":{"rendered":"Tammepuust kohvilaudade komplekt GEOMEETRILINE 10"},"content":{"rendered":"","protected":false},"excerpt":{"rendered":"<h3 data-start=\"90\" data-end=\"179\"><strong data-start=\"94\" data-end=\"179\">Geometric 10 kohvilaudade komplekt \u2013 modernne ja kerge lisandus igasse interj\u00f6\u00f6ri<\/strong><\/h3>\n<p data-start=\"181\" data-end=\"445\"><strong data-start=\"181\" data-end=\"233\">Geometric 10 kahest kohvilauast koosnev komplekt<\/strong> sobib suurep\u00e4raselt minimalistliku stiili austajatele. \u00d5huline konstruktsioon ja kaunid voolujoonelised kujundid annavad ruumile kaasaegse ilme, muutes lauad ideaalseks nii elutuppa, kontorisse kui ka ooteruumi.<\/p>\n<p data-start=\"447\" data-end=\"769\">Lauaplaadid on valmistatud kvaliteetsest <strong data-start=\"488\" data-end=\"514\">\u00f5litatud tammespoonist<\/strong>, mis lisab soojust ja elegantsi. Tugevad <strong data-start=\"556\" data-end=\"586\">pulberv\u00e4rvitud metalljalad<\/strong> tagavad stabiilsuse, samal ajal kui koonilised kujundid toovad esile kaasaegse disaini. Lauad on varustatud <strong data-start=\"695\" data-end=\"724\">spetsiaalsete liuguritega<\/strong>, mis kaitsevad p\u00f5randat kriimustuste eest.<\/p>\n<p data-start=\"771\" data-end=\"895\">Komplektis on kaks lauda \u2013 \u00fcks suurem ja \u00fcks v\u00e4iksem \u2013, mida saab kasutada koos v\u00f5i eraldi, olenevalt interj\u00f6\u00f6ri vajadusest.<\/p>\n<p data-start=\"897\" data-end=\"982\">Komplekt tarnitakse <strong data-start=\"917\" data-end=\"935\">kahes pakendis<\/strong> ning on m\u00f5eldud <strong data-start=\"952\" data-end=\"981\">iseseisvaks kokkupanekuks<\/strong>.<\/p>\n<hr data-start=\"984\" data-end=\"987\" \/>\n<h3 data-start=\"989\" data-end=\"1014\"><strong data-start=\"993\" data-end=\"1014\">Tehnilised andmed<\/strong><\/h3>\n<ul data-start=\"1015\" data-end=\"1208\">\n<li data-start=\"1015\" data-end=\"1052\">\n<p data-start=\"1017\" data-end=\"1052\"><strong data-start=\"1017\" data-end=\"1034\">Sobilik ruum:<\/strong> elutuba, kontor<\/p>\n<\/li>\n<li data-start=\"1053\" data-end=\"1119\">\n<p data-start=\"1055\" data-end=\"1119\"><strong data-start=\"1055\" data-end=\"1089\">M\u00f5\u00f5dud (k\u00f5rgus\/laius\/s\u00fcgavus):<\/strong> 43\/68\/137 cm ja 47\/50\/50 cm<\/p>\n<\/li>\n<li data-start=\"1120\" data-end=\"1188\">\n<p data-start=\"1122\" data-end=\"1188\"><strong data-start=\"1122\" data-end=\"1137\">Materjalid:<\/strong> \u00f5litatud tammespooniga MDF, pulberv\u00e4rvitud teras<\/p>\n<\/li>\n<li data-start=\"1189\" data-end=\"1208\">\n<p data-start=\"1191\" data-end=\"1208\"><strong data-start=\"1191\" data-end=\"1200\">Kaal:<\/strong> 18 kg<\/p>\n<\/li>\n<\/ul>\n","protected":false},"featured_media":41585,"comment_status":"closed","ping_status":"closed","template":"","meta":{"_gspb_post_css":""},"product_brand":[34],"product_cat":[178,165],"product_tag":[],"class_list":{"0":"post-41720","1":"product","2":"type-product","3":"status-publish","4":"has-post-thumbnail","6":"product_brand-siudy","7":"product_cat-diivanilauad","8":"product_cat-elutuba","9":"pa_korgus-824","10":"pa_laius-2401","11":"pa_sugavus-753","12":"pa_vahelaos-ei","14":"first","15":"instock","16":"sale","17":"purchasable","18":"product-type-simple"},"_links":{"self":[{"href":"https:\/\/www.nordi.ee\/en\/wp-json\/wp\/v2\/product\/41720","targetHints":{"allow":["GET"]}}],"collection":[{"href":"https:\/\/www.nordi.ee\/en\/wp-json\/wp\/v2\/product"}],"about":[{"href":"https:\/\/www.nordi.ee\/en\/wp-json\/wp\/v2\/types\/product"}],"replies":[{"embeddable":true,"href":"https:\/\/www.nordi.ee\/en\/wp-json\/wp\/v2\/comments?post=41720"}],"wp:featuredmedia":[{"embeddable":true,"href":"https:\/\/www.nordi.ee\/en\/wp-json\/wp\/v2\/media\/41585"}],"wp:attachment":[{"href":"https:\/\/www.nordi.ee\/en\/wp-json\/wp\/v2\/media?parent=41720"}],"wp:term":[{"taxonomy":"product_brand","embeddable":true,"href":"https:\/\/www.nordi.ee\/en\/wp-json\/wp\/v2\/product_brand?post=41720"},{"taxonomy":"product_cat","embeddable":true,"href":"https:\/\/www.nordi.ee\/en\/wp-json\/wp\/v2\/product_cat?post=41720"},{"taxonomy":"product_tag","embeddable":true,"href":"https:\/\/www.nordi.ee\/en\/wp-json\/wp\/v2\/product_tag?post=41720"}],"curies":[{"name":"wp","href":"https:\/\/api.w.org\/{rel}","templated":true}]}}