{"id":41665,"date":"2025-11-22T14:22:39","date_gmt":"2025-11-22T12:22:39","guid":{"rendered":"https:\/\/www.nordi.ee\/?post_type=product&#038;p=41665"},"modified":"2025-11-23T21:01:30","modified_gmt":"2025-11-23T19:01:30","slug":"tammepuust-diivanilaud-geometric-04","status":"publish","type":"product","link":"https:\/\/www.nordi.ee\/en\/toode\/tammepuust-diivanilaud-geometric-04\/","title":{"rendered":"Tammepuust diivanilaud GEOMETRIC 04"},"content":{"rendered":"","protected":false},"excerpt":{"rendered":"<h3 data-start=\"90\" data-end=\"166\"><strong data-start=\"94\" data-end=\"166\">Geometric 04 suur tammelaud \u2013 modernne ja pilkup\u00fc\u00fcdev ruumikeskpunkt<\/strong><\/h3>\n<p data-start=\"168\" data-end=\"451\"><strong data-start=\"168\" data-end=\"208\">Geometric 04 suur tammespooniga laud<\/strong> (103 \u00d7 103 cm) on ideaalne valik neile, kes soovivad oma elutuppa v\u00f5i kontorisse kvaliteetset ja silmapaistvat m\u00f6\u00f6blieset. Minimalistlik vorm, hoolikalt viimistletud lauaplaat ja modernne disain loovad ruumi elegantse ja kaasaegse atmosf\u00e4\u00e4ri.<\/p>\n<p data-start=\"453\" data-end=\"802\">Lauaplaat on valmistatud vastupidavast <strong data-start=\"492\" data-end=\"526\">\u00f5litatud tammespooniga MDF-ist<\/strong>, mille 30\u00b0 viimistletud serv lisab \u00f5hulisust. <strong data-start=\"573\" data-end=\"619\">Reguleeritava k\u00f5rgusega mustad metalljalad<\/strong> tagavad stabiilsuse ja mugava kasutamise. Koonilised pulberv\u00e4rvitud jalad ning <strong data-start=\"699\" data-end=\"735\">j\u00e4\u00e4tisekujulised p\u00f5randaliugurid<\/strong> kaitsevad p\u00f5randat kriimustuste eest ja hoiavad lauda stabiilsena.<\/p>\n<p data-start=\"804\" data-end=\"887\">M\u00f6\u00f6bel tarnitakse <strong data-start=\"822\" data-end=\"840\">kahes pakendis<\/strong> ning on m\u00f5eldud <strong data-start=\"857\" data-end=\"886\">iseseisvaks kokkupanekuks<\/strong>.<\/p>\n<hr data-start=\"889\" data-end=\"892\" \/>\n<h3 data-start=\"894\" data-end=\"919\"><strong data-start=\"898\" data-end=\"919\">Tehnilised andmed<\/strong><\/h3>\n<ul data-start=\"920\" data-end=\"1103\">\n<li data-start=\"920\" data-end=\"957\">\n<p data-start=\"922\" data-end=\"957\"><strong data-start=\"922\" data-end=\"939\">Sobilik ruum:<\/strong> elutuba, kontor<\/p>\n<\/li>\n<li data-start=\"958\" data-end=\"1016\">\n<p data-start=\"960\" data-end=\"1016\"><strong data-start=\"960\" data-end=\"994\">M\u00f5\u00f5dud (k\u00f5rgus\/laius\/s\u00fcgavus):<\/strong> 46.7 \/ 103 \/ 103 cm<\/p>\n<\/li>\n<li data-start=\"1017\" data-end=\"1083\">\n<p data-start=\"1019\" data-end=\"1083\"><strong data-start=\"1019\" data-end=\"1034\">Materjalid:<\/strong> \u00f5litatud tammespoon, MDF, pulberv\u00e4rvitud teras<\/p>\n<\/li>\n<li data-start=\"1084\" data-end=\"1103\">\n<p data-start=\"1086\" data-end=\"1103\"><strong data-start=\"1086\" data-end=\"1095\">Kaal:<\/strong> 25 kg<\/p>\n<\/li>\n<\/ul>\n","protected":false},"featured_media":41666,"comment_status":"closed","ping_status":"closed","template":"","meta":{"_gspb_post_css":""},"product_brand":[34],"product_cat":[178,165],"product_tag":[],"class_list":{"0":"post-41665","1":"product","2":"type-product","3":"status-publish","4":"has-post-thumbnail","6":"product_brand-siudy","7":"product_cat-diivanilauad","8":"product_cat-elutuba","9":"pa_korgus-1286","10":"pa_laius-2221","11":"pa_sugavus-4292","12":"pa_vahelaos-jah","14":"first","15":"instock","16":"sale","17":"purchasable","18":"product-type-simple"},"_links":{"self":[{"href":"https:\/\/www.nordi.ee\/en\/wp-json\/wp\/v2\/product\/41665","targetHints":{"allow":["GET"]}}],"collection":[{"href":"https:\/\/www.nordi.ee\/en\/wp-json\/wp\/v2\/product"}],"about":[{"href":"https:\/\/www.nordi.ee\/en\/wp-json\/wp\/v2\/types\/product"}],"replies":[{"embeddable":true,"href":"https:\/\/www.nordi.ee\/en\/wp-json\/wp\/v2\/comments?post=41665"}],"wp:featuredmedia":[{"embeddable":true,"href":"https:\/\/www.nordi.ee\/en\/wp-json\/wp\/v2\/media\/41666"}],"wp:attachment":[{"href":"https:\/\/www.nordi.ee\/en\/wp-json\/wp\/v2\/media?parent=41665"}],"wp:term":[{"taxonomy":"product_brand","embeddable":true,"href":"https:\/\/www.nordi.ee\/en\/wp-json\/wp\/v2\/product_brand?post=41665"},{"taxonomy":"product_cat","embeddable":true,"href":"https:\/\/www.nordi.ee\/en\/wp-json\/wp\/v2\/product_cat?post=41665"},{"taxonomy":"product_tag","embeddable":true,"href":"https:\/\/www.nordi.ee\/en\/wp-json\/wp\/v2\/product_tag?post=41665"}],"curies":[{"name":"wp","href":"https:\/\/api.w.org\/{rel}","templated":true}]}}